{"id":4008,"date":"2024-09-26T17:00:33","date_gmt":"2024-09-26T14:00:33","guid":{"rendered":"https:\/\/globalhotel.com.tr\/urun\/softsky-standard-base\/"},"modified":"2024-09-26T17:00:33","modified_gmt":"2024-09-26T14:00:33","slug":"softsky-standard-base","status":"publish","type":"product","link":"https:\/\/globalhotel.com.tr\/de\/urun\/softsky-standard-base\/","title":{"rendered":"Softsky Standard Base"},"content":{"rendered":"","protected":false},"excerpt":{"rendered":"<p><strong>Softsky Standard Base<\/strong> ist ein Produkt, das entwickelt wurde, um ein komfortables und dauerhaftes Schlaferlebnis in Hotels und Beherbergungsbetrieben zu bieten. Er ist aus hochwertigen Materialien hergestellt und zeichnet sich durch eine robuste Struktur und lange Lebensdauer aus. Sein funktionelles Design harmoniert perfekt mit dem Bett und bietet den G\u00e4sten eine komfortable Schlafumgebung. Softsky Standard Plinth f\u00fcgt mit seiner Eleganz und Funktionalit\u00e4t eine praktische L\u00f6sung f\u00fcr Hotelzimmer hinzu.   <\/p>\n<ul>\n<li class=\"av_iconlist_title iconlist_title_small \">5 Registrierungsprofile f\u00fcr den unteren Rahmen<\/li>\n<li class=\"av_iconlist_title iconlist_title_small \">8 mm starke Spanplatten f\u00fcr Deckel und Seitenabdeckung<\/li>\n<li class=\"av_iconlist_title iconlist_title_small \">Beschichtung von Maschenware<\/li>\n<li class=\"av_iconlist_title iconlist_title_small \">Elektrostatische Farbe, die Rost verhindert<\/li>\n<li class=\"av_iconlist_title iconlist_title_small \">Kunststofff\u00fc\u00dfe, 5 cm hoch f\u00fcr die Bodenreinigung<\/li>\n<li class=\"av_iconlist_title iconlist_title_small \">H\u00f6he 26cm<\/li>\n<\/ul>\n<p><strong>ABMESSUNGEN<\/strong><\/p>\n<article class=\"article-icon-entry \">\n<div class=\"iconlist_content_wrap\">\n<div class=\"iconlist_content \">\n<p><em>90\u00d7190 (BZL001)<\/em><br \/>\n<em>100\u00d7200 (BZL002)<\/em><br \/>\n<em>140\u00d7190 (BZL003)<\/em><br \/>\n<em>150\u00d7200 (BZL004)<\/em><br \/>\n<em>160\u00d7200 (BZL005)<\/em><\/p>\n<\/div>\n<\/div>\n<\/article>\n","protected":false},"featured_media":4009,"comment_status":"open","ping_status":"closed","template":"","meta":{"inline_featured_image":false},"product_brand":[],"product_cat":[140,178],"product_tag":[179],"class_list":{"0":"post-4008","1":"product","2":"type-product","3":"status-publish","4":"has-post-thumbnail","6":"product_cat-ausstattung-im-raum","7":"product_cat-hotel-typ-basen","8":"product_tag-venus-de","9":"tm-has-options","11":"first","12":"instock","13":"shipping-taxable","14":"product-type-simple"},"_links":{"self":[{"href":"https:\/\/globalhotel.com.tr\/de\/wp-json\/wp\/v2\/product\/4008","targetHints":{"allow":["GET"]}}],"collection":[{"href":"https:\/\/globalhotel.com.tr\/de\/wp-json\/wp\/v2\/product"}],"about":[{"href":"https:\/\/globalhotel.com.tr\/de\/wp-json\/wp\/v2\/types\/product"}],"replies":[{"embeddable":true,"href":"https:\/\/globalhotel.com.tr\/de\/wp-json\/wp\/v2\/comments?post=4008"}],"wp:featuredmedia":[{"embeddable":true,"href":"https:\/\/globalhotel.com.tr\/de\/wp-json\/wp\/v2\/media\/4009"}],"wp:attachment":[{"href":"https:\/\/globalhotel.com.tr\/de\/wp-json\/wp\/v2\/media?parent=4008"}],"wp:term":[{"taxonomy":"product_brand","embeddable":true,"href":"https:\/\/globalhotel.com.tr\/de\/wp-json\/wp\/v2\/product_brand?post=4008"},{"taxonomy":"product_cat","embeddable":true,"href":"https:\/\/globalhotel.com.tr\/de\/wp-json\/wp\/v2\/product_cat?post=4008"},{"taxonomy":"product_tag","embeddable":true,"href":"https:\/\/globalhotel.com.tr\/de\/wp-json\/wp\/v2\/product_tag?post=4008"}],"curies":[{"name":"wp","href":"https:\/\/api.w.org\/{rel}","templated":true}]}}