{"id":4005,"date":"2024-09-26T17:00:54","date_gmt":"2024-09-26T14:00:54","guid":{"rendered":"https:\/\/globalhotel.com.tr\/urun\/ghs013-wandmontiertes-telefon\/"},"modified":"2024-09-26T17:00:54","modified_gmt":"2024-09-26T14:00:54","slug":"ghs013-wandmontiertes-telefon","status":"publish","type":"product","link":"https:\/\/globalhotel.com.tr\/de\/urun\/ghs013-wandmontiertes-telefon\/","title":{"rendered":"GHS013 Wandmontiertes Telefon"},"content":{"rendered":"","protected":false},"excerpt":{"rendered":"<p>Das <strong>Wandtelefon GHS013<\/strong> ist ein Produkt, das eine praktische und sichere Kommunikation in Hotels und Unterk\u00fcnften erm\u00f6glicht. Dank seines kompakten und robusten Designs kann es platzsparend an der Wand montiert werden. Dieses Telefon ist leicht zug\u00e4nglich und erm\u00f6glicht den G\u00e4sten eine schnelle Kommunikation zwischen ihren Zimmern und den verschiedenen Einheiten des Hotels. Mit seinem \u00e4sthetischen Erscheinungsbild wertet es die Zimmer auf und bietet gleichzeitig ein zuverl\u00e4ssiges Kommunikationsmittel mit hoher Klangqualit\u00e4t.   <\/p>\n<ul>\n<li>Wandmontage m\u00f6glich<\/li>\n<li class=\"av_iconlist_title iconlist_title_small \">10 Kurzwahlfunktionen<\/li>\n<li class=\"av_iconlist_title iconlist_title_small \">Wahlwiederholung des letzten Anrufs<\/li>\n<li><strong>Gr\u00f6\u00dfe:<\/strong> 210 x 140 x 70 mm<\/li>\n<li><strong>Gewicht:<\/strong> 0,500 kg<\/li>\n<li><strong>St\u00fcck im Paket: <\/strong>28<\/li>\n<li><strong>Gr\u00f6\u00dfe des Pakets: <\/strong>490 x 460 x 300 mm<\/li>\n<li><strong>Volumen:<\/strong> 0.068 m<sup>3<\/sup><\/li>\n<\/ul>\n","protected":false},"featured_media":4006,"comment_status":"open","ping_status":"closed","template":"","meta":{"inline_featured_image":false},"product_brand":[],"product_cat":[140,177],"product_tag":[],"class_list":{"0":"post-4005","1":"product","2":"type-product","3":"status-publish","4":"has-post-thumbnail","6":"product_cat-ausstattung-im-raum","7":"product_cat-hotel-telefone","8":"tm-has-options","10":"first","11":"instock","12":"shipping-taxable","13":"product-type-simple"},"_links":{"self":[{"href":"https:\/\/globalhotel.com.tr\/de\/wp-json\/wp\/v2\/product\/4005","targetHints":{"allow":["GET"]}}],"collection":[{"href":"https:\/\/globalhotel.com.tr\/de\/wp-json\/wp\/v2\/product"}],"about":[{"href":"https:\/\/globalhotel.com.tr\/de\/wp-json\/wp\/v2\/types\/product"}],"replies":[{"embeddable":true,"href":"https:\/\/globalhotel.com.tr\/de\/wp-json\/wp\/v2\/comments?post=4005"}],"wp:featuredmedia":[{"embeddable":true,"href":"https:\/\/globalhotel.com.tr\/de\/wp-json\/wp\/v2\/media\/4006"}],"wp:attachment":[{"href":"https:\/\/globalhotel.com.tr\/de\/wp-json\/wp\/v2\/media?parent=4005"}],"wp:term":[{"taxonomy":"product_brand","embeddable":true,"href":"https:\/\/globalhotel.com.tr\/de\/wp-json\/wp\/v2\/product_brand?post=4005"},{"taxonomy":"product_cat","embeddable":true,"href":"https:\/\/globalhotel.com.tr\/de\/wp-json\/wp\/v2\/product_cat?post=4005"},{"taxonomy":"product_tag","embeddable":true,"href":"https:\/\/globalhotel.com.tr\/de\/wp-json\/wp\/v2\/product_tag?post=4005"}],"curies":[{"name":"wp","href":"https:\/\/api.w.org\/{rel}","templated":true}]}}