{"id":4000,"date":"2024-09-26T17:01:15","date_gmt":"2024-09-26T14:01:15","guid":{"rendered":"https:\/\/globalhotel.com.tr\/urun\/luxus-tischtelefon\/"},"modified":"2024-09-26T17:01:15","modified_gmt":"2024-09-26T14:01:15","slug":"luxus-tischtelefon","status":"publish","type":"product","link":"https:\/\/globalhotel.com.tr\/de\/urun\/luxus-tischtelefon\/","title":{"rendered":"LUXUS-TISCHTELEFON"},"content":{"rendered":"","protected":false},"excerpt":{"rendered":"<p>Das <strong>Desk Top Luxury Telephone<\/strong> ist ein Kommunikationsmittel, das eine Kombination aus Eleganz und Funktionalit\u00e4t in Hotels und Unterk\u00fcnften bietet. Sein elegantes und modernes Design verleiht den Zimmern einen Hauch von Luxus und bietet gleichzeitig eine klare Kommunikation mit hoher Klangqualit\u00e4t. Es ist aus robusten Materialien gefertigt und hat eine lange Lebensdauer. Durch seine ergonomische Handhabung und sein stilvolles Aussehen bietet es den G\u00e4sten ein komfortables Erlebnis und erh\u00f6ht die \u00c4sthetik in Hotelzimmern.   <\/p>\n<ul>\n<li class=\"av_iconlist_title iconlist_title_small \">100 Verzeichniseintr\u00e4ge<\/li>\n<li class=\"av_iconlist_title iconlist_title_small \">Bewegliches alphanumerisches Display<\/li>\n<li class=\"av_iconlist_title iconlist_title_small \">Anzeige suchen<\/li>\n<li class=\"av_iconlist_title iconlist_title_small \">8 Direktwahltasten<\/li>\n<li><strong>Gr\u00f6\u00dfe:<\/strong> 220 x 190 x 40 mm<\/li>\n<li><strong>Gewicht der Einheit: <\/strong>0,600 kg<\/li>\n<\/ul>\n","protected":false},"featured_media":4001,"comment_status":"open","ping_status":"closed","template":"","meta":{"inline_featured_image":false},"product_brand":[],"product_cat":[140,177],"product_tag":[],"class_list":{"0":"post-4000","1":"product","2":"type-product","3":"status-publish","4":"has-post-thumbnail","6":"product_cat-ausstattung-im-raum","7":"product_cat-hotel-telefone","8":"tm-has-options","10":"first","11":"instock","12":"shipping-taxable","13":"product-type-simple"},"_links":{"self":[{"href":"https:\/\/globalhotel.com.tr\/de\/wp-json\/wp\/v2\/product\/4000","targetHints":{"allow":["GET"]}}],"collection":[{"href":"https:\/\/globalhotel.com.tr\/de\/wp-json\/wp\/v2\/product"}],"about":[{"href":"https:\/\/globalhotel.com.tr\/de\/wp-json\/wp\/v2\/types\/product"}],"replies":[{"embeddable":true,"href":"https:\/\/globalhotel.com.tr\/de\/wp-json\/wp\/v2\/comments?post=4000"}],"wp:featuredmedia":[{"embeddable":true,"href":"https:\/\/globalhotel.com.tr\/de\/wp-json\/wp\/v2\/media\/4001"}],"wp:attachment":[{"href":"https:\/\/globalhotel.com.tr\/de\/wp-json\/wp\/v2\/media?parent=4000"}],"wp:term":[{"taxonomy":"product_brand","embeddable":true,"href":"https:\/\/globalhotel.com.tr\/de\/wp-json\/wp\/v2\/product_brand?post=4000"},{"taxonomy":"product_cat","embeddable":true,"href":"https:\/\/globalhotel.com.tr\/de\/wp-json\/wp\/v2\/product_cat?post=4000"},{"taxonomy":"product_tag","embeddable":true,"href":"https:\/\/globalhotel.com.tr\/de\/wp-json\/wp\/v2\/product_tag?post=4000"}],"curies":[{"name":"wp","href":"https:\/\/api.w.org\/{rel}","templated":true}]}}