{"id":3994,"date":"2024-09-26T17:00:10","date_gmt":"2024-09-26T14:00:10","guid":{"rendered":"https:\/\/globalhotel.com.tr\/urun\/becher-becher-290cc\/"},"modified":"2024-09-26T17:00:10","modified_gmt":"2024-09-26T14:00:10","slug":"becher-becher-290cc","status":"publish","type":"product","link":"https:\/\/globalhotel.com.tr\/de\/urun\/becher-becher-290cc\/","title":{"rendered":"Becher \/ Becher 290cc"},"content":{"rendered":"<p>&nbsp;<\/p>\n<div id=\"254C497F_ED5F_539E_BF08_9192F9A99B64\"><\/div>\n","protected":false},"excerpt":{"rendered":"<p><strong>Tasse \/ Becher 290cc<\/strong> ist ein ideales Produkt f\u00fcr den Hei\u00dfgetr\u00e4nkeservice in Hotels, Caf\u00e9s und Restaurants. Mit seinem Fassungsverm\u00f6gen von 290 cc k\u00f6nnen Kaffee, Tee und andere Hei\u00dfgetr\u00e4nke mit Genuss getrunken werden. Der Becher ist aus strapazierf\u00e4higem Material gefertigt und bietet eine lange Lebensdauer und einen stilvollen Gebrauch. Dank seines ergonomischen Designs liegt er gut in der Hand und verleiht Ihren Pr\u00e4sentationen durch sein modernes Aussehen einen \u00e4sthetischen Touch.   <\/p>\n<ul>\n<li>Keramisches Material<\/li>\n<li>Widerstandsf\u00e4higkeit gegen Kantenbr\u00fcche<\/li>\n<li><strong>Gr\u00f6\u00dfe: <\/strong>100 x 120 x 8 mm<\/li>\n<li><strong>Gewicht:<\/strong> 24 gr<\/li>\n<li><strong>St\u00fcck im Paket:<\/strong> 1<\/li>\n<li><strong>Gr\u00f6\u00dfe des Pakets:<\/strong> 420 x 460 x 240 mm<\/li>\n<li><strong>Lautst\u00e4rke:<\/strong> 0.022 m<sup>3<\/sup><\/li>\n<\/ul>\n","protected":false},"featured_media":3995,"comment_status":"open","ping_status":"closed","template":"","meta":{"inline_featured_image":false},"product_brand":[],"product_cat":[140,143],"product_tag":[],"class_list":{"0":"post-3994","1":"product","2":"type-product","3":"status-publish","4":"has-post-thumbnail","6":"product_cat-ausstattung-im-raum","7":"product_cat-willkommens-sets","8":"tm-has-options","10":"first","11":"instock","12":"shipping-taxable","13":"product-type-simple"},"_links":{"self":[{"href":"https:\/\/globalhotel.com.tr\/de\/wp-json\/wp\/v2\/product\/3994","targetHints":{"allow":["GET"]}}],"collection":[{"href":"https:\/\/globalhotel.com.tr\/de\/wp-json\/wp\/v2\/product"}],"about":[{"href":"https:\/\/globalhotel.com.tr\/de\/wp-json\/wp\/v2\/types\/product"}],"replies":[{"embeddable":true,"href":"https:\/\/globalhotel.com.tr\/de\/wp-json\/wp\/v2\/comments?post=3994"}],"wp:featuredmedia":[{"embeddable":true,"href":"https:\/\/globalhotel.com.tr\/de\/wp-json\/wp\/v2\/media\/3995"}],"wp:attachment":[{"href":"https:\/\/globalhotel.com.tr\/de\/wp-json\/wp\/v2\/media?parent=3994"}],"wp:term":[{"taxonomy":"product_brand","embeddable":true,"href":"https:\/\/globalhotel.com.tr\/de\/wp-json\/wp\/v2\/product_brand?post=3994"},{"taxonomy":"product_cat","embeddable":true,"href":"https:\/\/globalhotel.com.tr\/de\/wp-json\/wp\/v2\/product_cat?post=3994"},{"taxonomy":"product_tag","embeddable":true,"href":"https:\/\/globalhotel.com.tr\/de\/wp-json\/wp\/v2\/product_tag?post=3994"}],"curies":[{"name":"wp","href":"https:\/\/api.w.org\/{rel}","templated":true}]}}