{"id":3990,"date":"2024-09-26T17:00:10","date_gmt":"2024-09-26T14:00:10","guid":{"rendered":"https:\/\/globalhotel.com.tr\/urun\/ghs006-exklusives-willkommenstablett\/"},"modified":"2025-07-10T17:56:39","modified_gmt":"2025-07-10T14:56:39","slug":"ghs006-exklusives-willkommenstablett","status":"publish","type":"product","link":"https:\/\/globalhotel.com.tr\/de\/urun\/ghs006-exklusives-willkommenstablett\/","title":{"rendered":"GHS006 Exklusives Willkommenstablett"},"content":{"rendered":"<p>&nbsp;<\/p>\n<div id=\"254C497F_ED5F_539E_BF08_9192F9A99B64\"><\/div>\n","protected":false},"excerpt":{"rendered":"<p><strong>GHS006 Exklusives Willkommenstablett<\/strong> ist ein stilvolles Produkt, das eine luxuri\u00f6se und elegante Pr\u00e4sentation f\u00fcr G\u00e4ste in Hotels und Beherbergungsbetrieben bietet. Es ist aus hochwertigen Materialien gefertigt und schafft mit seinem modernen und \u00e4sthetischen Design eine stilvolle Atmosph\u00e4re in Hotelzimmern. Ideal, um Tee, Kaffee und Leckereien geordnet zu pr\u00e4sentieren. Mit seiner haltbaren, funktionalen und auff\u00e4lligen Struktur maximiert er das G\u00e4steerlebnis.<\/p>\n<ul>\n<li class=\"av_iconlist_title iconlist_title_small \">Massivholzplatte Buche<\/li>\n<li class=\"av_iconlist_title iconlist_title_small \">2 Becher + 5 Materialf\u00e4cher + 6 Kapself\u00e4cher<\/li>\n<li>rutschfester Silikonfu\u00df<\/li>\n<li><strong>Gr\u00f6\u00dfe:<\/strong> 490 x 330 x 50 mm<\/li>\n<li><strong>Gewicht:<\/strong> 2.560 kg<\/li>\n<li><strong>St\u00fcck im Paket:<\/strong> 12<\/li>\n<li><strong>Gr\u00f6\u00dfe des Pakets: <\/strong>520 x 320 x 620 mm<\/li>\n<li><strong>Volumen:<\/strong> 0.103 m<sup>3<\/sup><\/li>\n<\/ul>\n","protected":false},"featured_media":3991,"comment_status":"open","ping_status":"closed","template":"","meta":{"inline_featured_image":false},"product_brand":[],"product_cat":[140,143],"product_tag":[],"class_list":{"0":"post-3990","1":"product","2":"type-product","3":"status-publish","4":"has-post-thumbnail","6":"product_cat-ausstattung-im-raum","7":"product_cat-willkommens-sets","8":"tm-has-options","10":"first","11":"instock","12":"shipping-taxable","13":"product-type-simple"},"_links":{"self":[{"href":"https:\/\/globalhotel.com.tr\/de\/wp-json\/wp\/v2\/product\/3990","targetHints":{"allow":["GET"]}}],"collection":[{"href":"https:\/\/globalhotel.com.tr\/de\/wp-json\/wp\/v2\/product"}],"about":[{"href":"https:\/\/globalhotel.com.tr\/de\/wp-json\/wp\/v2\/types\/product"}],"replies":[{"embeddable":true,"href":"https:\/\/globalhotel.com.tr\/de\/wp-json\/wp\/v2\/comments?post=3990"}],"wp:featuredmedia":[{"embeddable":true,"href":"https:\/\/globalhotel.com.tr\/de\/wp-json\/wp\/v2\/media\/3991"}],"wp:attachment":[{"href":"https:\/\/globalhotel.com.tr\/de\/wp-json\/wp\/v2\/media?parent=3990"}],"wp:term":[{"taxonomy":"product_brand","embeddable":true,"href":"https:\/\/globalhotel.com.tr\/de\/wp-json\/wp\/v2\/product_brand?post=3990"},{"taxonomy":"product_cat","embeddable":true,"href":"https:\/\/globalhotel.com.tr\/de\/wp-json\/wp\/v2\/product_cat?post=3990"},{"taxonomy":"product_tag","embeddable":true,"href":"https:\/\/globalhotel.com.tr\/de\/wp-json\/wp\/v2\/product_tag?post=3990"}],"curies":[{"name":"wp","href":"https:\/\/api.w.org\/{rel}","templated":true}]}}