{"id":3985,"date":"2024-09-26T17:00:10","date_gmt":"2024-09-26T14:00:10","guid":{"rendered":"https:\/\/globalhotel.com.tr\/urun\/ghs003-mini-begruessungstablett\/"},"modified":"2025-09-11T17:08:12","modified_gmt":"2025-09-11T14:08:12","slug":"ghs003-mini-begruessungstablett","status":"publish","type":"product","link":"https:\/\/globalhotel.com.tr\/de\/urun\/ghs003-mini-begruessungstablett\/","title":{"rendered":"GHS003 Mini-Begr\u00fc\u00dfungstablett"},"content":{"rendered":"<p>&nbsp;<\/p>\n<div id=\"254C497F_ED5F_539E_BF08_9192F9A99B64\"><\/div>\n","protected":false},"excerpt":{"rendered":"<p>Das <strong>Mini-Willkommenstablett GHS003<\/strong> wurde f\u00fcr eine stilvolle und kompakte Pr\u00e4sentation in Hotels und Beherbergungsbetrieben entwickelt. Sein minimalistisches und ergonomisches Design hilft dabei, Tee, Kaffee und Leckereien auf \u00e4sthetische Weise zu pr\u00e4sentieren und bietet gleichzeitig eine organisierte Nutzung auch in engen R\u00e4umen. Es ist aus strapazierf\u00e4higem Material gefertigt und hat eine langlebige und n\u00fctzliche Struktur. Mini Welcome Tray bietet eine elegante und funktionelle L\u00f6sung f\u00fcr Ihre G\u00e4ste.<\/p>\n<ul>\n<li>Passivplatte Buche<\/li>\n<li>2 Tassen + Materialfach<\/li>\n<li>Rutschfester Silikonfu\u00df<\/li>\n<li><strong>Gr\u00f6\u00dfe: <\/strong>360 x 350 x 190 mm<\/li>\n<li><strong>Gewicht:<\/strong> 1kg<\/li>\n<li><strong>St\u00fcck im Paket: <\/strong>15<\/li>\n<li><strong>Gr\u00f6\u00dfe des Pakets: <\/strong>440 x 380 x 270 mm<\/li>\n<li><strong>Volumen:<\/strong> 1 m<sup>3<\/sup><\/li>\n<\/ul>\n","protected":false},"featured_media":3986,"comment_status":"open","ping_status":"closed","template":"","meta":{"inline_featured_image":false},"product_brand":[],"product_cat":[140,143],"product_tag":[],"class_list":{"0":"post-3985","1":"product","2":"type-product","3":"status-publish","4":"has-post-thumbnail","6":"product_cat-ausstattung-im-raum","7":"product_cat-willkommens-sets","8":"tm-has-options","10":"first","11":"instock","12":"shipping-taxable","13":"product-type-simple"},"_links":{"self":[{"href":"https:\/\/globalhotel.com.tr\/de\/wp-json\/wp\/v2\/product\/3985","targetHints":{"allow":["GET"]}}],"collection":[{"href":"https:\/\/globalhotel.com.tr\/de\/wp-json\/wp\/v2\/product"}],"about":[{"href":"https:\/\/globalhotel.com.tr\/de\/wp-json\/wp\/v2\/types\/product"}],"replies":[{"embeddable":true,"href":"https:\/\/globalhotel.com.tr\/de\/wp-json\/wp\/v2\/comments?post=3985"}],"wp:featuredmedia":[{"embeddable":true,"href":"https:\/\/globalhotel.com.tr\/de\/wp-json\/wp\/v2\/media\/3986"}],"wp:attachment":[{"href":"https:\/\/globalhotel.com.tr\/de\/wp-json\/wp\/v2\/media?parent=3985"}],"wp:term":[{"taxonomy":"product_brand","embeddable":true,"href":"https:\/\/globalhotel.com.tr\/de\/wp-json\/wp\/v2\/product_brand?post=3985"},{"taxonomy":"product_cat","embeddable":true,"href":"https:\/\/globalhotel.com.tr\/de\/wp-json\/wp\/v2\/product_cat?post=3985"},{"taxonomy":"product_tag","embeddable":true,"href":"https:\/\/globalhotel.com.tr\/de\/wp-json\/wp\/v2\/product_tag?post=3985"}],"curies":[{"name":"wp","href":"https:\/\/api.w.org\/{rel}","templated":true}]}}