{"id":3974,"date":"2024-09-26T17:00:10","date_gmt":"2024-09-26T14:00:10","guid":{"rendered":"https:\/\/globalhotel.com.tr\/urun\/ghs004-standard-begruessungstablett\/"},"modified":"2024-09-26T17:00:10","modified_gmt":"2024-09-26T14:00:10","slug":"ghs004-standard-begruessungstablett","status":"publish","type":"product","link":"https:\/\/globalhotel.com.tr\/de\/urun\/ghs004-standard-begruessungstablett\/","title":{"rendered":"GHS004 Standard-Begr\u00fc\u00dfungstablett"},"content":{"rendered":"<p>&nbsp;<\/p>\n<div id=\"254C497F_ED5F_539E_BF08_9192F9A99B64\"><\/div>\n","protected":false},"excerpt":{"rendered":"<p>Das<strong> Standard-Willkommenstablett GHS004<\/strong> ist die ideale Wahl f\u00fcr eine praktische und stilvolle Gastronomiepr\u00e4sentation in Hotels und Beherbergungsbetrieben. Es ist aus strapazierf\u00e4higem Material gefertigt und zeichnet sich durch Langlebigkeit und Nutzen aus. Dank seines ergonomischen Designs pr\u00e4sentiert es Tee, Kaffee und Leckereien auf organisierte und stilvolle Weise. Das Standard Welcome Tray verleiht Hotelzimmern in Bezug auf \u00c4sthetik und Funktionalit\u00e4t Eleganz und bietet Ihren G\u00e4sten ein komfortables Erlebnis.   <\/p>\n<ul>\n<li>Passivplatte Buche<\/li>\n<li>2 Becher + 2 Materialf\u00e4cher<\/li>\n<li>Rutschfester Silikonfu\u00df<\/li>\n<li><strong>Gr\u00f6\u00dfe:<\/strong> 430 x 240 x 30 mm<\/li>\n<li><strong>Gewicht:<\/strong> 2 kg<\/li>\n<li><strong>St\u00fcck im Paket:<\/strong>10<\/li>\n<li><strong>Gr\u00f6\u00dfe des Pakets: <\/strong>440 x 380 x 270 mm<\/li>\n<li><strong>Volumen:<\/strong> 0,045 m<sup>3<\/sup><\/li>\n<\/ul>\n","protected":false},"featured_media":3975,"comment_status":"open","ping_status":"closed","template":"","meta":{"inline_featured_image":false},"product_brand":[],"product_cat":[140,143],"product_tag":[],"class_list":{"0":"post-3974","1":"product","2":"type-product","3":"status-publish","4":"has-post-thumbnail","6":"product_cat-ausstattung-im-raum","7":"product_cat-willkommens-sets","8":"tm-has-options","10":"first","11":"instock","12":"shipping-taxable","13":"product-type-simple"},"_links":{"self":[{"href":"https:\/\/globalhotel.com.tr\/de\/wp-json\/wp\/v2\/product\/3974","targetHints":{"allow":["GET"]}}],"collection":[{"href":"https:\/\/globalhotel.com.tr\/de\/wp-json\/wp\/v2\/product"}],"about":[{"href":"https:\/\/globalhotel.com.tr\/de\/wp-json\/wp\/v2\/types\/product"}],"replies":[{"embeddable":true,"href":"https:\/\/globalhotel.com.tr\/de\/wp-json\/wp\/v2\/comments?post=3974"}],"wp:featuredmedia":[{"embeddable":true,"href":"https:\/\/globalhotel.com.tr\/de\/wp-json\/wp\/v2\/media\/3975"}],"wp:attachment":[{"href":"https:\/\/globalhotel.com.tr\/de\/wp-json\/wp\/v2\/media?parent=3974"}],"wp:term":[{"taxonomy":"product_brand","embeddable":true,"href":"https:\/\/globalhotel.com.tr\/de\/wp-json\/wp\/v2\/product_brand?post=3974"},{"taxonomy":"product_cat","embeddable":true,"href":"https:\/\/globalhotel.com.tr\/de\/wp-json\/wp\/v2\/product_cat?post=3974"},{"taxonomy":"product_tag","embeddable":true,"href":"https:\/\/globalhotel.com.tr\/de\/wp-json\/wp\/v2\/product_tag?post=3974"}],"curies":[{"name":"wp","href":"https:\/\/api.w.org\/{rel}","templated":true}]}}