{"id":3969,"date":"2024-09-26T17:00:10","date_gmt":"2024-09-26T14:00:10","guid":{"rendered":"https:\/\/globalhotel.com.tr\/urun\/ghs008-fantom-kapsel-kaffeemaschine\/"},"modified":"2024-09-26T17:00:10","modified_gmt":"2024-09-26T14:00:10","slug":"ghs008-fantom-kapsel-kaffeemaschine","status":"publish","type":"product","link":"https:\/\/globalhotel.com.tr\/de\/urun\/ghs008-fantom-kapsel-kaffeemaschine\/","title":{"rendered":"GHS008 Fantom-Kapsel-Kaffeemaschine"},"content":{"rendered":"<p>&nbsp;<\/p>\n<div id=\"254C497F_ED5F_539E_BF08_9192F9A99B64\"><\/div>\n","protected":false},"excerpt":{"rendered":"<div class=\"flex-shrink-0 flex flex-col relative items-end\">\n<div>\n<div class=\"pt-0\">\n<div class=\"gizmo-bot-avatar flex h-8 w-8 items-center justify-center overflow-hidden rounded-full\">\n<div class=\"relative p-1 rounded-sm flex items-center justify-center bg-token-main-surface-primary text-token-text-primary h-8 w-8\"><\/div>\n<\/div>\n<\/div>\n<\/div>\n<\/div>\n<div class=\"group\/conversation-turn relative flex w-full min-w-0 flex-col agent-turn\">\n<div class=\"flex-col gap-1 md:gap-3\">\n<div class=\"flex max-w-full flex-col flex-grow\">\n<div class=\"min-h-8 text-message flex w-full flex-col items-end gap-2 whitespace-normal break-words text-start [.text-message+&amp;]:mt-5\" dir=\"auto\" data-message-author-role=\"assistant\" data-message-id=\"0b39ce02-bdfe-4164-bdf2-9c2cfb2bddee\" data-message-model-slug=\"gpt-4o\">\n<div class=\"flex w-full flex-col gap-1 empty:hidden first:pt-[3px]\">\n<div class=\"markdown prose w-full break-words dark:prose-invert light\">\n<p>Die<strong> Fantom-Kapselkaffeemaschine GHS008 <\/strong>bietet eine schnelle und praktische Kaffeezubereitung in Hotels und Beherbergungsbetrieben. Dank des Kapselkaffeesystems k\u00f6nnen Ihre G\u00e4ste m\u00fchelos hochwertigen und k\u00f6stlichen Kaffee zubereiten. Das stilvolle und kompakte Design eignet sich f\u00fcr den Einsatz in Hotelzimmern, Lobbys und Aufenthaltsbereichen. Die Hochdruckbr\u00fchtechnologie bringt die Aromen des Kaffees optimal zur Geltung, w\u00e4hrend das energiesparende Betriebssystem f\u00fcr eine effiziente Nutzung sorgt.   <\/p>\n<table>\n<tbody>\n<tr>\n<td>\n<div class=\"title\">FUNKTION<\/div>\n<\/td>\n<td>Expresso-Maschine<\/td>\n<\/tr>\n<tr>\n<td>\n<div class=\"title\">Macht<\/div>\n<\/td>\n<td>1450 Watt<\/td>\n<\/tr>\n<tr>\n<td>\n<div class=\"title\">PUMPENDRUCK<\/div>\n<\/td>\n<td>19 Bar Pumpendruck<\/td>\n<\/tr>\n<tr>\n<td>\n<div class=\"title\">FASSUNGSVERM\u00d6GEN DES TRICHTERS<\/div>\n<\/td>\n<td>0,6 Liter<\/td>\n<\/tr>\n<tr>\n<td>\n<div class=\"title\">WASSERBECKEN<\/div>\n<\/td>\n<td>Abnehmbares Wasserreservoir<\/td>\n<\/tr>\n<tr>\n<td>\n<div class=\"title\">STAND BY MOD<\/div>\n<\/td>\n<td>Es gibt<\/td>\n<\/tr>\n<tr>\n<td>\n<div class=\"title\">KLEINE UND GROSSE GLASAUSWAHL<\/div>\n<\/td>\n<td>Es gibt<\/td>\n<\/tr>\n<tr>\n<td>\n<div class=\"title\">MANUELLER UND AUTOMATISCHER STOPP<\/div>\n<\/td>\n<td>Es gibt<\/td>\n<\/tr>\n<tr>\n<td>\n<div class=\"title\">NESPRESSO UND DOLCE GUSTO KAPSEL<\/div>\n<\/td>\n<td>Verf\u00fcgbar(Geeignet f\u00fcr den Einsatz)<\/td>\n<\/tr>\n<tr>\n<td>\n<div class=\"title\">BODENKOFFEE<\/div>\n<\/td>\n<td>Verf\u00fcgbar(Geeignet f\u00fcr den Einsatz)<\/td>\n<\/tr>\n<tr>\n<td>\n<div class=\"title\">ENERGIESPARFUNKTION<\/div>\n<\/td>\n<td>Es gibt<\/td>\n<\/tr>\n<\/tbody>\n<\/table>\n<\/div>\n<\/div>\n<\/div>\n<\/div>\n<\/div>\n<\/div>\n","protected":false},"featured_media":3970,"comment_status":"open","ping_status":"closed","template":"","meta":{"inline_featured_image":false},"product_brand":[],"product_cat":[140,143],"product_tag":[],"class_list":{"0":"post-3969","1":"product","2":"type-product","3":"status-publish","4":"has-post-thumbnail","6":"product_cat-ausstattung-im-raum","7":"product_cat-willkommens-sets","8":"tm-has-options","10":"first","11":"instock","12":"shipping-taxable","13":"product-type-simple"},"_links":{"self":[{"href":"https:\/\/globalhotel.com.tr\/de\/wp-json\/wp\/v2\/product\/3969","targetHints":{"allow":["GET"]}}],"collection":[{"href":"https:\/\/globalhotel.com.tr\/de\/wp-json\/wp\/v2\/product"}],"about":[{"href":"https:\/\/globalhotel.com.tr\/de\/wp-json\/wp\/v2\/types\/product"}],"replies":[{"embeddable":true,"href":"https:\/\/globalhotel.com.tr\/de\/wp-json\/wp\/v2\/comments?post=3969"}],"wp:featuredmedia":[{"embeddable":true,"href":"https:\/\/globalhotel.com.tr\/de\/wp-json\/wp\/v2\/media\/3970"}],"wp:attachment":[{"href":"https:\/\/globalhotel.com.tr\/de\/wp-json\/wp\/v2\/media?parent=3969"}],"wp:term":[{"taxonomy":"product_brand","embeddable":true,"href":"https:\/\/globalhotel.com.tr\/de\/wp-json\/wp\/v2\/product_brand?post=3969"},{"taxonomy":"product_cat","embeddable":true,"href":"https:\/\/globalhotel.com.tr\/de\/wp-json\/wp\/v2\/product_cat?post=3969"},{"taxonomy":"product_tag","embeddable":true,"href":"https:\/\/globalhotel.com.tr\/de\/wp-json\/wp\/v2\/product_tag?post=3969"}],"curies":[{"name":"wp","href":"https:\/\/api.w.org\/{rel}","templated":true}]}}