{"id":3955,"date":"2024-09-26T17:00:10","date_gmt":"2024-09-26T14:00:10","guid":{"rendered":"https:\/\/globalhotel.com.tr\/urun\/ghs002-abs-standard-kunststofftablett\/"},"modified":"2025-09-18T16:50:12","modified_gmt":"2025-09-18T13:50:12","slug":"ghs002-abs-standard-kunststofftablett","status":"publish","type":"product","link":"https:\/\/globalhotel.com.tr\/de\/urun\/ghs002-abs-standard-kunststofftablett\/","title":{"rendered":"GHS002 ABS Standard-Kunststofftablett"},"content":{"rendered":"<p>&nbsp;<\/p>\n<div id=\"254C497F_ED5F_539E_BF08_9192F9A99B64\"><\/div>\n","protected":false},"excerpt":{"rendered":"<p>Das<strong> GHS002 ABS-Standard-Kunststofftablett<\/strong> bietet eine stilvolle und geordnete Pr\u00e4sentation f\u00fcr G\u00e4ste in Hotels und Beherbergungsbetrieben. Es besteht aus langlebigem ABS-Material und ist wasser- und sto\u00dffest. Dank seines kompakten und ergonomischen Designs sorgt es f\u00fcr eine geordnete Pr\u00e4sentation von Tee, Kaffee und Leckereien. Mit seiner \u00e4sthetischen und funktionalen Struktur maximiert er das G\u00e4steerlebnis in Hotelzimmern.   <\/p>\n<ul>\n<li class=\"av_iconlist_title iconlist_title_small \">ABS-K\u00f6rper<\/li>\n<li class=\"av_iconlist_title iconlist_title_small \">2 Becher + 3 Materialf\u00e4cher<\/li>\n<li><strong>Gr\u00f6\u00dfe:<\/strong> 384 x 332 x 42 mm<\/li>\n<li><strong>Gewicht:<\/strong> 0,930 kg<\/li>\n<li><strong>St\u00fcck im Paket:<\/strong> 12<\/li>\n<li><strong>Gr\u00f6\u00dfe des Pakets:<\/strong> 570 x 350 x 400 mm<\/li>\n<li><strong>Volumen: <\/strong>0,08 m<sup>3<\/sup><\/li>\n<\/ul>\n","protected":false},"featured_media":3956,"comment_status":"open","ping_status":"closed","template":"","meta":{"inline_featured_image":false},"product_brand":[],"product_cat":[140,143],"product_tag":[],"class_list":{"0":"post-3955","1":"product","2":"type-product","3":"status-publish","4":"has-post-thumbnail","6":"product_cat-ausstattung-im-raum","7":"product_cat-willkommens-sets","8":"tm-has-options","10":"first","11":"instock","12":"shipping-taxable","13":"product-type-simple"},"_links":{"self":[{"href":"https:\/\/globalhotel.com.tr\/de\/wp-json\/wp\/v2\/product\/3955","targetHints":{"allow":["GET"]}}],"collection":[{"href":"https:\/\/globalhotel.com.tr\/de\/wp-json\/wp\/v2\/product"}],"about":[{"href":"https:\/\/globalhotel.com.tr\/de\/wp-json\/wp\/v2\/types\/product"}],"replies":[{"embeddable":true,"href":"https:\/\/globalhotel.com.tr\/de\/wp-json\/wp\/v2\/comments?post=3955"}],"wp:featuredmedia":[{"embeddable":true,"href":"https:\/\/globalhotel.com.tr\/de\/wp-json\/wp\/v2\/media\/3956"}],"wp:attachment":[{"href":"https:\/\/globalhotel.com.tr\/de\/wp-json\/wp\/v2\/media?parent=3955"}],"wp:term":[{"taxonomy":"product_brand","embeddable":true,"href":"https:\/\/globalhotel.com.tr\/de\/wp-json\/wp\/v2\/product_brand?post=3955"},{"taxonomy":"product_cat","embeddable":true,"href":"https:\/\/globalhotel.com.tr\/de\/wp-json\/wp\/v2\/product_cat?post=3955"},{"taxonomy":"product_tag","embeddable":true,"href":"https:\/\/globalhotel.com.tr\/de\/wp-json\/wp\/v2\/product_tag?post=3955"}],"curies":[{"name":"wp","href":"https:\/\/api.w.org\/{rel}","templated":true}]}}