{"id":3952,"date":"2024-09-26T17:00:10","date_gmt":"2024-09-26T14:00:10","guid":{"rendered":"https:\/\/globalhotel.com.tr\/urun\/ghs001-abs-kunststofftablett\/"},"modified":"2024-09-26T17:00:10","modified_gmt":"2024-09-26T14:00:10","slug":"ghs001-abs-kunststofftablett","status":"publish","type":"product","link":"https:\/\/globalhotel.com.tr\/de\/urun\/ghs001-abs-kunststofftablett\/","title":{"rendered":"GHS001 ABS-Kunststofftablett"},"content":{"rendered":"<p>&nbsp;<\/p>\n<div id=\"254C497F_ED5F_539E_BF08_9192F9A99B64\"><\/div>\n","protected":false},"excerpt":{"rendered":"<p>Das <strong>ABS-Kunststofftablett GHS001 <\/strong>ist ein langlebiges und stilvolles Produkt, das f\u00fcr die geordnete Pr\u00e4sentation von Catering und Dienstleistungen in Hotels und Beherbergungsbetrieben entwickelt wurde. Es besteht aus hochwertigem ABS-Material und ist resistent gegen St\u00f6\u00dfe und Kratzer. Dank seines geringen Gewichts und seines ergonomischen Designs ist es leicht zu handhaben und verleiht Ihren R\u00e4umen durch sein modernes Aussehen einen \u00e4sthetischen Touch. Mit seiner praktischen, robusten und langlebigen Struktur ist er die ideale Wahl f\u00fcr den professionellen Einsatz.   <\/p>\n<ul>\n<li class=\"av_iconlist_title iconlist_title_small \">ABS-K\u00d6RPER<\/li>\n<li class=\"av_iconlist_title iconlist_title_small \">2 BECHER + 3 MATERIALF\u00c4CHER<\/li>\n<li><strong>Gr\u00f6\u00dfe:<\/strong> 333 x 384 x 42 mm<\/li>\n<li><strong>Gewicht:<\/strong> 0,930 kg<\/li>\n<li><strong>St\u00fcck im Paket:<\/strong> 12<\/li>\n<li><strong>Gr\u00f6\u00dfe des Pakets:<\/strong> 570 x 350 x 400 mm<\/li>\n<li><strong>Volumen: <\/strong>0,08 m<sup>3<\/sup><\/li>\n<\/ul>\n","protected":false},"featured_media":3953,"comment_status":"open","ping_status":"closed","template":"","meta":{"inline_featured_image":false},"product_brand":[],"product_cat":[140,143],"product_tag":[],"class_list":{"0":"post-3952","1":"product","2":"type-product","3":"status-publish","4":"has-post-thumbnail","6":"product_cat-ausstattung-im-raum","7":"product_cat-willkommens-sets","8":"tm-has-options","10":"first","11":"instock","12":"shipping-taxable","13":"product-type-simple"},"_links":{"self":[{"href":"https:\/\/globalhotel.com.tr\/de\/wp-json\/wp\/v2\/product\/3952","targetHints":{"allow":["GET"]}}],"collection":[{"href":"https:\/\/globalhotel.com.tr\/de\/wp-json\/wp\/v2\/product"}],"about":[{"href":"https:\/\/globalhotel.com.tr\/de\/wp-json\/wp\/v2\/types\/product"}],"replies":[{"embeddable":true,"href":"https:\/\/globalhotel.com.tr\/de\/wp-json\/wp\/v2\/comments?post=3952"}],"wp:featuredmedia":[{"embeddable":true,"href":"https:\/\/globalhotel.com.tr\/de\/wp-json\/wp\/v2\/media\/3953"}],"wp:attachment":[{"href":"https:\/\/globalhotel.com.tr\/de\/wp-json\/wp\/v2\/media?parent=3952"}],"wp:term":[{"taxonomy":"product_brand","embeddable":true,"href":"https:\/\/globalhotel.com.tr\/de\/wp-json\/wp\/v2\/product_brand?post=3952"},{"taxonomy":"product_cat","embeddable":true,"href":"https:\/\/globalhotel.com.tr\/de\/wp-json\/wp\/v2\/product_cat?post=3952"},{"taxonomy":"product_tag","embeddable":true,"href":"https:\/\/globalhotel.com.tr\/de\/wp-json\/wp\/v2\/product_tag?post=3952"}],"curies":[{"name":"wp","href":"https:\/\/api.w.org\/{rel}","templated":true}]}}