{"id":3944,"date":"2024-09-26T17:00:54","date_gmt":"2024-09-26T14:00:54","guid":{"rendered":"https:\/\/globalhotel.com.tr\/urun\/brc-008-software-fuer-das-tuerschliesssystem\/"},"modified":"2024-09-26T17:00:54","modified_gmt":"2024-09-26T14:00:54","slug":"brc-008-software-fuer-das-tuerschliesssystem","status":"publish","type":"product","link":"https:\/\/globalhotel.com.tr\/de\/urun\/brc-008-software-fuer-das-tuerschliesssystem\/","title":{"rendered":"BRC-008 Software f\u00fcr das T\u00fcrschlie\u00dfsystem"},"content":{"rendered":"","protected":false},"excerpt":{"rendered":"<p><strong>BRC-008 Door Lock System Software<\/strong> ist eine intelligente L\u00f6sung, die entwickelt wurde, um ein sicheres und effizientes Eingangs- und Ausgangsmanagement in Hotels und Beherbergungsbetrieben zu erm\u00f6glichen. Sie kontrolliert den Zugang von G\u00e4sten und Personal, indem sie mit Karten- oder Passwort-T\u00fcrschlosssystemen integriert arbeitet. Dank der benutzerfreundlichen Oberfl\u00e4che lassen sich die Zugangsberechtigungen zu den Zimmern einfach definieren und verwalten. Es bietet Hotelbetrieben operativen Komfort durch eine sichere, schnelle und praktische Anwendung.   <\/p>\n<ul>\n<li>SQL-Server-basierte Software, zwei verschiedene Komponenten-Programmstruktur f\u00fcr Betrieb und Sicherheit der Datens\u00e4tze<\/li>\n<li>Anmeldung, Autorisierung und Filterung mit verschiedenen Passwortebenen f\u00fcr unterschiedliche Benutzer<\/li>\n<li>Definition von mehreren Karten f\u00fcr einen Raum und einer Karte f\u00fcr mehrere R\u00e4ume<\/li>\n<li>Aufzeichnen und Sichern aller im Programm durchgef\u00fchrten Vorg\u00e4nge<\/li>\n<\/ul>\n","protected":false},"featured_media":3945,"comment_status":"open","ping_status":"closed","template":"","meta":{"inline_featured_image":false},"product_brand":[],"product_cat":[140,175],"product_tag":[],"class_list":{"0":"post-3944","1":"product","2":"type-product","3":"status-publish","4":"has-post-thumbnail","6":"product_cat-ausstattung-im-raum","7":"product_cat-turschloss-systeme","8":"tm-has-options","10":"first","11":"instock","12":"shipping-taxable","13":"product-type-simple"},"_links":{"self":[{"href":"https:\/\/globalhotel.com.tr\/de\/wp-json\/wp\/v2\/product\/3944","targetHints":{"allow":["GET"]}}],"collection":[{"href":"https:\/\/globalhotel.com.tr\/de\/wp-json\/wp\/v2\/product"}],"about":[{"href":"https:\/\/globalhotel.com.tr\/de\/wp-json\/wp\/v2\/types\/product"}],"replies":[{"embeddable":true,"href":"https:\/\/globalhotel.com.tr\/de\/wp-json\/wp\/v2\/comments?post=3944"}],"wp:featuredmedia":[{"embeddable":true,"href":"https:\/\/globalhotel.com.tr\/de\/wp-json\/wp\/v2\/media\/3945"}],"wp:attachment":[{"href":"https:\/\/globalhotel.com.tr\/de\/wp-json\/wp\/v2\/media?parent=3944"}],"wp:term":[{"taxonomy":"product_brand","embeddable":true,"href":"https:\/\/globalhotel.com.tr\/de\/wp-json\/wp\/v2\/product_brand?post=3944"},{"taxonomy":"product_cat","embeddable":true,"href":"https:\/\/globalhotel.com.tr\/de\/wp-json\/wp\/v2\/product_cat?post=3944"},{"taxonomy":"product_tag","embeddable":true,"href":"https:\/\/globalhotel.com.tr\/de\/wp-json\/wp\/v2\/product_tag?post=3944"}],"curies":[{"name":"wp","href":"https:\/\/api.w.org\/{rel}","templated":true}]}}