{"id":3942,"date":"2024-09-26T17:00:54","date_gmt":"2024-09-26T14:00:54","guid":{"rendered":"https:\/\/globalhotel.com.tr\/urun\/brc-004-spiegelkarten-tuerschloss-system-ecoline\/"},"modified":"2024-09-26T17:00:54","modified_gmt":"2024-09-26T14:00:54","slug":"brc-004-spiegelkarten-tuerschloss-system-ecoline","status":"publish","type":"product","link":"https:\/\/globalhotel.com.tr\/de\/urun\/brc-004-spiegelkarten-tuerschloss-system-ecoline\/","title":{"rendered":"BRC-004 Spiegelkarten-T\u00fcrschloss-System &#8211; Ecoline"},"content":{"rendered":"","protected":false},"excerpt":{"rendered":"<p><strong>BRC-004 Mirrored Card Door Lock System &#8211; Ecoline<\/strong> ist eine moderne L\u00f6sung, die die Sicherheit in Hotels und Beherbergungsbetrieben erh\u00f6ht. Das stilvolle verspiegelte Design bietet ein \u00e4sthetisches Erscheinungsbild und gew\u00e4hrleistet die Sicherheit der G\u00e4ste dank des Kartenzugriffssystems. Das System ist einfach zu bedienen, schnell zug\u00e4nglich und besteht aus robusten und langlebigen Materialien. Die Ecoline-Serie maximiert die Sicherheit in Hotelzimmern und bietet mit ihrer benutzerfreundlichen Struktur einen praktischen Nutzen.   <\/p>\n<ul>\n<li>RFID 13,56 Mhz. kontaktloses Kartenschloss-System <\/li>\n<li>Normalerweise unabh\u00e4ngiges Hebelbet\u00e4tigungssystem f\u00fcr eine lange Lebensdauer des Schlosses<\/li>\n<li>800 Speicher \u00f6ffnen<\/li>\n<li><strong>Gr\u00f6\u00dfe:<\/strong> 75 x 240 x 70 mm<\/li>\n<\/ul>\n","protected":false},"featured_media":3943,"comment_status":"open","ping_status":"closed","template":"","meta":{"inline_featured_image":false},"product_brand":[],"product_cat":[140,175],"product_tag":[],"class_list":{"0":"post-3942","1":"product","2":"type-product","3":"status-publish","4":"has-post-thumbnail","6":"product_cat-ausstattung-im-raum","7":"product_cat-turschloss-systeme","8":"tm-has-options","10":"first","11":"instock","12":"shipping-taxable","13":"product-type-simple"},"_links":{"self":[{"href":"https:\/\/globalhotel.com.tr\/de\/wp-json\/wp\/v2\/product\/3942","targetHints":{"allow":["GET"]}}],"collection":[{"href":"https:\/\/globalhotel.com.tr\/de\/wp-json\/wp\/v2\/product"}],"about":[{"href":"https:\/\/globalhotel.com.tr\/de\/wp-json\/wp\/v2\/types\/product"}],"replies":[{"embeddable":true,"href":"https:\/\/globalhotel.com.tr\/de\/wp-json\/wp\/v2\/comments?post=3942"}],"wp:featuredmedia":[{"embeddable":true,"href":"https:\/\/globalhotel.com.tr\/de\/wp-json\/wp\/v2\/media\/3943"}],"wp:attachment":[{"href":"https:\/\/globalhotel.com.tr\/de\/wp-json\/wp\/v2\/media?parent=3942"}],"wp:term":[{"taxonomy":"product_brand","embeddable":true,"href":"https:\/\/globalhotel.com.tr\/de\/wp-json\/wp\/v2\/product_brand?post=3942"},{"taxonomy":"product_cat","embeddable":true,"href":"https:\/\/globalhotel.com.tr\/de\/wp-json\/wp\/v2\/product_cat?post=3942"},{"taxonomy":"product_tag","embeddable":true,"href":"https:\/\/globalhotel.com.tr\/de\/wp-json\/wp\/v2\/product_tag?post=3942"}],"curies":[{"name":"wp","href":"https:\/\/api.w.org\/{rel}","templated":true}]}}