{"id":3940,"date":"2024-09-26T17:00:54","date_gmt":"2024-09-26T14:00:54","guid":{"rendered":"https:\/\/globalhotel.com.tr\/urun\/brc-003-spiegelkarten-tuerschliesssystem-studio-2\/"},"modified":"2024-09-26T17:00:54","modified_gmt":"2024-09-26T14:00:54","slug":"brc-003-spiegelkarten-tuerschliesssystem-studio-2","status":"publish","type":"product","link":"https:\/\/globalhotel.com.tr\/de\/urun\/brc-003-spiegelkarten-tuerschliesssystem-studio-2\/","title":{"rendered":"BRC-003 Spiegelkarten-T\u00fcrschlie\u00dfsystem &#8211; Studio 2"},"content":{"rendered":"","protected":false},"excerpt":{"rendered":"<p><strong>BRC-003 Mirrored Card Door Lock System &#8211; Studio 2<\/strong> bietet eine moderne und sichere Zugangsl\u00f6sung f\u00fcr Hotels und Beherbergungsbetriebe. Die stilvolle verspiegelte Oberfl\u00e4che sorgt f\u00fcr ein \u00e4sthetisches Erscheinungsbild, w\u00e4hrend das Kartenzugangssystem den G\u00e4sten eine schnelle und sichere Nutzung erm\u00f6glicht. Durch die Verwendung von langlebigen Materialien bietet dieses System eine lang anhaltende und zuverl\u00e4ssige Leistung. Studio 2 kombiniert Komfort und Sicherheit in Hotelzimmern mit innovativem Design und fortschrittlichen Sicherheitsfunktionen.   <\/p>\n<ul>\n<li>RFID 13,56 Mhz. kontaktloses Kartenschloss-System <\/li>\n<li>304 Edelstahl gespiegelt<\/li>\n<li>Warnung bei niedrigem Batteriestand<\/li>\n<li>800 Speicher \u00f6ffnen<\/li>\n<li><strong>Gr\u00f6\u00dfe: <\/strong>40 x 280 x 12 mm<\/li>\n<\/ul>\n<p>&nbsp;<\/p>\n","protected":false},"featured_media":3941,"comment_status":"open","ping_status":"closed","template":"","meta":{"inline_featured_image":false},"product_brand":[],"product_cat":[140,175],"product_tag":[],"class_list":{"0":"post-3940","1":"product","2":"type-product","3":"status-publish","4":"has-post-thumbnail","6":"product_cat-ausstattung-im-raum","7":"product_cat-turschloss-systeme","8":"tm-has-options","10":"first","11":"instock","12":"shipping-taxable","13":"product-type-simple"},"_links":{"self":[{"href":"https:\/\/globalhotel.com.tr\/de\/wp-json\/wp\/v2\/product\/3940","targetHints":{"allow":["GET"]}}],"collection":[{"href":"https:\/\/globalhotel.com.tr\/de\/wp-json\/wp\/v2\/product"}],"about":[{"href":"https:\/\/globalhotel.com.tr\/de\/wp-json\/wp\/v2\/types\/product"}],"replies":[{"embeddable":true,"href":"https:\/\/globalhotel.com.tr\/de\/wp-json\/wp\/v2\/comments?post=3940"}],"wp:featuredmedia":[{"embeddable":true,"href":"https:\/\/globalhotel.com.tr\/de\/wp-json\/wp\/v2\/media\/3941"}],"wp:attachment":[{"href":"https:\/\/globalhotel.com.tr\/de\/wp-json\/wp\/v2\/media?parent=3940"}],"wp:term":[{"taxonomy":"product_brand","embeddable":true,"href":"https:\/\/globalhotel.com.tr\/de\/wp-json\/wp\/v2\/product_brand?post=3940"},{"taxonomy":"product_cat","embeddable":true,"href":"https:\/\/globalhotel.com.tr\/de\/wp-json\/wp\/v2\/product_cat?post=3940"},{"taxonomy":"product_tag","embeddable":true,"href":"https:\/\/globalhotel.com.tr\/de\/wp-json\/wp\/v2\/product_tag?post=3940"}],"curies":[{"name":"wp","href":"https:\/\/api.w.org\/{rel}","templated":true}]}}