{"id":3938,"date":"2024-09-26T17:00:54","date_gmt":"2024-09-26T14:00:54","guid":{"rendered":"https:\/\/globalhotel.com.tr\/urun\/brc-006-kartencodierer\/"},"modified":"2024-09-26T17:00:54","modified_gmt":"2024-09-26T14:00:54","slug":"brc-006-kartencodierer","status":"publish","type":"product","link":"https:\/\/globalhotel.com.tr\/de\/urun\/brc-006-kartencodierer\/","title":{"rendered":"BRC-006 Kartencodierer"},"content":{"rendered":"","protected":false},"excerpt":{"rendered":"<p>Der <strong>BRC-006 Card Encoder<\/strong> erm\u00f6glicht die schnelle und sichere Programmierung von G\u00e4ste- und Personalkarten f\u00fcr Karten-T\u00fcrschlosssysteme, die in Hotels und Beherbergungsbetrieben eingesetzt werden. Mit seiner benutzerfreundlichen Oberfl\u00e4che bietet er die M\u00f6glichkeit, Raumzutrittsberechtigungen einfach zu definieren und zu verwalten. Er steigert die betriebliche Effizienz von Hotelbetrieben durch eine sichere, schnelle und praktische Anwendung.  <\/p>\n<ul>\n<li>13,56 Mhz Betriebsfrequenz<\/li>\n<li>Akustische und LED-Warnungen zur Transaktionsverfolgung<\/li>\n<li>MBACVI (USB-Eingang f\u00fcr Informationsabrufger\u00e4t)<\/li>\n<li>Geh\u00e4use aus mattem ABS-Kunststoff<\/li>\n<li><strong>Gr\u00f6\u00dfe: <\/strong>95 x 125 x 33 mm<\/li>\n<\/ul>\n","protected":false},"featured_media":3939,"comment_status":"open","ping_status":"closed","template":"","meta":{"inline_featured_image":false},"product_brand":[],"product_cat":[140,175],"product_tag":[],"class_list":{"0":"post-3938","1":"product","2":"type-product","3":"status-publish","4":"has-post-thumbnail","6":"product_cat-ausstattung-im-raum","7":"product_cat-turschloss-systeme","8":"tm-has-options","10":"first","11":"instock","12":"shipping-taxable","13":"product-type-simple"},"_links":{"self":[{"href":"https:\/\/globalhotel.com.tr\/de\/wp-json\/wp\/v2\/product\/3938","targetHints":{"allow":["GET"]}}],"collection":[{"href":"https:\/\/globalhotel.com.tr\/de\/wp-json\/wp\/v2\/product"}],"about":[{"href":"https:\/\/globalhotel.com.tr\/de\/wp-json\/wp\/v2\/types\/product"}],"replies":[{"embeddable":true,"href":"https:\/\/globalhotel.com.tr\/de\/wp-json\/wp\/v2\/comments?post=3938"}],"wp:featuredmedia":[{"embeddable":true,"href":"https:\/\/globalhotel.com.tr\/de\/wp-json\/wp\/v2\/media\/3939"}],"wp:attachment":[{"href":"https:\/\/globalhotel.com.tr\/de\/wp-json\/wp\/v2\/media?parent=3938"}],"wp:term":[{"taxonomy":"product_brand","embeddable":true,"href":"https:\/\/globalhotel.com.tr\/de\/wp-json\/wp\/v2\/product_brand?post=3938"},{"taxonomy":"product_cat","embeddable":true,"href":"https:\/\/globalhotel.com.tr\/de\/wp-json\/wp\/v2\/product_cat?post=3938"},{"taxonomy":"product_tag","embeddable":true,"href":"https:\/\/globalhotel.com.tr\/de\/wp-json\/wp\/v2\/product_tag?post=3938"}],"curies":[{"name":"wp","href":"https:\/\/api.w.org\/{rel}","templated":true}]}}