{"id":3936,"date":"2024-09-26T17:00:54","date_gmt":"2024-09-26T14:00:54","guid":{"rendered":"https:\/\/globalhotel.com.tr\/urun\/brc-002-ausweiskarten-tuerschliesssystem-norma-metro\/"},"modified":"2024-09-26T17:00:54","modified_gmt":"2024-09-26T14:00:54","slug":"brc-002-ausweiskarten-tuerschliesssystem-norma-metro","status":"publish","type":"product","link":"https:\/\/globalhotel.com.tr\/de\/urun\/brc-002-ausweiskarten-tuerschliesssystem-norma-metro\/","title":{"rendered":"BRC-002 Ausweiskarten-T\u00fcrschlie\u00dfsystem &#8211; Norma &amp; Metro"},"content":{"rendered":"","protected":false},"excerpt":{"rendered":"<p><strong>BRC-002 Badged Card Door Lock System &#8211; Norma &amp; Metro<\/strong> ist eine moderne L\u00f6sung, die Sicherheit und Komfort in Hotels und Beherbergungsbetrieben vereint. Das Rosettendesign verleiht der T\u00fcr ein stilvolles und elegantes Aussehen, w\u00e4hrend das Kartenzugangssystem einen schnellen und sicheren Zugang f\u00fcr die G\u00e4ste erm\u00f6glicht. Hergestellt aus langlebigen Materialien, bietet sie eine lange und zuverl\u00e4ssige Nutzung. Die Serie Norma &amp; Metro ist mit ihrem \u00e4sthetischen Design und den fortschrittlichen Sicherheitsfunktionen eine ideale L\u00f6sung f\u00fcr Hotels.   <\/p>\n<ul>\n<li>RFID 13,56 Mhz. kontaktloses Kartenschloss-System <\/li>\n<li>Batterielebensdauer von 2 Jahren oder 50.000 Einschaltzyklen.<\/li>\n<li>Er verf\u00fcgt \u00fcber einen 800-fachen \u00d6ffnungsspeicher.<\/li>\n<li><strong>Gr\u00f6\u00dfe:<\/strong> 62 x 270 x 22 mm<\/li>\n<\/ul>\n","protected":false},"featured_media":3937,"comment_status":"open","ping_status":"closed","template":"","meta":{"inline_featured_image":false},"product_brand":[],"product_cat":[140,175],"product_tag":[],"class_list":{"0":"post-3936","1":"product","2":"type-product","3":"status-publish","4":"has-post-thumbnail","6":"product_cat-ausstattung-im-raum","7":"product_cat-turschloss-systeme","8":"tm-has-options","10":"first","11":"instock","12":"shipping-taxable","13":"product-type-simple"},"_links":{"self":[{"href":"https:\/\/globalhotel.com.tr\/de\/wp-json\/wp\/v2\/product\/3936","targetHints":{"allow":["GET"]}}],"collection":[{"href":"https:\/\/globalhotel.com.tr\/de\/wp-json\/wp\/v2\/product"}],"about":[{"href":"https:\/\/globalhotel.com.tr\/de\/wp-json\/wp\/v2\/types\/product"}],"replies":[{"embeddable":true,"href":"https:\/\/globalhotel.com.tr\/de\/wp-json\/wp\/v2\/comments?post=3936"}],"wp:featuredmedia":[{"embeddable":true,"href":"https:\/\/globalhotel.com.tr\/de\/wp-json\/wp\/v2\/media\/3937"}],"wp:attachment":[{"href":"https:\/\/globalhotel.com.tr\/de\/wp-json\/wp\/v2\/media?parent=3936"}],"wp:term":[{"taxonomy":"product_brand","embeddable":true,"href":"https:\/\/globalhotel.com.tr\/de\/wp-json\/wp\/v2\/product_brand?post=3936"},{"taxonomy":"product_cat","embeddable":true,"href":"https:\/\/globalhotel.com.tr\/de\/wp-json\/wp\/v2\/product_cat?post=3936"},{"taxonomy":"product_tag","embeddable":true,"href":"https:\/\/globalhotel.com.tr\/de\/wp-json\/wp\/v2\/product_tag?post=3936"}],"curies":[{"name":"wp","href":"https:\/\/api.w.org\/{rel}","templated":true}]}}