{"id":3934,"date":"2024-09-26T17:00:54","date_gmt":"2024-09-26T14:00:54","guid":{"rendered":"https:\/\/globalhotel.com.tr\/urun\/brc-007-hotel-rf-id-karte\/"},"modified":"2024-09-26T17:00:54","modified_gmt":"2024-09-26T14:00:54","slug":"brc-007-hotel-rf-id-karte","status":"publish","type":"product","link":"https:\/\/globalhotel.com.tr\/de\/urun\/brc-007-hotel-rf-id-karte\/","title":{"rendered":"BRC-007 Hotel RF ID Karte"},"content":{"rendered":"","protected":false},"excerpt":{"rendered":"<p>Die <strong>BRC-007 Hotel RF ID Card<\/strong> ist eine Hochsicherheitskarte, die den G\u00e4sten den Zugang zu ihren Zimmern in Hotels und Unterk\u00fcnften erleichtert. Dank der RFID-Technologie erm\u00f6glicht sie einen schnellen und sicheren Zugang. Diese Karte spiegelt mit ihrem eleganten Design das Prestige Ihres Hotels wider und bietet den G\u00e4sten praktischen Zugang zu ihren Zimmern, Gemeinschaftsbereichen und Hotelservices. Das strapazierf\u00e4hige Material gew\u00e4hrleistet eine lange Nutzungsdauer, und der individuell gestaltbare Druckbereich kann das Logo Ihres Hotels oder andere Informationen enthalten.   <\/p>\n","protected":false},"featured_media":3935,"comment_status":"open","ping_status":"closed","template":"","meta":{"inline_featured_image":false},"product_brand":[],"product_cat":[140,175],"product_tag":[],"class_list":{"0":"post-3934","1":"product","2":"type-product","3":"status-publish","4":"has-post-thumbnail","6":"product_cat-ausstattung-im-raum","7":"product_cat-turschloss-systeme","8":"tm-has-options","10":"first","11":"instock","12":"shipping-taxable","13":"product-type-simple"},"_links":{"self":[{"href":"https:\/\/globalhotel.com.tr\/de\/wp-json\/wp\/v2\/product\/3934","targetHints":{"allow":["GET"]}}],"collection":[{"href":"https:\/\/globalhotel.com.tr\/de\/wp-json\/wp\/v2\/product"}],"about":[{"href":"https:\/\/globalhotel.com.tr\/de\/wp-json\/wp\/v2\/types\/product"}],"replies":[{"embeddable":true,"href":"https:\/\/globalhotel.com.tr\/de\/wp-json\/wp\/v2\/comments?post=3934"}],"wp:featuredmedia":[{"embeddable":true,"href":"https:\/\/globalhotel.com.tr\/de\/wp-json\/wp\/v2\/media\/3935"}],"wp:attachment":[{"href":"https:\/\/globalhotel.com.tr\/de\/wp-json\/wp\/v2\/media?parent=3934"}],"wp:term":[{"taxonomy":"product_brand","embeddable":true,"href":"https:\/\/globalhotel.com.tr\/de\/wp-json\/wp\/v2\/product_brand?post=3934"},{"taxonomy":"product_cat","embeddable":true,"href":"https:\/\/globalhotel.com.tr\/de\/wp-json\/wp\/v2\/product_cat?post=3934"},{"taxonomy":"product_tag","embeddable":true,"href":"https:\/\/globalhotel.com.tr\/de\/wp-json\/wp\/v2\/product_tag?post=3934"}],"curies":[{"name":"wp","href":"https:\/\/api.w.org\/{rel}","templated":true}]}}