{"id":3918,"date":"2024-09-26T17:01:16","date_gmt":"2024-09-26T14:01:16","guid":{"rendered":"https:\/\/globalhotel.com.tr\/urun\/leder-tuergriff-anleitung\/"},"modified":"2024-09-26T17:01:16","modified_gmt":"2024-09-26T14:01:16","slug":"leder-tuergriff-anleitung","status":"publish","type":"product","link":"https:\/\/globalhotel.com.tr\/de\/urun\/leder-tuergriff-anleitung\/","title":{"rendered":"Leder-T\u00fcrgriff-Anleitung"},"content":{"rendered":"","protected":false},"excerpt":{"rendered":"<p>Die <strong>Leder-T\u00fcrgriff-Anleitung<\/strong> ist ein stilvolles und praktisches Produkt zur Information von G\u00e4sten in Hotelzimmern oder anderen Unterkunftsbereichen. Er besteht aus hochwertigem Ledermaterial und erm\u00f6glicht es Ihnen, Reinigungs-, Bitte-nicht-st\u00f6ren- oder andere Anweisungen mit seinem Design, das an T\u00fcrgriffe geh\u00e4ngt werden kann, deutlich zu kommunizieren. Es ist sowohl eine funktionale als auch eine \u00e4sthetische Option und verleiht Ihrem Raum einen eleganten Touch.  <\/p>\n<ul>\n<li>K\u00fcnstliches Leder<\/li>\n<li><strong>Gr\u00f6\u00dfe: <\/strong>250 x 100 mm<\/li>\n<\/ul>\n","protected":false},"featured_media":3919,"comment_status":"open","ping_status":"closed","template":"","meta":{"inline_featured_image":false},"product_brand":[],"product_cat":[140,174],"product_tag":[],"class_list":{"0":"post-3918","1":"product","2":"type-product","3":"status-publish","4":"has-post-thumbnail","6":"product_cat-ausstattung-im-raum","7":"product_cat-lederausstattung","8":"tm-has-options","10":"first","11":"instock","12":"shipping-taxable","13":"product-type-simple"},"_links":{"self":[{"href":"https:\/\/globalhotel.com.tr\/de\/wp-json\/wp\/v2\/product\/3918","targetHints":{"allow":["GET"]}}],"collection":[{"href":"https:\/\/globalhotel.com.tr\/de\/wp-json\/wp\/v2\/product"}],"about":[{"href":"https:\/\/globalhotel.com.tr\/de\/wp-json\/wp\/v2\/types\/product"}],"replies":[{"embeddable":true,"href":"https:\/\/globalhotel.com.tr\/de\/wp-json\/wp\/v2\/comments?post=3918"}],"wp:featuredmedia":[{"embeddable":true,"href":"https:\/\/globalhotel.com.tr\/de\/wp-json\/wp\/v2\/media\/3919"}],"wp:attachment":[{"href":"https:\/\/globalhotel.com.tr\/de\/wp-json\/wp\/v2\/media?parent=3918"}],"wp:term":[{"taxonomy":"product_brand","embeddable":true,"href":"https:\/\/globalhotel.com.tr\/de\/wp-json\/wp\/v2\/product_brand?post=3918"},{"taxonomy":"product_cat","embeddable":true,"href":"https:\/\/globalhotel.com.tr\/de\/wp-json\/wp\/v2\/product_cat?post=3918"},{"taxonomy":"product_tag","embeddable":true,"href":"https:\/\/globalhotel.com.tr\/de\/wp-json\/wp\/v2\/product_tag?post=3918"}],"curies":[{"name":"wp","href":"https:\/\/api.w.org\/{rel}","templated":true}]}}