{"id":3910,"date":"2024-09-26T17:01:16","date_gmt":"2024-09-26T14:01:16","guid":{"rendered":"https:\/\/globalhotel.com.tr\/urun\/abfallbehaelter-aus-leder\/"},"modified":"2024-09-26T17:01:16","modified_gmt":"2024-09-26T14:01:16","slug":"abfallbehaelter-aus-leder","status":"publish","type":"product","link":"https:\/\/globalhotel.com.tr\/de\/urun\/abfallbehaelter-aus-leder\/","title":{"rendered":"Abfallbeh\u00e4lter aus Leder"},"content":{"rendered":"","protected":false},"excerpt":{"rendered":"<p>Der<strong> Lederabfalleimer<\/strong> bietet eine stilvolle und funktionelle Abfalll\u00f6sung f\u00fcr Hotelzimmer, B\u00fcros und Lobbybereiche. Mit seiner hochwertigen Lederbeschichtung bietet er ein \u00e4sthetisches Erscheinungsbild und ist dank seines robusten Innenraums hygienisch und langlebig. Mit seinem modernen Design verleiht er Ihrem Raum Eleganz, w\u00e4hrend er mit seinem praktischen Nutzen die Funktionalit\u00e4t in den Vordergrund stellt.  <\/p>\n<ul>\n<li>K\u00fcnstliches Leder<\/li>\n<li><strong>Gr\u00f6\u00dfe: <\/strong>310 x 190 mm<\/li>\n<\/ul>\n","protected":false},"featured_media":3911,"comment_status":"open","ping_status":"closed","template":"","meta":{"inline_featured_image":false},"product_brand":[],"product_cat":[140,174],"product_tag":[],"class_list":{"0":"post-3910","1":"product","2":"type-product","3":"status-publish","4":"has-post-thumbnail","6":"product_cat-ausstattung-im-raum","7":"product_cat-lederausstattung","8":"tm-has-options","10":"first","11":"instock","12":"shipping-taxable","13":"product-type-simple"},"_links":{"self":[{"href":"https:\/\/globalhotel.com.tr\/de\/wp-json\/wp\/v2\/product\/3910","targetHints":{"allow":["GET"]}}],"collection":[{"href":"https:\/\/globalhotel.com.tr\/de\/wp-json\/wp\/v2\/product"}],"about":[{"href":"https:\/\/globalhotel.com.tr\/de\/wp-json\/wp\/v2\/types\/product"}],"replies":[{"embeddable":true,"href":"https:\/\/globalhotel.com.tr\/de\/wp-json\/wp\/v2\/comments?post=3910"}],"wp:featuredmedia":[{"embeddable":true,"href":"https:\/\/globalhotel.com.tr\/de\/wp-json\/wp\/v2\/media\/3911"}],"wp:attachment":[{"href":"https:\/\/globalhotel.com.tr\/de\/wp-json\/wp\/v2\/media?parent=3910"}],"wp:term":[{"taxonomy":"product_brand","embeddable":true,"href":"https:\/\/globalhotel.com.tr\/de\/wp-json\/wp\/v2\/product_brand?post=3910"},{"taxonomy":"product_cat","embeddable":true,"href":"https:\/\/globalhotel.com.tr\/de\/wp-json\/wp\/v2\/product_cat?post=3910"},{"taxonomy":"product_tag","embeddable":true,"href":"https:\/\/globalhotel.com.tr\/de\/wp-json\/wp\/v2\/product_tag?post=3910"}],"curies":[{"name":"wp","href":"https:\/\/api.w.org\/{rel}","templated":true}]}}