{"id":3900,"date":"2024-09-26T17:01:15","date_gmt":"2024-09-26T14:01:15","guid":{"rendered":"https:\/\/globalhotel.com.tr\/urun\/usb-kabellose-ladestation-fuer-den-schreibtisch\/"},"modified":"2024-09-26T17:01:15","modified_gmt":"2024-09-26T14:01:15","slug":"usb-kabellose-ladestation-fuer-den-schreibtisch","status":"publish","type":"product","link":"https:\/\/globalhotel.com.tr\/de\/urun\/usb-kabellose-ladestation-fuer-den-schreibtisch\/","title":{"rendered":"USB+ Kabellose Ladestation f\u00fcr den Schreibtisch"},"content":{"rendered":"","protected":false},"excerpt":{"rendered":"<p><strong>USB + Wireless Desk Charging Station<\/strong> bietet eine praktische und moderne Ladel\u00f6sung f\u00fcr Hotelzimmer, B\u00fcros und \u00f6ffentliche Bereiche. Sie bietet die M\u00f6glichkeit, mehrere Ger\u00e4te gleichzeitig aufzuladen, sowohl mit USB-Anschl\u00fcssen als auch mit kabelloser Ladefunktion. Mit ihrem eleganten und kompakten Design verleiht sie dem Nutzungsbereich einen \u00e4sthetischen Touch und liefert mit ihrer leistungsstarken und sicheren Ladeleistung ununterbrochene Energie.  <\/p>\n<ul>\n<li> Platzsparend durch Einbettung in M\u00f6bel<\/li>\n<li>Drahtgebundener und drahtloser Betrieb<\/li>\n<li><strong>Gr\u00f6\u00dfe:<\/strong> 70 \u00d7 50 mm<\/li>\n<li><strong>Gewicht der Einheit: <\/strong>0,075 kg<\/li>\n<li><strong>St\u00fcck im Paket:<\/strong> 1<\/li>\n<li><strong>Gr\u00f6\u00dfe des Pakets: <\/strong>73 x73 x 53 mm<\/li>\n<li><strong>Volumen: <\/strong>0,001 m3<\/li>\n<\/ul>\n","protected":false},"featured_media":3901,"comment_status":"open","ping_status":"closed","template":"","meta":{"inline_featured_image":false},"product_brand":[],"product_cat":[140,173],"product_tag":[],"class_list":{"0":"post-3900","1":"product","2":"type-product","3":"status-publish","4":"has-post-thumbnail","6":"product_cat-ausstattung-im-raum","7":"product_cat-waage-und-ladestation","8":"tm-has-options","10":"first","11":"instock","12":"shipping-taxable","13":"product-type-simple"},"_links":{"self":[{"href":"https:\/\/globalhotel.com.tr\/de\/wp-json\/wp\/v2\/product\/3900","targetHints":{"allow":["GET"]}}],"collection":[{"href":"https:\/\/globalhotel.com.tr\/de\/wp-json\/wp\/v2\/product"}],"about":[{"href":"https:\/\/globalhotel.com.tr\/de\/wp-json\/wp\/v2\/types\/product"}],"replies":[{"embeddable":true,"href":"https:\/\/globalhotel.com.tr\/de\/wp-json\/wp\/v2\/comments?post=3900"}],"wp:featuredmedia":[{"embeddable":true,"href":"https:\/\/globalhotel.com.tr\/de\/wp-json\/wp\/v2\/media\/3901"}],"wp:attachment":[{"href":"https:\/\/globalhotel.com.tr\/de\/wp-json\/wp\/v2\/media?parent=3900"}],"wp:term":[{"taxonomy":"product_brand","embeddable":true,"href":"https:\/\/globalhotel.com.tr\/de\/wp-json\/wp\/v2\/product_brand?post=3900"},{"taxonomy":"product_cat","embeddable":true,"href":"https:\/\/globalhotel.com.tr\/de\/wp-json\/wp\/v2\/product_cat?post=3900"},{"taxonomy":"product_tag","embeddable":true,"href":"https:\/\/globalhotel.com.tr\/de\/wp-json\/wp\/v2\/product_tag?post=3900"}],"curies":[{"name":"wp","href":"https:\/\/api.w.org\/{rel}","templated":true}]}}