{"id":3876,"date":"2024-09-26T17:03:25","date_gmt":"2024-09-26T14:03:25","guid":{"rendered":"https:\/\/globalhotel.com.tr\/urun\/bny-008-schwammhalter-fuer-ecken\/"},"modified":"2024-09-26T17:03:25","modified_gmt":"2024-09-26T14:03:25","slug":"bny-008-schwammhalter-fuer-ecken","status":"publish","type":"product","link":"https:\/\/globalhotel.com.tr\/de\/urun\/bny-008-schwammhalter-fuer-ecken\/","title":{"rendered":"BNY-008 Schwammhalter f\u00fcr Ecken"},"content":{"rendered":"<h2 data-start=\"0\" data-end=\"67\"><strong data-start=\"0\" data-end=\"65\">K\u00f6\u015fe S\u00fcngerlik <\/strong><\/h2>\n<p data-start=\"69\" data-end=\"589\">Otel banyolar\u0131nda d\u00fczeni sa\u011flamak ve \u015fampuan, sabun, du\u015f jeli gibi malzemeleri pratik \u015fekilde saklamak i\u00e7in <a href=\"https:\/\/globalhotel.com.tr\/de\/\"><strong>k\u00f6\u015fe s\u00fcngerlik<\/strong><\/a> m\u00fckemmel bir tercihtir. Paslanmaz \u00e7elik, al\u00fcminyum veya dayan\u0131kl\u0131 plastikten \u00fcretilen bu \u00fcr\u00fcn, uzun \u00f6m\u00fcrl\u00fc yap\u0131s\u0131 sayesinde otel banyolar\u0131nda hijyenik ve d\u00fczenli bir alan olu\u015fturur. Du\u015f alanlar\u0131n\u0131n k\u00f6\u015fesine monte edilerek yerden tasarruf sa\u011flar ve minimalist tasar\u0131m\u0131 sayesinde banyonun \u015f\u0131kl\u0131\u011f\u0131n\u0131 korur. Suya dayan\u0131kl\u0131 yap\u0131s\u0131, paslanmay\u0131 \u00f6nlerken, otel misafirlerine konforlu bir kullan\u0131m sunar.   <\/p>\n<p data-start=\"591\" data-end=\"1025\" data-is-last-node=\"\" data-is-only-node=\"\">K\u00f6\u015fe s\u00fcngerlik, otel odalar\u0131n\u0131n konforunu art\u0131ran \u00f6nemli banyo aksesuarlar\u0131ndan biridir. Kolay monte edilebilen bu \u00fcr\u00fcn, g\u00fc\u00e7l\u00fc yap\u0131\u015fkanl\u0131 montaj veya vidal\u0131 sabitleme se\u00e7enekleriyle sunulur. \u00c7e\u015fitli boyut ve modelleri sayesinde farkl\u0131 banyo dekorasyonlar\u0131na uyum sa\u011flar. Otel banyolar\u0131nda estetik ve d\u00fczeni bir arada sunan k\u00f6\u015fe s\u00fcngerlik, hem misafirlerinizin hem de temizlik personelinin i\u015fini kolayla\u015ft\u0131ran fonksiyonel bir \u00e7\u00f6z\u00fcmd\u00fcr.   <\/p>\n<div id=\"254C497F_ED5F_539E_BF08_9192F9A99B64\"><\/div>\n","protected":false},"excerpt":{"rendered":"<p>Der<strong> BNY-008 Eck-Schwammhalter<\/strong> ist ein ideales Produkt f\u00fcr die geordnete und platzsparende Aufbewahrung von Toilettenartikeln in Hotelb\u00e4dern. Dieser praktische Schwammhalter, der in den Ecken der Wand platziert werden kann, bietet maximale Effizienz vor allem in kleinen R\u00e4umen. Dank seiner robusten Struktur und seines modernen Designs kann er lange Zeit verwendet werden und verleiht der Dekoration Ihres Badezimmers einen eleganten Touch. Der Eckschwammhalter hilft Ihnen, in kleinen R\u00e4umen Platz zu sparen und gleichzeitig die Ordnung in Hotelb\u00e4dern aufrechtzuerhalten.   <\/p>\n<ul>\n<li><strong>Gr\u00f6\u00dfe: <\/strong>145 \u00d7 50 \u00d7 150 mm<\/li>\n<li><strong>Gewicht:<\/strong> 260 Gramm<\/li>\n<li><strong>St\u00fcck im Paket:<\/strong>10<\/li>\n<li><strong>Gr\u00f6\u00dfe des Pakets: <\/strong>400 x 290 x 200 mm<\/li>\n<li><strong>Volumen: <\/strong>0,023 m<sup>3<\/sup><\/li>\n<\/ul>\n","protected":false},"featured_media":3877,"comment_status":"open","ping_status":"closed","template":"","meta":{"inline_featured_image":false},"product_brand":[],"product_cat":[156,153],"product_tag":[],"class_list":{"0":"post-3876","1":"product","2":"type-product","3":"status-publish","4":"has-post-thumbnail","6":"product_cat-hotel-badezimmer-accessoires","7":"product_cat-nassbereich-ausrustungen","8":"tm-has-options","10":"first","11":"instock","12":"shipping-taxable","13":"product-type-simple"},"_links":{"self":[{"href":"https:\/\/globalhotel.com.tr\/de\/wp-json\/wp\/v2\/product\/3876","targetHints":{"allow":["GET"]}}],"collection":[{"href":"https:\/\/globalhotel.com.tr\/de\/wp-json\/wp\/v2\/product"}],"about":[{"href":"https:\/\/globalhotel.com.tr\/de\/wp-json\/wp\/v2\/types\/product"}],"replies":[{"embeddable":true,"href":"https:\/\/globalhotel.com.tr\/de\/wp-json\/wp\/v2\/comments?post=3876"}],"wp:featuredmedia":[{"embeddable":true,"href":"https:\/\/globalhotel.com.tr\/de\/wp-json\/wp\/v2\/media\/3877"}],"wp:attachment":[{"href":"https:\/\/globalhotel.com.tr\/de\/wp-json\/wp\/v2\/media?parent=3876"}],"wp:term":[{"taxonomy":"product_brand","embeddable":true,"href":"https:\/\/globalhotel.com.tr\/de\/wp-json\/wp\/v2\/product_brand?post=3876"},{"taxonomy":"product_cat","embeddable":true,"href":"https:\/\/globalhotel.com.tr\/de\/wp-json\/wp\/v2\/product_cat?post=3876"},{"taxonomy":"product_tag","embeddable":true,"href":"https:\/\/globalhotel.com.tr\/de\/wp-json\/wp\/v2\/product_tag?post=3876"}],"curies":[{"name":"wp","href":"https:\/\/api.w.org\/{rel}","templated":true}]}}