{"id":3868,"date":"2024-09-26T17:03:25","date_gmt":"2024-09-26T14:03:25","guid":{"rendered":"https:\/\/globalhotel.com.tr\/urun\/abfallbehaelter-fuer-den-aussenbereich-5-lt\/"},"modified":"2024-09-26T17:03:25","modified_gmt":"2024-09-26T14:03:25","slug":"abfallbehaelter-fuer-den-aussenbereich-5-lt","status":"publish","type":"product","link":"https:\/\/globalhotel.com.tr\/de\/urun\/abfallbehaelter-fuer-den-aussenbereich-5-lt\/","title":{"rendered":"Abfallbeh\u00e4lter f\u00fcr den Au\u00dfenbereich 5 Lt"},"content":{"rendered":"<h2 data-start=\"0\" data-end=\"51\"><strong data-start=\"0\" data-end=\"49\">A\u00e7\u0131k \u00c7\u00f6p Kovas\u0131 5 Lt <\/strong><\/h2>\n<p data-start=\"53\" data-end=\"551\">Otel, restoran, ofis veya ev gibi pek \u00e7ok alanda kullan\u0131labilen <a href=\"https:\/\/globalhotel.com.tr\/de\/\"><strong data-start=\"117\" data-end=\"141\">A\u00e7\u0131k \u00c7\u00f6p Kovas\u0131 5 Lt<\/strong><\/a>, \u015f\u0131k ve pratik tasar\u0131m\u0131yla dikkat \u00e7eker. K\u00fc\u00e7\u00fck ve kompakt yap\u0131s\u0131 sayesinde dar alanlarda bile rahatl\u0131kla kullan\u0131labilir. Hafif ancak dayan\u0131kl\u0131 malzemeden \u00fcretilmi\u015f olan bu \u00e7\u00f6p kovas\u0131, uzun \u00f6m\u00fcrl\u00fc kullan\u0131m sunar. A\u00e7\u0131k tasar\u0131m\u0131 sayesinde kolayca \u00e7\u00f6p at\u0131labilir ve temizli\u011fi zahmetsizdir. \u00d6zellikle otel odalar\u0131nda, banyo ve tuvaletlerde hijyenik bir \u00e7\u00f6p kutusu \u00e7\u00f6z\u00fcm\u00fc sunarak kullan\u0131c\u0131lar\u0131n konforunu art\u0131r\u0131r.    <\/p>\n<p data-start=\"553\" data-end=\"1258\" data-is-last-node=\"\" data-is-only-node=\"\">Bu <strong data-start=\"556\" data-end=\"586\">5 litrelik a\u00e7\u0131k \u00e7\u00f6p kovas\u0131<\/strong>, minimal tasar\u0131m\u0131 ile modern ve klasik dekorasyonlara uyum sa\u011flar. Plastik, paslanmaz \u00e7elik veya metal se\u00e7enekleri ile sunulabilen \u00fcr\u00fcn, dayan\u0131kl\u0131l\u0131\u011f\u0131 ile \u00f6ne \u00e7\u0131kar. Suya ve neme kar\u015f\u0131 diren\u00e7li olmas\u0131, \u00f6zellikle banyo ve mutfak gibi alanlarda g\u00fcvenle kullan\u0131lmas\u0131n\u0131 sa\u011flar. Otellerde misafir memnuniyetini art\u0131ran, \u015f\u0131k ve kullan\u0131\u015fl\u0131 bir se\u00e7enek olarak \u00f6ne \u00e7\u0131kan bu \u00e7\u00f6p kovas\u0131, hem bireysel hem de kurumsal kullan\u0131mlar i\u00e7in idealdir. Geni\u015f a\u011f\u0131z k\u0131sm\u0131 sayesinde \u00e7\u00f6p po\u015feti de\u011fi\u015fimi kolayd\u0131r ve hijyen standartlar\u0131n\u0131 korumaya yard\u0131mc\u0131 olur. E\u011fer \u015f\u0131k, fonksiyonel ve kullan\u0131\u015fl\u0131 bir \u00e7\u00f6p kovas\u0131 ar\u0131yorsan\u0131z, <strong data-start=\"1189\" data-end=\"1213\">A\u00e7\u0131k \u00c7\u00f6p Kovas\u0131 5 Lt<\/strong> ihtiyac\u0131n\u0131z\u0131 en iyi \u015fekilde kar\u015f\u0131layacakt\u0131r.     <\/p>\n<div id=\"254C497F_ED5F_539E_BF08_9192F9A99B64\"><\/div>\n","protected":false},"excerpt":{"rendered":"<p><strong>Outdoor Waste Bin 5 Lt<\/strong> ist eine ideale L\u00f6sung f\u00fcr Hotelzimmer und Gemeinschaftsr\u00e4ume. Mit seiner kompakten Gr\u00f6\u00dfe und seiner robusten Struktur ist er \u00e4u\u00dferst praktisch in der Anwendung. Er wurde entwickelt, um eine hygienische Umgebung zu schaffen, und seine Wartung ist dank der leicht zu reinigenden Oberfl\u00e4che sehr einfach. Sein modernes Design passt sich an jede Inneneinrichtung an. Der <strong>Outdoor Waste Bin 5 Lt<\/strong> ist eine funktionelle und \u00e4sthetisch ansprechende L\u00f6sung f\u00fcr Ihr Hotel.   <\/p>\n<ul>\n<li><strong>Gr\u00f6\u00dfe:<\/strong> 260 \u00d7 200 \u00d7 200 mm<\/li>\n<li><strong>Gewicht:<\/strong> 75 gr<\/li>\n<li><strong>Anzahl in der Parzelle: <\/strong>8<\/li>\n<li><strong>Gr\u00f6\u00dfe des Pakets:<\/strong> 470 x 920 x 320 mm<\/li>\n<li><strong>Volumen: <\/strong>0,138 m<sup>3<\/sup><\/li>\n<\/ul>\n","protected":false},"featured_media":3869,"comment_status":"open","ping_status":"closed","template":"","meta":{"inline_featured_image":false},"product_brand":[],"product_cat":[156,153],"product_tag":[],"class_list":{"0":"post-3868","1":"product","2":"type-product","3":"status-publish","4":"has-post-thumbnail","6":"product_cat-hotel-badezimmer-accessoires","7":"product_cat-nassbereich-ausrustungen","8":"tm-has-options","10":"first","11":"instock","12":"shipping-taxable","13":"product-type-simple"},"_links":{"self":[{"href":"https:\/\/globalhotel.com.tr\/de\/wp-json\/wp\/v2\/product\/3868","targetHints":{"allow":["GET"]}}],"collection":[{"href":"https:\/\/globalhotel.com.tr\/de\/wp-json\/wp\/v2\/product"}],"about":[{"href":"https:\/\/globalhotel.com.tr\/de\/wp-json\/wp\/v2\/types\/product"}],"replies":[{"embeddable":true,"href":"https:\/\/globalhotel.com.tr\/de\/wp-json\/wp\/v2\/comments?post=3868"}],"wp:featuredmedia":[{"embeddable":true,"href":"https:\/\/globalhotel.com.tr\/de\/wp-json\/wp\/v2\/media\/3869"}],"wp:attachment":[{"href":"https:\/\/globalhotel.com.tr\/de\/wp-json\/wp\/v2\/media?parent=3868"}],"wp:term":[{"taxonomy":"product_brand","embeddable":true,"href":"https:\/\/globalhotel.com.tr\/de\/wp-json\/wp\/v2\/product_brand?post=3868"},{"taxonomy":"product_cat","embeddable":true,"href":"https:\/\/globalhotel.com.tr\/de\/wp-json\/wp\/v2\/product_cat?post=3868"},{"taxonomy":"product_tag","embeddable":true,"href":"https:\/\/globalhotel.com.tr\/de\/wp-json\/wp\/v2\/product_tag?post=3868"}],"curies":[{"name":"wp","href":"https:\/\/api.w.org\/{rel}","templated":true}]}}