{"id":3864,"date":"2024-09-26T17:03:47","date_gmt":"2024-09-26T14:03:47","guid":{"rendered":"https:\/\/globalhotel.com.tr\/urun\/bny-031-schwarzer-luxus-zahnbuerstenhalter\/"},"modified":"2024-09-26T17:03:47","modified_gmt":"2024-09-26T14:03:47","slug":"bny-031-schwarzer-luxus-zahnbuerstenhalter","status":"publish","type":"product","link":"https:\/\/globalhotel.com.tr\/de\/urun\/bny-031-schwarzer-luxus-zahnbuerstenhalter\/","title":{"rendered":"BNY-031 Schwarzer Luxus-Zahnb\u00fcrstenhalter"},"content":{"rendered":"<h2 class=\"product-title product_title entry-title\"><strong>Siyah L\u00fcks Di\u015f F\u0131r\u00e7al\u0131k<\/strong><\/h2>\n<p class=\"\" data-start=\"69\" data-end=\"439\">Otel odalar\u0131n\u0131zda veya evinizde modern ve zarif bir dokunu\u015f ar\u0131yorsan\u0131z, <strong><a href=\"https:\/\/globalhotel.com.tr\/de\/\">Siyah L\u00fcks Di\u015f F\u0131r\u00e7al\u0131k<\/a><\/strong> m\u00fckemmel bir se\u00e7im olacakt\u0131r. Bu \u015f\u0131k di\u015f f\u0131r\u00e7al\u0131k, tasar\u0131m\u0131yla her t\u00fcrl\u00fc i\u00e7 mekan\u0131n havas\u0131n\u0131 de\u011fi\u015ftirecek ve misafirlerinize unutulmaz bir deneyim sunacakt\u0131r. Sade, zarif ve l\u00fcks bir g\u00f6r\u00fcn\u00fcm i\u00e7in \u00f6zenle se\u00e7ilen siyah renk, t\u00fcm banyo dekorasyonlar\u0131yla m\u00fckemmel uyum sa\u011flar.  <\/p>\n<h2 data-start=\"441\" data-end=\"473\"><strong data-start=\"441\" data-end=\"473\">\u00dcberlegene Qualit\u00e4t und Langlebigkeit<\/strong><\/h2>\n<p class=\"\" data-start=\"475\" data-end=\"809\">Siyah L\u00fcks Di\u015f F\u0131r\u00e7al\u0131k, sa\u011flam ve dayan\u0131kl\u0131 malzemelerden \u00fcretilmi\u015ftir. G\u00fcnl\u00fck kullan\u0131ma dayanabilecek \u015fekilde tasarlanm\u0131\u015f olup, uzun s\u00fcre boyunca estetik g\u00f6r\u00fcn\u00fcm\u00fcn\u00fc kaybetmeden kullan\u0131labilir. Bu di\u015f f\u0131r\u00e7al\u0131k, banyonuzda \u015f\u0131kl\u0131\u011f\u0131 ve d\u00fczeni sa\u011flayarak, yaln\u0131zca i\u015flevsel de\u011fil, ayn\u0131 zamanda g\u00f6rsel olarak da m\u00fckemmel bir katk\u0131 sa\u011flar.  <\/p>\n<h3 data-start=\"811\" data-end=\"836\"><strong data-start=\"811\" data-end=\"836\">Modern ve \u015e\u0131k Tasar\u0131m<\/strong><\/h3>\n<p class=\"\" data-start=\"838\" data-end=\"1168\">Minimalist tasar\u0131m\u0131, sofistike ve zarif bir banyo deneyimi yaratmak isteyenler i\u00e7in idealdir. Siyah rengin sa\u011flad\u0131\u011f\u0131 zarafet, her t\u00fcrl\u00fc banyo dekorasyonuna kolayca uyum sa\u011flar. Di\u015f f\u0131r\u00e7al\u0131k, i\u015flevselli\u011fi ve modern esteti\u011fi bir arada sunar. Sade fakat etkileyici \u00e7izgiler, bu \u00fcr\u00fcn\u00fc banyonuzda \u00f6ne \u00e7\u0131karan bir par\u00e7a haline getirir.   <\/p>\n<h3 data-start=\"1170\" data-end=\"1209\"><strong data-start=\"1170\" data-end=\"1209\">Kullan\u0131m Kolayl\u0131\u011f\u0131 ve Hijyenik Yap\u0131<\/strong><\/h3>\n<p class=\"\" data-start=\"1211\" data-end=\"1663\">Siyah L\u00fcks Di\u015f F\u0131r\u00e7al\u0131k, di\u015f f\u0131r\u00e7alar\u0131n\u0131z\u0131 d\u00fczenli bir \u015fekilde yerle\u015ftirmeniz i\u00e7in ideal bir \u00e7\u00f6z\u00fcm sunar. Ayn\u0131 zamanda suya ve nemli ortamlara dayan\u0131kl\u0131 yap\u0131s\u0131 sayesinde banyonuzda uzun s\u00fcre boyunca hijyenik kal\u0131r. \u00dcr\u00fcn\u00fcn i\u00e7inde, di\u015f f\u0131r\u00e7alar\u0131n\u0131n do\u011fru bir \u015fekilde durmas\u0131n\u0131 sa\u011flayan pratik b\u00f6lmeler bulunmaktad\u0131r. Ayr\u0131ca, her kullan\u0131mda kolayca temizlenebilir ve bak\u0131m\u0131 olduk\u00e7a basittir. Bu sayede s\u00fcrekli taze ve temiz bir g\u00f6r\u00fcn\u00fcm elde edebilirsiniz.    <\/p>\n<div id=\"254C497F_ED5F_539E_BF08_9192F9A99B64\"><\/div>\n","protected":false},"excerpt":{"rendered":"<p><strong>BNY-031 Black Luxury Toothbrush Holder<\/strong> ist ein ideales Accessoire, um in Hotelb\u00e4dern f\u00fcr Hygiene und Ordnung zu sorgen. Dieses Produkt wurde f\u00fcr die hygienische Aufbewahrung von Zahnb\u00fcrsten entwickelt und zeichnet sich durch sein langlebiges Material und sein stilvolles Design aus. Er ist \u00e4u\u00dferst praktisch in der Anwendung und passt sich jeder Badezimmereinrichtung an. Der Black Luxury Toothbrush Holder erg\u00e4nzt Ihr Badezimmer sowohl funktional als auch \u00e4sthetisch und sorgt f\u00fcr eine hygienische und geordnete Nutzung.   <\/p>\n<ul>\n<li><strong>Gr\u00f6\u00dfe:<\/strong> 260 x 180 x 80 mm<\/li>\n<li><strong>Gewicht: <\/strong>310 gr<\/li>\n<li><strong>St\u00fcck im Paket:<\/strong>10<\/li>\n<li><strong>Gr\u00f6\u00dfe des Pakets:<\/strong> 450 x 420 x 190 mm<\/li>\n<li><strong>Volumen:<\/strong> 0,036 m<sup>3<\/sup><\/li>\n<\/ul>\n","protected":false},"featured_media":3865,"comment_status":"open","ping_status":"closed","template":"","meta":{"inline_featured_image":false},"product_brand":[],"product_cat":[156,153],"product_tag":[],"class_list":{"0":"post-3864","1":"product","2":"type-product","3":"status-publish","4":"has-post-thumbnail","6":"product_cat-hotel-badezimmer-accessoires","7":"product_cat-nassbereich-ausrustungen","8":"tm-has-options","10":"first","11":"instock","12":"shipping-taxable","13":"product-type-simple"},"_links":{"self":[{"href":"https:\/\/globalhotel.com.tr\/de\/wp-json\/wp\/v2\/product\/3864","targetHints":{"allow":["GET"]}}],"collection":[{"href":"https:\/\/globalhotel.com.tr\/de\/wp-json\/wp\/v2\/product"}],"about":[{"href":"https:\/\/globalhotel.com.tr\/de\/wp-json\/wp\/v2\/types\/product"}],"replies":[{"embeddable":true,"href":"https:\/\/globalhotel.com.tr\/de\/wp-json\/wp\/v2\/comments?post=3864"}],"wp:featuredmedia":[{"embeddable":true,"href":"https:\/\/globalhotel.com.tr\/de\/wp-json\/wp\/v2\/media\/3865"}],"wp:attachment":[{"href":"https:\/\/globalhotel.com.tr\/de\/wp-json\/wp\/v2\/media?parent=3864"}],"wp:term":[{"taxonomy":"product_brand","embeddable":true,"href":"https:\/\/globalhotel.com.tr\/de\/wp-json\/wp\/v2\/product_brand?post=3864"},{"taxonomy":"product_cat","embeddable":true,"href":"https:\/\/globalhotel.com.tr\/de\/wp-json\/wp\/v2\/product_cat?post=3864"},{"taxonomy":"product_tag","embeddable":true,"href":"https:\/\/globalhotel.com.tr\/de\/wp-json\/wp\/v2\/product_tag?post=3864"}],"curies":[{"name":"wp","href":"https:\/\/api.w.org\/{rel}","templated":true}]}}