{"id":3860,"date":"2024-09-26T17:03:47","date_gmt":"2024-09-26T14:03:47","guid":{"rendered":"https:\/\/globalhotel.com.tr\/urun\/bny-029-schwarzer-luxurioeser-quadratischer-handtuchhalter\/"},"modified":"2024-09-26T17:03:47","modified_gmt":"2024-09-26T14:03:47","slug":"bny-029-schwarzer-luxurioeser-quadratischer-handtuchhalter","status":"publish","type":"product","link":"https:\/\/globalhotel.com.tr\/de\/urun\/bny-029-schwarzer-luxurioeser-quadratischer-handtuchhalter\/","title":{"rendered":"BNY-029 Schwarzer luxuri\u00f6ser quadratischer Handtuchhalter"},"content":{"rendered":"<h2 data-start=\"0\" data-end=\"64\"><strong data-start=\"0\" data-end=\"64\">Siyah L\u00fcks Kare Havluluk<\/strong><\/h2>\n<p class=\"\" data-start=\"66\" data-end=\"440\"><a href=\"https:\/\/globalhotel.com.tr\/de\/\"><strong>Siyah L\u00fcks Kare Havluluk<\/strong><\/a>, modern tasar\u0131m\u0131 ve zarif siyah rengiyle banyonuzda estetik bir dokunu\u015f yarat\u0131r. Hem fonksiyonel hem de \u015f\u0131k olan bu havluluk, banyonuzun havas\u0131n\u0131 de\u011fi\u015ftirerek l\u00fcks bir atmosfer yaratman\u0131za yard\u0131mc\u0131 olur. \u00d6zel olarak se\u00e7ilen dayan\u0131kl\u0131 malzemesi sayesinde uzun \u00f6m\u00fcrl\u00fc bir kullan\u0131m sunar, b\u00f6ylece her banyoya ihtiyac\u0131 olan d\u00fczeni ve \u015f\u0131kl\u0131\u011f\u0131 kazand\u0131r\u0131r.  <\/p>\n<p class=\"\" data-start=\"442\" data-end=\"467\"><strong data-start=\"442\" data-end=\"467\">Modern ve \u015e\u0131k Tasar\u0131m<\/strong><\/p>\n<p class=\"\" data-start=\"469\" data-end=\"845\">Havlulu\u011fun kare formu, klasik ve \u00e7a\u011fda\u015f \u00e7izgileri bir arada sunarak her t\u00fcrl\u00fc banyo dekorasyonuna m\u00fckemmel bir uyum sa\u011flar. Siyah renginin zarafeti, \u00f6zellikle minimalist ya da modern tasar\u0131ml\u0131 otel ve ev banyolar\u0131nda dikkat \u00e7ekici bir g\u00f6rsel etki yarat\u0131r. Bu \u00fcr\u00fcn, banyonuzun atmosferini iyile\u015ftirerek, her kullan\u0131mda banyonuzun d\u00fczenini artt\u0131r\u0131r ve g\u00f6rsel b\u00fct\u00fcnl\u00fc\u011f\u00fcn\u00fc sa\u011flar.  <\/p>\n<p class=\"\" data-start=\"847\" data-end=\"887\"><strong data-start=\"847\" data-end=\"887\">Langlebigkeit und dauerhafte Nutzung<\/strong><\/p>\n<p class=\"\" data-start=\"889\" data-end=\"1229\">Siyah L\u00fcks Kare Havluluk, yaln\u0131zca estetik a\u00e7\u0131dan de\u011fil, dayan\u0131kl\u0131l\u0131k a\u00e7\u0131s\u0131ndan da m\u00fckemmel bir tercihtir. Kullan\u0131lan kaliteli malzeme sayesinde uzun y\u0131llar boyunca ilk g\u00fcnk\u00fc g\u00f6r\u00fcn\u00fcm\u00fcn\u00fc korur. Otel ve ev banyolar\u0131 i\u00e7in ideal olan bu havluluk, a\u011f\u0131r havlular\u0131 bile rahat\u00e7a tutabilir ve sa\u011flam yap\u0131s\u0131yla banyonuzda g\u00fcvenli bir kullan\u0131m sunar.  <\/p>\n<p class=\"\" data-start=\"1231\" data-end=\"1265\"><strong data-start=\"1231\" data-end=\"1265\">Banyolar\u0131n\u0131zda D\u00fczen ve \u015e\u0131kl\u0131k<\/strong><\/p>\n<p class=\"\" data-start=\"1267\" data-end=\"1622\">Siyah L\u00fcks Kare Havluluk, banyonuzda her zaman d\u00fczeni koruman\u0131n yan\u0131 s\u0131ra \u015f\u0131kl\u0131\u011f\u0131 da art\u0131r\u0131r. Havlular\u0131n\u0131z\u0131 kolayca asabilece\u011finiz bu modern havluluk, banyonuzda da\u011f\u0131n\u0131kl\u0131\u011f\u0131 engeller ve her \u015feyin yerli yerinde olmas\u0131n\u0131 sa\u011flar. Hem fonksiyonel hem de dekoratif bir \u00fcr\u00fcn olan bu havluluk, banyonuzun k\u00fc\u00e7\u00fck bir dokunu\u015fla zarif ve d\u00fczenli g\u00f6r\u00fcnmesini sa\u011flar.  <\/p>\n<p class=\"\" data-start=\"1624\" data-end=\"1653\"><strong data-start=\"1624\" data-end=\"1653\">\u00c7e\u015fitli Kullan\u0131m Alanlar\u0131<\/strong><\/p>\n<p class=\"\" data-start=\"1655\" data-end=\"2026\">Otellerde, spa merkezlerinde ya da evde kullan\u0131ma uygun olan bu havluluk, geni\u015f kullan\u0131m alanlar\u0131 ile de dikkat \u00e7eker. Siyah rengi ve modern tasar\u0131m\u0131 sayesinde, farkl\u0131 renk ve stillerdeki banyo dekorasyonlar\u0131na kolayca entegre olur. Hem otel banyolar\u0131 hem de ev banyo d\u00fczenlemeleri i\u00e7in ideal olan bu \u00fcr\u00fcn, \u015f\u0131kl\u0131\u011f\u0131 ve fonksiyonu bir arada sunarak banyonuzda fark yarat\u0131r.  <\/p>\n<p class=\"\" data-start=\"2028\" data-end=\"2250\">Siyah L\u00fcks Kare Havluluk, dayan\u0131kl\u0131 yap\u0131s\u0131, \u015f\u0131k tasar\u0131m\u0131 ve fonksiyonel kullan\u0131m\u0131 ile banyonuzun vazge\u00e7ilmez bir par\u00e7as\u0131 olacak. Hem estetik hem de i\u015flevsel bir \u00e7\u00f6z\u00fcm arayanlar i\u00e7in m\u00fckemmel bir tercih sunar. <\/p>\n<div id=\"254C497F_ED5F_539E_BF08_9192F9A99B64\"><\/div>\n","protected":false},"excerpt":{"rendered":"<p><strong>BNY-029 Black Luxury Square Towel Holder<\/strong> bietet mit seinem modernen Design und der stilvollen schwarzen Farbe einen eleganten Look in Ihrem Badezimmer. Dank der Verwendung von langlebigen Materialien bietet er eine lange Lebensdauer und h\u00e4lt Ihre Handt\u00fccher in einer geordneten Art und Weise, um Eleganz und Ordnung in Ihrem Badezimmer zu gew\u00e4hrleisten. Die quadratische Form bietet ein elegantes Aussehen in allen Arten von Hotelb\u00e4dern und privaten Badezimmern.  <\/p>\n<ul>\n<li><strong>Gr\u00f6\u00dfe: <\/strong>110 x 100 x 95 mm<\/li>\n<li><strong>Gewicht:<\/strong> 420 gr<\/li>\n<li><strong>Anzahl in der Parzelle:<\/strong> 6<\/li>\n<li><strong>Gr\u00f6\u00dfe des Pakets:<\/strong> 360 x 460 x 150 mm<\/li>\n<li><strong>Volumen:<\/strong> 0,025 m<sup>3<\/sup><\/li>\n<\/ul>\n","protected":false},"featured_media":3861,"comment_status":"open","ping_status":"closed","template":"","meta":{"inline_featured_image":false},"product_brand":[],"product_cat":[156,153],"product_tag":[],"class_list":{"0":"post-3860","1":"product","2":"type-product","3":"status-publish","4":"has-post-thumbnail","6":"product_cat-hotel-badezimmer-accessoires","7":"product_cat-nassbereich-ausrustungen","8":"tm-has-options","10":"first","11":"instock","12":"shipping-taxable","13":"product-type-simple"},"_links":{"self":[{"href":"https:\/\/globalhotel.com.tr\/de\/wp-json\/wp\/v2\/product\/3860","targetHints":{"allow":["GET"]}}],"collection":[{"href":"https:\/\/globalhotel.com.tr\/de\/wp-json\/wp\/v2\/product"}],"about":[{"href":"https:\/\/globalhotel.com.tr\/de\/wp-json\/wp\/v2\/types\/product"}],"replies":[{"embeddable":true,"href":"https:\/\/globalhotel.com.tr\/de\/wp-json\/wp\/v2\/comments?post=3860"}],"wp:featuredmedia":[{"embeddable":true,"href":"https:\/\/globalhotel.com.tr\/de\/wp-json\/wp\/v2\/media\/3861"}],"wp:attachment":[{"href":"https:\/\/globalhotel.com.tr\/de\/wp-json\/wp\/v2\/media?parent=3860"}],"wp:term":[{"taxonomy":"product_brand","embeddable":true,"href":"https:\/\/globalhotel.com.tr\/de\/wp-json\/wp\/v2\/product_brand?post=3860"},{"taxonomy":"product_cat","embeddable":true,"href":"https:\/\/globalhotel.com.tr\/de\/wp-json\/wp\/v2\/product_cat?post=3860"},{"taxonomy":"product_tag","embeddable":true,"href":"https:\/\/globalhotel.com.tr\/de\/wp-json\/wp\/v2\/product_tag?post=3860"}],"curies":[{"name":"wp","href":"https:\/\/api.w.org\/{rel}","templated":true}]}}