{"id":3856,"date":"2024-09-26T17:03:47","date_gmt":"2024-09-26T14:03:47","guid":{"rendered":"https:\/\/globalhotel.com.tr\/urun\/bny-025-toilettensitzbezug-papierspender\/"},"modified":"2024-09-26T17:03:47","modified_gmt":"2024-09-26T14:03:47","slug":"bny-025-toilettensitzbezug-papierspender","status":"publish","type":"product","link":"https:\/\/globalhotel.com.tr\/de\/urun\/bny-025-toilettensitzbezug-papierspender\/","title":{"rendered":"BNY-025 Toilettensitzbezug Papierspender"},"content":{"rendered":"<h2 data-start=\"0\" data-end=\"92\"><strong data-start=\"0\" data-end=\"92\">Toilettensitzbezug Papierspender<\/strong><\/h2>\n<p class=\"\" data-start=\"94\" data-end=\"472\">Otel banyolar\u0131n\u0131n hijyenik ve konforlu olmas\u0131, misafir deneyimi a\u00e7\u0131s\u0131ndan b\u00fcy\u00fck \u00f6nem ta\u015f\u0131r. Bu noktada, <strong><a href=\"https:\/\/globalhotel.com.tr\/de\/\">Klozet Kapa\u011f\u0131 Ka\u011f\u0131d\u0131 Dispanseri<\/a><\/strong>, otel banyolar\u0131nda vazge\u00e7ilmez bir \u00fcr\u00fcn olarak \u00f6n plana \u00e7\u0131kar. Misafirlerin klozet kapa\u011f\u0131n\u0131 kullanmadan \u00f6nce hijyenik bir \u00f6rt\u00fc kullanmalar\u0131n\u0131 sa\u011flayan bu pratik \u00fcr\u00fcn, banyo hijyenini sa\u011flamakla kalmaz, ayn\u0131 zamanda \u015f\u0131kl\u0131\u011f\u0131yla da dikkat \u00e7eker.  <\/p>\n<p class=\"\" data-start=\"474\" data-end=\"504\"><strong data-start=\"474\" data-end=\"504\">Hijyen ve Konfor Bir Arada<\/strong><\/p>\n<p class=\"\" data-start=\"506\" data-end=\"1003\">Klozet Kapa\u011f\u0131 Ka\u011f\u0131d\u0131 Dispanseri, misafirlerin klozet kapa\u011f\u0131n\u0131 kullanmadan \u00f6nce, tek kullan\u0131ml\u0131k hijyenik \u00f6rt\u00fcler ile kaplamalar\u0131n\u0131 sa\u011flar. B\u00f6ylece, her kullan\u0131mda temiz ve g\u00fcvenli bir ortam sunarak hijyenik bir deneyim ya\u015fat\u0131r. Otel misafirlerinin, banyo kullan\u0131m\u0131nda g\u00fcvenlik ve temizlik konusunda endi\u015fe duymadan rahat\u00e7a zaman ge\u00e7irebilmesi, otelinizin imaj\u0131 a\u00e7\u0131s\u0131ndan \u00f6nemlidir. Dayan\u0131kl\u0131 malzeme yap\u0131s\u0131, uzun \u00f6m\u00fcrl\u00fc kullan\u0131m sa\u011flarken, zarif tasar\u0131m\u0131 her t\u00fcrl\u00fc banyo dekorasyonuna uyum sa\u011flar.   <\/p>\n<p class=\"\" data-start=\"1005\" data-end=\"1035\"><strong data-start=\"1005\" data-end=\"1035\">\u015e\u0131k ve Fonksiyonel Tasar\u0131m<\/strong><\/p>\n<p class=\"\" data-start=\"1037\" data-end=\"1378\">Klozet Kapa\u011f\u0131 Ka\u011f\u0131d\u0131 Dispanseri, sadece i\u015flevsel de\u011fil, ayn\u0131 zamanda estetik a\u00e7\u0131dan da b\u00fcy\u00fck bir \u00f6neme sahiptir. Modern tasar\u0131m\u0131 sayesinde, otel banyolar\u0131nda \u015f\u0131kl\u0131\u011f\u0131 art\u0131r\u0131r ve uyumlu bir g\u00f6r\u00fcn\u00fcm elde edilmesini sa\u011flar. Otel banyo dekorasyonuyla m\u00fckemmel bir uyum i\u00e7erisinde yer alan dispanser, misafirlere g\u00f6rsel a\u00e7\u0131dan da memnuniyet sunar.  <\/p>\n<p class=\"\" data-start=\"1380\" data-end=\"1410\"><strong data-start=\"1380\" data-end=\"1410\">Kolay Kullan\u0131m ve Temizlik<\/strong><\/p>\n<p class=\"\" data-start=\"1412\" data-end=\"1813\">Bu \u00fcr\u00fcn, kullan\u0131m a\u00e7\u0131s\u0131ndan son derece pratiktir. Misafirler, klozet kapa\u011f\u0131n\u0131 kullanmadan \u00f6nce hijyenik ka\u011f\u0131t \u00f6rt\u00fcy\u00fc kolayca alabilirler. Ayn\u0131 zamanda, dispanserin temizli\u011fi de olduk\u00e7a basittir, bu da otel y\u00f6netimi i\u00e7in \u00f6nemli bir avantaj sa\u011flar. Her bir kullan\u0131mda hijyenik bir ortam sunarak, misafirlerin temizlik konusunda herhangi bir \u015f\u00fcphe duymadan otelinizden memnun ayr\u0131lmalar\u0131na yard\u0131mc\u0131 olur.   <\/p>\n<p class=\"\" data-start=\"1815\" data-end=\"1843\"><strong data-start=\"1815\" data-end=\"1843\">Dayan\u0131kl\u0131l\u0131k ve G\u00fcvenlik<\/strong><\/p>\n<p class=\"\" data-start=\"1845\" data-end=\"2180\">Otel banyolar\u0131nda s\u0131kl\u0131kla kullan\u0131lan bir \u00fcr\u00fcn olan Klozet Kapa\u011f\u0131 Ka\u011f\u0131d\u0131 Dispanseri, dayan\u0131kl\u0131 malzemelerden \u00fcretilmi\u015ftir. Zorlu ko\u015fullarda uzun s\u00fcre kullan\u0131m i\u00e7in tasarlanm\u0131\u015f bu \u00fcr\u00fcn, otel i\u015fletmeleri i\u00e7in ekonomik ve g\u00fcvenli bir tercihtir. Misafirlerin sa\u011fl\u0131\u011f\u0131na \u00f6nem veren otel y\u00f6neticileri i\u00e7in, bu dispanser ideal bir \u00e7\u00f6z\u00fcm sunar.  <\/p>\n<p class=\"\" data-start=\"2182\" data-end=\"2534\">Klozet Kapa\u011f\u0131 Ka\u011f\u0131d\u0131 Dispanseri, otel banyolar\u0131nda hijyen ve konforu bir araya getiren pratik bir \u00fcr\u00fcnd\u00fcr. \u015e\u0131k tasar\u0131m\u0131, dayan\u0131kl\u0131 yap\u0131s\u0131 ve fonksiyonel kullan\u0131m kolayl\u0131\u011f\u0131 ile misafirlerinize kaliteli bir hizmet sunar. Bu \u00fcr\u00fcn, otelinizin hijyen standartlar\u0131n\u0131 y\u00fckseltirken, misafirlerinize g\u00fcvenli ve rahat bir banyo deneyimi sa\u011flar.  <\/p>\n<div id=\"254C497F_ED5F_539E_BF08_9192F9A99B64\"><\/div>\n","protected":false},"excerpt":{"rendered":"<p>Der<strong> BNY-025 Toilettendeckel-Papierspender <\/strong>ist ein praktisches Produkt, das f\u00fcr eine hygienische Nutzung und Reinigung in Hotelb\u00e4dern sorgt. Er erm\u00f6glicht es den G\u00e4sten, einen hygienischen Deckel zu verwenden, bevor sie den Toilettensitz benutzen. Mit seinem strapazierf\u00e4higen Material und seinem stilvollen Design passt er sich der Badezimmereinrichtung an und bietet Ihren G\u00e4sten gleichzeitig eine komfortable Nutzung. Der Toilettendeckel-Papierspender bietet Ihren G\u00e4sten eine sichere Benutzung, indem er die Hygiene und den Komfort in Hotelb\u00e4dern erh\u00f6ht.   <\/p>\n<ul>\n<li><strong>Gr\u00f6\u00dfe :<\/strong> 390 \u00d7 270 \u00d7 50 mm<\/li>\n<li><strong>Gewicht:<\/strong> 50 gr<\/li>\n<li><strong>St\u00fcck im Paket:<\/strong> 30<\/li>\n<li><strong>Gr\u00f6\u00dfe des Pakets:<\/strong> 980 x 680 x 330 mm<\/li>\n<li><strong>Volumen:<\/strong> 0.22 m<sup>3<\/sup><\/li>\n<\/ul>\n","protected":false},"featured_media":3857,"comment_status":"open","ping_status":"closed","template":"","meta":{"inline_featured_image":false},"product_brand":[],"product_cat":[156,153],"product_tag":[],"class_list":{"0":"post-3856","1":"product","2":"type-product","3":"status-publish","4":"has-post-thumbnail","6":"product_cat-hotel-badezimmer-accessoires","7":"product_cat-nassbereich-ausrustungen","8":"tm-has-options","10":"first","11":"instock","12":"shipping-taxable","13":"product-type-simple"},"_links":{"self":[{"href":"https:\/\/globalhotel.com.tr\/de\/wp-json\/wp\/v2\/product\/3856","targetHints":{"allow":["GET"]}}],"collection":[{"href":"https:\/\/globalhotel.com.tr\/de\/wp-json\/wp\/v2\/product"}],"about":[{"href":"https:\/\/globalhotel.com.tr\/de\/wp-json\/wp\/v2\/types\/product"}],"replies":[{"embeddable":true,"href":"https:\/\/globalhotel.com.tr\/de\/wp-json\/wp\/v2\/comments?post=3856"}],"wp:featuredmedia":[{"embeddable":true,"href":"https:\/\/globalhotel.com.tr\/de\/wp-json\/wp\/v2\/media\/3857"}],"wp:attachment":[{"href":"https:\/\/globalhotel.com.tr\/de\/wp-json\/wp\/v2\/media?parent=3856"}],"wp:term":[{"taxonomy":"product_brand","embeddable":true,"href":"https:\/\/globalhotel.com.tr\/de\/wp-json\/wp\/v2\/product_brand?post=3856"},{"taxonomy":"product_cat","embeddable":true,"href":"https:\/\/globalhotel.com.tr\/de\/wp-json\/wp\/v2\/product_cat?post=3856"},{"taxonomy":"product_tag","embeddable":true,"href":"https:\/\/globalhotel.com.tr\/de\/wp-json\/wp\/v2\/product_tag?post=3856"}],"curies":[{"name":"wp","href":"https:\/\/api.w.org\/{rel}","templated":true}]}}