{"id":3852,"date":"2024-09-26T17:03:47","date_gmt":"2024-09-26T14:03:47","guid":{"rendered":"https:\/\/globalhotel.com.tr\/urun\/treteimer-12-lt\/"},"modified":"2024-09-26T17:03:47","modified_gmt":"2024-09-26T14:03:47","slug":"treteimer-12-lt","status":"publish","type":"product","link":"https:\/\/globalhotel.com.tr\/de\/urun\/treteimer-12-lt\/","title":{"rendered":"Treteimer 12 Lt"},"content":{"rendered":"<h2 class=\"product-title product_title entry-title\"><strong>Treteimer 12 Lt<\/strong><\/h2>\n<p class=\"\" data-start=\"241\" data-end=\"602\">Otel, hastane, restoran ve benzeri profesyonel i\u015fletmelerde hijyenin \u00f6n planda tutuldu\u011fu alanlarda \u00e7\u00f6p at\u0131m\u0131 i\u00e7in pratik, \u015f\u0131k ve dayan\u0131kl\u0131 bir \u00e7\u00f6z\u00fcm ar\u0131yorsan\u0131z, <a href=\"https:\/\/globalhotel.com.tr\/de\/\"><strong data-start=\"403\" data-end=\"431\">Pedall\u0131 \u00c7\u00f6p Kovas\u0131 12 Lt<\/strong><\/a> ihtiyac\u0131n\u0131z olan \u00fcr\u00fcnd\u00fcr. Kullan\u0131c\u0131 dostu tasar\u0131m\u0131 ve ergonomik yap\u0131s\u0131yla dikkat \u00e7eken bu \u00e7\u00f6p kovas\u0131, hem estetik hem de i\u015flevsellik bak\u0131m\u0131ndan beklentilerinizi kar\u015f\u0131lar. <\/p>\n<p class=\"\" data-start=\"604\" data-end=\"1016\">12 litrelik kapasitesi, g\u00fcnl\u00fck kullan\u0131ma son derece uygundur. \u00d6zellikle otel odalar\u0131, lobi alanlar\u0131, ofisler, tuvaletler veya lavabolar gibi orta hacimli \u00e7\u00f6p ihtiyac\u0131 bulunan alanlarda tercih edilir. Kompakt yap\u0131s\u0131 sayesinde fazla yer kaplamaz, bulundu\u011fu ortama d\u00fczen ve temizlik katar. Saten g\u00f6r\u00fcn\u00fcml\u00fc d\u0131\u015f y\u00fczeyi sayesinde ise \u015f\u0131kl\u0131\u011f\u0131ndan \u00f6d\u00fcn vermez; modern i\u00e7 mek\u00e2n dekorasyonlar\u0131yla m\u00fckemmel bir uyum sa\u011flar.   <\/p>\n<p class=\"\" data-start=\"1018\" data-end=\"1323\">Pedall\u0131 mekanizmas\u0131, \u00e7\u00f6p at\u0131m\u0131nda ellerin kullan\u0131lmas\u0131na gerek kalmadan i\u015flem yap\u0131lmas\u0131na imk\u00e2n tan\u0131r. Bu da \u00f6zellikle kalabal\u0131k ve yo\u011fun kullan\u0131lan alanlarda hijyenin korunmas\u0131na b\u00fcy\u00fck katk\u0131 sa\u011flar. Paslanmaz metal g\u00f6vdesi ise uzun \u00f6m\u00fcrl\u00fc kullan\u0131m sunar. Hem i\u00e7 hem d\u0131\u015f mek\u00e2nlarda g\u00fcvenle kullan\u0131labilir.   <\/p>\n<p class=\"\" data-start=\"1325\" data-end=\"1576\">\u0130\u00e7 haznesi kolayca \u00e7\u0131kar\u0131labilir yap\u0131dad\u0131r. Bu sayede temizlik ve \u00e7\u00f6p bo\u015faltma i\u015flemleri h\u0131zl\u0131 ve zahmetsiz bir \u015fekilde ger\u00e7ekle\u015ftirilir. Ayr\u0131ca koku yay\u0131l\u0131m\u0131n\u0131 engelleyen kapak sistemi, ortam\u0131n ferahl\u0131\u011f\u0131n\u0131 korur ve k\u00f6t\u00fc kokular\u0131n yay\u0131lmas\u0131n\u0131 \u00f6nler.  <\/p>\n<div id=\"254C497F_ED5F_539E_BF08_9192F9A99B64\"><\/div>\n","protected":false},"excerpt":{"rendered":"<p>Der <strong>Pedal Bin 12 Lt <\/strong>bietet eine hygienische und praktische L\u00f6sung f\u00fcr Hotelb\u00e4der. Dank seines Tretmechanismus k\u00f6nnen Sie den M\u00fcll einfach wegwerfen, ohne die H\u00e4nde zu benutzen, was eine saubere und hygienische Nutzung erm\u00f6glicht. Sein Fassungsverm\u00f6gen von 12 Litern bietet gen\u00fcgend Volumen f\u00fcr den t\u00e4glichen Gebrauch und sorgt f\u00fcr Ordnung im Bad. Mit seinem strapazierf\u00e4higen Material ist er langlebig und erg\u00e4nzt die Badezimmereinrichtung mit seinem modernen Design. Der <strong>Pedal Bin 12 Lt<\/strong> ist eine hygienische, praktische und stilvolle L\u00f6sung f\u00fcr Hotelb\u00e4der und bietet Ihren G\u00e4sten ein angenehmes Nutzungserlebnis.   <\/p>\n<ul>\n<li><strong>Gr\u00f6\u00dfe<\/strong>: 355 \u00d7 250 \u00d7 245 mm<\/li>\n<li><strong>Gewicht:<\/strong> 1075 g<\/li>\n<li><strong>Anzahl in der Parzelle:<\/strong> 6<\/li>\n<li><strong>Gr\u00f6\u00dfe des Pakets:<\/strong> 360 x 900 x 600 mm<\/li>\n<li><strong>Volumen:<\/strong> 0,194 m<sup>3<\/sup><\/li>\n<\/ul>\n","protected":false},"featured_media":3853,"comment_status":"open","ping_status":"closed","template":"","meta":{"inline_featured_image":false},"product_brand":[],"product_cat":[156,153],"product_tag":[],"class_list":{"0":"post-3852","1":"product","2":"type-product","3":"status-publish","4":"has-post-thumbnail","6":"product_cat-hotel-badezimmer-accessoires","7":"product_cat-nassbereich-ausrustungen","8":"tm-has-options","10":"first","11":"instock","12":"shipping-taxable","13":"product-type-simple"},"_links":{"self":[{"href":"https:\/\/globalhotel.com.tr\/de\/wp-json\/wp\/v2\/product\/3852","targetHints":{"allow":["GET"]}}],"collection":[{"href":"https:\/\/globalhotel.com.tr\/de\/wp-json\/wp\/v2\/product"}],"about":[{"href":"https:\/\/globalhotel.com.tr\/de\/wp-json\/wp\/v2\/types\/product"}],"replies":[{"embeddable":true,"href":"https:\/\/globalhotel.com.tr\/de\/wp-json\/wp\/v2\/comments?post=3852"}],"wp:featuredmedia":[{"embeddable":true,"href":"https:\/\/globalhotel.com.tr\/de\/wp-json\/wp\/v2\/media\/3853"}],"wp:attachment":[{"href":"https:\/\/globalhotel.com.tr\/de\/wp-json\/wp\/v2\/media?parent=3852"}],"wp:term":[{"taxonomy":"product_brand","embeddable":true,"href":"https:\/\/globalhotel.com.tr\/de\/wp-json\/wp\/v2\/product_brand?post=3852"},{"taxonomy":"product_cat","embeddable":true,"href":"https:\/\/globalhotel.com.tr\/de\/wp-json\/wp\/v2\/product_cat?post=3852"},{"taxonomy":"product_tag","embeddable":true,"href":"https:\/\/globalhotel.com.tr\/de\/wp-json\/wp\/v2\/product_tag?post=3852"}],"curies":[{"name":"wp","href":"https:\/\/api.w.org\/{rel}","templated":true}]}}