{"id":3850,"date":"2024-09-26T17:03:47","date_gmt":"2024-09-26T14:03:47","guid":{"rendered":"https:\/\/globalhotel.com.tr\/urun\/bny-027-led-gelenk-makeup-spiegel\/"},"modified":"2024-09-26T17:03:47","modified_gmt":"2024-09-26T14:03:47","slug":"bny-027-led-gelenk-makeup-spiegel","status":"publish","type":"product","link":"https:\/\/globalhotel.com.tr\/de\/urun\/bny-027-led-gelenk-makeup-spiegel\/","title":{"rendered":"BNY-027 Led-Gelenk-Makeup-Spiegel"},"content":{"rendered":"<h2 data-start=\"0\" data-end=\"87\"><strong>LED\u2019li Mafsall\u0131 Makyaj Aynas\u0131<\/strong><\/h2>\n<p class=\"\" data-start=\"89\" data-end=\"523\">Otel banyolar\u0131nda makyaj ve ki\u015fisel bak\u0131m i\u015flemlerini kolayla\u015ft\u0131ran, modern ve fonksiyonel bir \u00fcr\u00fcn aray\u0131\u015f\u0131nda olanlar i\u00e7in <a href=\"https:\/\/globalhotel.com.tr\/de\/\"><strong data-start=\"213\" data-end=\"246\">LED\u2019li Mafsall\u0131 Makyaj Aynas\u0131<\/strong><\/a> m\u00fckemmel bir se\u00e7enek sunuyor. Misafirlerinizi memnun etmek ve onlara unutulmaz bir deneyim ya\u015fatmak i\u00e7in ideal olan bu makyaj aynas\u0131, zarif tasar\u0131m\u0131 ve pratik \u00f6zellikleri ile otel banyolar\u0131na \u015f\u0131kl\u0131k katarken, ayn\u0131 zamanda g\u00fcnl\u00fck bak\u0131m ihtiya\u00e7lar\u0131na en iyi \u015fekilde cevap verir. <\/p>\n<p class=\"\" data-start=\"525\" data-end=\"1056\"><strong data-start=\"525\" data-end=\"570\">Entegre LED I\u015f\u0131\u011f\u0131 ile M\u00fckemmel Ayd\u0131nlatma<\/strong><br data-start=\"570\" data-end=\"573\">LED\u2019li Mafsall\u0131 Makyaj Aynas\u0131, entegre LED \u0131\u015f\u0131klar\u0131 sayesinde makyaj yaparken veya t\u0131ra\u015f olurken m\u00fckemmel bir ayd\u0131nlatma sa\u011flar. LED teknolojisinin sundu\u011fu avantajlarla, cilt tonunuzu do\u011fru bir \u015fekilde g\u00f6rebilir ve en ince detaylar\u0131 bile rahatl\u0131kla fark edebilirsiniz. Ayr\u0131ca, uzun \u00f6m\u00fcrl\u00fc LED \u0131\u015f\u0131klar, enerji tasarrufu sa\u011flarken, s\u00fcrekli olarak net ve d\u00fczg\u00fcn bir ayd\u0131nlatma deneyimi sunar. Bu sayede misafirlerinizin makyaj veya ki\u015fisel bak\u0131m rutinlerinde hi\u00e7bir detay g\u00f6zden ka\u00e7maz.   <\/p>\n<p class=\"\" data-start=\"1058\" data-end=\"1543\"><strong data-start=\"1058\" data-end=\"1098\">Mafsall\u0131 Yap\u0131 ile Esneklik ve Konfor<\/strong><br data-start=\"1098\" data-end=\"1101\">Makyaj aynas\u0131n\u0131n mafsall\u0131 yap\u0131s\u0131, kullan\u0131m kolayl\u0131\u011f\u0131 ve esneklik sa\u011flar. Aynay\u0131 istedi\u011finiz a\u00e7\u0131ya \u00e7evirebilirsiniz, bu da \u00f6zellikle makyaj yaparken veya t\u0131ra\u015f olurken farkl\u0131 a\u00e7\u0131lardan net bir g\u00f6r\u00fc\u015f sa\u011flar. Aynan\u0131n yerini de\u011fi\u015ftirmek olduk\u00e7a pratik oldu\u011fu i\u00e7in, her misafir farkl\u0131 ihtiya\u00e7lar\u0131na g\u00f6re rahat\u00e7a kullan\u0131m sa\u011flayabilir. Bu fonksiyonel tasar\u0131m, otel banyolar\u0131nda kullan\u0131m kolayl\u0131\u011f\u0131 yarat\u0131r ve her misafire konforlu bir deneyim sunar.   <\/p>\n<p class=\"\" data-start=\"1545\" data-end=\"2003\"><strong data-start=\"1545\" data-end=\"1576\">Dayan\u0131kl\u0131 ve Modern Tasar\u0131m<\/strong><br data-start=\"1576\" data-end=\"1579\">Dayan\u0131kl\u0131 malzemelerden \u00fcretilen bu makyaj aynas\u0131, uzun \u00f6m\u00fcrl\u00fc kullan\u0131m garantisi verir. Otel ortam\u0131n\u0131n yo\u011fun kullan\u0131m\u0131na uygun olarak tasarlanm\u0131\u015f olan LED\u2019li Mafsall\u0131 Makyaj Aynas\u0131, estetik a\u00e7\u0131dan da olduk\u00e7a zarif bir g\u00f6r\u00fcn\u00fcme sahiptir. Modern tasar\u0131m\u0131, otel banyonuzun dekorasyonuna uyum sa\u011flar ve \u015f\u0131kl\u0131\u011f\u0131yla dikkat \u00e7eker. Aynan\u0131n hem fonksiyonelli\u011fi hem de tasar\u0131m\u0131, otelinizin kaliteli hizmet anlay\u0131\u015f\u0131na katk\u0131da bulunur.   <\/p>\n<p class=\"\" data-start=\"2005\" data-end=\"2423\">LED\u2019li Mafsall\u0131 Makyaj Aynas\u0131, otel banyolar\u0131nda konfor, i\u015flevsellik ve \u015f\u0131kl\u0131\u011f\u0131 bir arada sunarak misafirlerinize rahat bir bak\u0131m deneyimi sa\u011flar. M\u00fckemmel ayd\u0131nlatma, esnek kullan\u0131m imk\u00e2n\u0131 ve dayan\u0131kl\u0131 yap\u0131s\u0131yla bu \u00fcr\u00fcn, otelinizin banyolar\u0131nda vazge\u00e7ilmez bir par\u00e7a olacakt\u0131r. Misafirlerinizin kendilerini \u00f6zel hissetmelerini sa\u011flayan bu yenilik\u00e7i \u00fcr\u00fcn, otelinizin kaliteli imaj\u0131na katk\u0131da bulunur.  <\/p>\n<div id=\"254C497F_ED5F_539E_BF08_9192F9A99B64\"><\/div>\n","protected":false},"excerpt":{"rendered":"<p>Der<strong> Led-Gelenkspiegel BNY-027<\/strong> ist ein elegantes und funktionelles Produkt, das die Make-up- und K\u00f6rperpflege in Hotelb\u00e4dern erleichtert. Integrierte LED-Leuchten sorgen f\u00fcr eine klare und gleichm\u00e4\u00dfige Beleuchtung, die eine perfekte Sicht beim Auftragen von Make-up oder beim Rasieren erm\u00f6glicht. Dank seiner gelenkigen Struktur k\u00f6nnen Sie den Spiegel in jeden gew\u00fcnschten Winkel drehen, was f\u00fcr Benutzerfreundlichkeit und Flexibilit\u00e4t sorgt. Sein modernes Design und das robuste Material sorgen f\u00fcr eine lange Lebensdauer. Der Led Articulated Make-up Mirror bietet Komfort und Funktionalit\u00e4t in Hotelbadezimmern und bietet Ihren G\u00e4sten ein angenehmes Pflegeerlebnis.    <\/p>\n<ul>\n<li><strong>Gr\u00f6\u00dfe<\/strong>: 220 \u00d7 220 \u00d7 345 mm<\/li>\n<li><strong>Gewicht:<\/strong> 750 gr<\/li>\n<li><strong>St\u00fcck im Paket:<\/strong> 1<\/li>\n<li><strong>Gr\u00f6\u00dfe des Pakets:<\/strong> 270 x 240 x 150 mm<\/li>\n<li><strong>Volumen:<\/strong> 0,01 m<sup>3<\/sup><\/li>\n<\/ul>\n","protected":false},"featured_media":3851,"comment_status":"open","ping_status":"closed","template":"","meta":{"inline_featured_image":false},"product_brand":[],"product_cat":[156,153],"product_tag":[],"class_list":{"0":"post-3850","1":"product","2":"type-product","3":"status-publish","4":"has-post-thumbnail","6":"product_cat-hotel-badezimmer-accessoires","7":"product_cat-nassbereich-ausrustungen","8":"tm-has-options","10":"first","11":"instock","12":"shipping-taxable","13":"product-type-simple"},"_links":{"self":[{"href":"https:\/\/globalhotel.com.tr\/de\/wp-json\/wp\/v2\/product\/3850","targetHints":{"allow":["GET"]}}],"collection":[{"href":"https:\/\/globalhotel.com.tr\/de\/wp-json\/wp\/v2\/product"}],"about":[{"href":"https:\/\/globalhotel.com.tr\/de\/wp-json\/wp\/v2\/types\/product"}],"replies":[{"embeddable":true,"href":"https:\/\/globalhotel.com.tr\/de\/wp-json\/wp\/v2\/comments?post=3850"}],"wp:featuredmedia":[{"embeddable":true,"href":"https:\/\/globalhotel.com.tr\/de\/wp-json\/wp\/v2\/media\/3851"}],"wp:attachment":[{"href":"https:\/\/globalhotel.com.tr\/de\/wp-json\/wp\/v2\/media?parent=3850"}],"wp:term":[{"taxonomy":"product_brand","embeddable":true,"href":"https:\/\/globalhotel.com.tr\/de\/wp-json\/wp\/v2\/product_brand?post=3850"},{"taxonomy":"product_cat","embeddable":true,"href":"https:\/\/globalhotel.com.tr\/de\/wp-json\/wp\/v2\/product_cat?post=3850"},{"taxonomy":"product_tag","embeddable":true,"href":"https:\/\/globalhotel.com.tr\/de\/wp-json\/wp\/v2\/product_tag?post=3850"}],"curies":[{"name":"wp","href":"https:\/\/api.w.org\/{rel}","templated":true}]}}