{"id":3829,"date":"2024-09-26T17:04:08","date_gmt":"2024-09-26T14:04:08","guid":{"rendered":"https:\/\/globalhotel.com.tr\/urun\/bny-037-schwarzer-luxurioser-langer-handtuchhalter\/"},"modified":"2024-09-26T17:04:08","modified_gmt":"2024-09-26T14:04:08","slug":"bny-037-schwarzer-luxurioser-langer-handtuchhalter","status":"publish","type":"product","link":"https:\/\/globalhotel.com.tr\/de\/urun\/bny-037-schwarzer-luxurioser-langer-handtuchhalter\/","title":{"rendered":"BNY-037 Schwarzer luxuri\u00f6ser langer Handtuchhalter"},"content":{"rendered":"<h2 class=\"product-title product_title entry-title\"><strong>Schwarzer luxuri\u00f6ser langer Handtuchhalter<\/strong><\/h2>\n<p class=\"\" data-start=\"213\" data-end=\"679\">Banyo dekorasyonunun en zarif tamamlay\u0131c\u0131lar\u0131ndan biri olan <a href=\"https:\/\/globalhotel.com.tr\/de\/\"><strong data-start=\"273\" data-end=\"301\">Siyah L\u00fcks Uzun Havluluk<\/strong><\/a>, otel konseptine \u00f6zel \u015f\u0131kl\u0131\u011f\u0131 ve kullan\u0131m kolayl\u0131\u011f\u0131yla dikkat \u00e7ekiyor. Modern \u00e7izgilere sahip tasar\u0131m\u0131, her detayda kaliteyi hissettiren dokusuyla, otel banyolar\u0131nda fark yaratmak isteyen i\u015fletmeler i\u00e7in ideal bir tercihtir. Siyah rengin asaletini minimal ve uzun formuyla bulu\u015fturan bu havluluk, l\u00fcks otel konuklar\u0131n\u0131n beklentilerini kar\u015f\u0131lamaya y\u00f6nelik olarak tasarlanm\u0131\u015ft\u0131r.  <\/p>\n<p class=\"\" data-start=\"681\" data-end=\"1209\">Paslanmaz \u00e7elikten \u00fcretilen g\u00f6vdesi, nemli ortamlarda uzun y\u0131llar boyunca g\u00fcvenle kullan\u0131m sunarken; elektrostatik mat siyah kaplamas\u0131, \u00e7izilmelere ve lekelere kar\u015f\u0131 ekstra diren\u00e7 sa\u011flar. 60-80 cm aras\u0131nda de\u011fi\u015febilen uzunlu\u011fu sayesinde birden fazla havlunun d\u00fczenli bir \u015fekilde as\u0131lmas\u0131na olanak tan\u0131r. Bu da hem temizlik hem de estetik a\u00e7\u0131dan banyolarda d\u00fczeni kolayla\u015ft\u0131r\u0131r. Otel m\u00fc\u015fterilerinin konforu d\u00fc\u015f\u00fcn\u00fclerek tasarlanan yuvarlat\u0131lm\u0131\u015f kenarlar, g\u00fcvenli bir kullan\u0131m sunarken ayn\u0131 zamanda g\u00f6rsel bir yumu\u015fakl\u0131k da sa\u011flar.   <\/p>\n<p class=\"\" data-start=\"1211\" data-end=\"1570\">Kurulum a\u00e7\u0131s\u0131ndan da avantajl\u0131 olan Siyah L\u00fcks Uzun Havluluk, duvara vidalanarak sa\u011flam bir \u015fekilde monte edilir. Montaj i\u00e7in gerekli olan t\u00fcm vida ve d\u00fcbel seti \u00fcr\u00fcnle birlikte gelir. Ayr\u0131ca sade ve zarif yap\u0131s\u0131yla, yaln\u0131zca otel banyolar\u0131nda de\u011fil; butik oteller, spa merkezleri, l\u00fcks rezidanslar ve se\u00e7kin restoranlar\u0131n lavabolar\u0131nda da kullan\u0131ma uygundur.  <\/p>\n<p class=\"\" data-start=\"1572\" data-end=\"1886\">Estetik g\u00f6r\u00fcn\u00fcm\u00fcyle l\u00fcks bir atmosfer yaratan bu havluluk, ayn\u0131 zamanda i\u015flevselli\u011fiyle de \u00f6n plana \u00e7\u0131kar. G\u00fcn\u00fcm\u00fczde banyo aksesuarlar\u0131 yaln\u0131zca i\u015flevsel de\u011fil, ayn\u0131 zamanda dekoratif unsurlar haline gelmi\u015ftir. Siyah L\u00fcks Uzun Havluluk, bu iki \u00f6zelli\u011fi kusursuzca birle\u015ftirerek profesyonel i\u015fletmelere de\u011fer katar.  <\/p>\n<div id=\"254C497F_ED5F_539E_BF08_9192F9A99B64\"><\/div>\n","protected":false},"excerpt":{"rendered":"<p><strong>BNY-037 Black Luxury Long Towel Holder<\/strong> ist ein elegantes Produkt f\u00fcr Hotelb\u00e4der, das Eleganz und Funktionalit\u00e4t vereint. Seine lange Struktur erm\u00f6glicht es, gro\u00dfe Handt\u00fccher geordnet aufzuh\u00e4ngen, und sein modernes schwarzes Design f\u00fcgt sich perfekt in die Einrichtung von Hotelb\u00e4dern ein. Mit seinem langlebigen Material und seinem stilvollen Aussehen bietet er eine \u00e4sthetische und praktische L\u00f6sung f\u00fcr Ihr Badezimmer.  <\/p>\n<ul>\n<li><strong>Gr\u00f6\u00dfe:<\/strong> 60 x 508 x 50 mm<\/li>\n<li><strong>Gewicht:<\/strong> 500 gr<\/li>\n<li><strong>St\u00fcck im Paket:<\/strong>10<\/li>\n<li><strong>Gr\u00f6\u00dfe des Pakets:<\/strong> 620 x 350 x 170 mm<\/li>\n<li><strong>Volumen:<\/strong> 0.037 m<sup>3<\/sup><\/li>\n<\/ul>\n","protected":false},"featured_media":3830,"comment_status":"open","ping_status":"closed","template":"","meta":{"inline_featured_image":false},"product_brand":[],"product_cat":[156,153],"product_tag":[],"class_list":{"0":"post-3829","1":"product","2":"type-product","3":"status-publish","4":"has-post-thumbnail","6":"product_cat-hotel-badezimmer-accessoires","7":"product_cat-nassbereich-ausrustungen","8":"tm-has-options","10":"first","11":"instock","12":"shipping-taxable","13":"product-type-simple"},"_links":{"self":[{"href":"https:\/\/globalhotel.com.tr\/de\/wp-json\/wp\/v2\/product\/3829","targetHints":{"allow":["GET"]}}],"collection":[{"href":"https:\/\/globalhotel.com.tr\/de\/wp-json\/wp\/v2\/product"}],"about":[{"href":"https:\/\/globalhotel.com.tr\/de\/wp-json\/wp\/v2\/types\/product"}],"replies":[{"embeddable":true,"href":"https:\/\/globalhotel.com.tr\/de\/wp-json\/wp\/v2\/comments?post=3829"}],"wp:featuredmedia":[{"embeddable":true,"href":"https:\/\/globalhotel.com.tr\/de\/wp-json\/wp\/v2\/media\/3830"}],"wp:attachment":[{"href":"https:\/\/globalhotel.com.tr\/de\/wp-json\/wp\/v2\/media?parent=3829"}],"wp:term":[{"taxonomy":"product_brand","embeddable":true,"href":"https:\/\/globalhotel.com.tr\/de\/wp-json\/wp\/v2\/product_brand?post=3829"},{"taxonomy":"product_cat","embeddable":true,"href":"https:\/\/globalhotel.com.tr\/de\/wp-json\/wp\/v2\/product_cat?post=3829"},{"taxonomy":"product_tag","embeddable":true,"href":"https:\/\/globalhotel.com.tr\/de\/wp-json\/wp\/v2\/product_tag?post=3829"}],"curies":[{"name":"wp","href":"https:\/\/api.w.org\/{rel}","templated":true}]}}