{"id":3819,"date":"2024-09-26T17:04:08","date_gmt":"2024-09-26T14:04:08","guid":{"rendered":"https:\/\/globalhotel.com.tr\/urun\/schublade-hotel-typ-haartrockner\/"},"modified":"2024-09-26T17:04:08","modified_gmt":"2024-09-26T14:04:08","slug":"schublade-hotel-typ-haartrockner","status":"publish","type":"product","link":"https:\/\/globalhotel.com.tr\/de\/urun\/schublade-hotel-typ-haartrockner\/","title":{"rendered":"Schublade Hotel Typ Haartrockner"},"content":{"rendered":"<h2 data-start=\"0\" data-end=\"70\"><strong data-start=\"0\" data-end=\"68\">Schublade Hotel Typ Haartrockner<\/strong><\/h2>\n<p data-start=\"72\" data-end=\"583\">Otel odalar\u0131n\u0131n konforunu ve \u015f\u0131kl\u0131\u011f\u0131n\u0131 tamamlayan en \u00f6nemli ekipmanlardan biri de <strong data-start=\"154\" data-end=\"185\">otel tipi f\u00f6n makineleridir<\/strong>. <a href=\"https:\/\/globalhotel.com.tr\/de\/\"><strong data-start=\"187\" data-end=\"221\">\u00c7ekmece otel tipi f\u00f6n makinesi<\/strong><\/a>, \u00f6zel tasar\u0131m\u0131 sayesinde hem yer tasarrufu sa\u011flar hem de g\u00fcvenli kullan\u0131m sunar. Kompakt yap\u0131s\u0131 ile \u00e7ekmece i\u00e7ine monte edilebilen bu cihaz, otel misafirlerinin kullan\u0131m\u0131na pratik bir \u015fekilde sunulur. Ergonomik tasar\u0131m\u0131 sayesinde rahat bir tutu\u015f sa\u011flayarak kurutma i\u015flemini kolayla\u015ft\u0131r\u0131rken, g\u00fc\u00e7l\u00fc motoru sayesinde sa\u00e7lar\u0131 h\u0131zl\u0131 ve etkili bir \u015fekilde kurutur.  <\/p>\n<p data-start=\"585\" data-end=\"619\"><strong data-start=\"585\" data-end=\"617\">G\u00fcvenli ve Dayan\u0131kl\u0131 Tasar\u0131m<\/strong><\/p>\n<p data-start=\"621\" data-end=\"1180\">Otel tipi f\u00f6n makinelerinde g\u00fcvenlik en \u00f6nemli unsurlardan biridir. <strong data-start=\"689\" data-end=\"723\">\u00c7ekmece otel tipi f\u00f6n makinesi<\/strong>, a\u015f\u0131r\u0131 \u0131s\u0131nma korumas\u0131 ile g\u00fcvenli kullan\u0131m sa\u011flar. Ayr\u0131ca, otomatik kapanma \u00f6zelli\u011fi sayesinde gereksiz enerji t\u00fcketimini \u00f6nleyerek hem otel i\u015fletmeleri hem de \u00e7evre dostu bir \u00e7\u00f6z\u00fcm sunar. Dayan\u0131kl\u0131 malzemelerden \u00fcretilen g\u00f6vdesi uzun \u00f6m\u00fcrl\u00fc kullan\u0131m sunarken, estetik tasar\u0131m\u0131 da otel odalar\u0131na modern bir dokunu\u015f katar. <strong data-start=\"1047\" data-end=\"1082\">Farkl\u0131 h\u0131z ve s\u0131cakl\u0131k ayarlar\u0131<\/strong>, kullan\u0131c\u0131lar\u0131n ihtiya\u00e7lar\u0131na g\u00f6re ayarlanabilir ve ki\u015fisel tercihlere uygun bir deneyim sunar.  <\/p>\n<p data-start=\"1182\" data-end=\"1213\"><strong data-start=\"1182\" data-end=\"1211\">Konfor ve Pratik Kullan\u0131m<\/strong><\/p>\n<p data-start=\"1215\" data-end=\"1650\">Bu model, <strong data-start=\"1225\" data-end=\"1265\">\u00e7ekmece i\u00e7ine kolayca monte edilerek<\/strong> otel odalar\u0131nda d\u00fczenli bir g\u00f6r\u00fcn\u00fcm sa\u011flar. Kablo karma\u015fas\u0131n\u0131 engelleyen bu tasar\u0131m, hem otel misafirleri hem de temizlik personeli i\u00e7in avantaj sunar. Hafif yap\u0131s\u0131 ve ergonomik dizayn\u0131 sayesinde kolay bir kullan\u0131m sa\u011flayarak her misafirin rahat\u00e7a kullanabilmesine olanak tan\u0131r. Sessiz \u00e7al\u0131\u015fmas\u0131 sayesinde, odadaki di\u011fer misafirleri rahats\u0131z etmeden f\u00f6n i\u015flemi ger\u00e7ekle\u015ftirilebilir.   <\/p>\n<div id=\"254C497F_ED5F_539E_BF08_9192F9A99B64\"><\/div>\n","protected":false},"excerpt":{"rendered":"<p>Der <strong>Drawer Type Hotel Blow Dryer<\/strong> ist eine ergonomische L\u00f6sung, die eine organisierte und komfortable Nutzung in Hotelzimmern erm\u00f6glicht. Dank der platzsparenden Montage in der Schublade bietet er mit seinem leistungsstarken 1875-Watt-Motor eine schnelle und effektive Haartrocknungsleistung. Mit seinem eleganten Design und seiner robusten Struktur bietet der <strong>Drawer Hotel Type Blow Dryer <\/strong>sowohl \u00c4sthetik als auch Funktionalit\u00e4t in Ihren Hotelzimmern und bietet Ihren G\u00e4sten ein hervorragendes Erlebnis. <\/p>\n<ul>\n<li>Maximale Leistung: 1875 Watt<\/li>\n<li>Einstellung der Geschwindigkeit 2 Stufen<\/li>\n<li>Einstellen der Temperatur: 3 Schritte<\/li>\n<li>Ein \/ Aus Taste<\/li>\n<li>Einlage Spezialmantel<\/li>\n<li><strong>Gr\u00f6\u00dfe:<\/strong> 256 \u00d7 72 \u00d7 192 mm<\/li>\n<li><strong>Gewicht:<\/strong> 595 gr<\/li>\n<li><strong>St\u00fcck im Paket:<\/strong> 12<\/li>\n<li><strong>Gr\u00f6\u00dfe des Pakets:<\/strong> 450 x 560 x 360 mm<\/li>\n<li><strong>Volumen: <\/strong>0,091 m<sup>3<\/sup><\/li>\n<\/ul>\n","protected":false},"featured_media":3822,"comment_status":"open","ping_status":"closed","template":"","meta":{"inline_featured_image":false},"product_brand":[],"product_cat":[169,153],"product_tag":[170],"class_list":{"0":"post-3819","1":"product","2":"type-product","3":"status-publish","4":"has-post-thumbnail","6":"product_cat-haartrockner-de","7":"product_cat-nassbereich-ausrustungen","8":"product_tag-lifetech-de","9":"tm-has-options","11":"first","12":"instock","13":"shipping-taxable","14":"product-type-simple"},"_links":{"self":[{"href":"https:\/\/globalhotel.com.tr\/de\/wp-json\/wp\/v2\/product\/3819","targetHints":{"allow":["GET"]}}],"collection":[{"href":"https:\/\/globalhotel.com.tr\/de\/wp-json\/wp\/v2\/product"}],"about":[{"href":"https:\/\/globalhotel.com.tr\/de\/wp-json\/wp\/v2\/types\/product"}],"replies":[{"embeddable":true,"href":"https:\/\/globalhotel.com.tr\/de\/wp-json\/wp\/v2\/comments?post=3819"}],"wp:featuredmedia":[{"embeddable":true,"href":"https:\/\/globalhotel.com.tr\/de\/wp-json\/wp\/v2\/media\/3822"}],"wp:attachment":[{"href":"https:\/\/globalhotel.com.tr\/de\/wp-json\/wp\/v2\/media?parent=3819"}],"wp:term":[{"taxonomy":"product_brand","embeddable":true,"href":"https:\/\/globalhotel.com.tr\/de\/wp-json\/wp\/v2\/product_brand?post=3819"},{"taxonomy":"product_cat","embeddable":true,"href":"https:\/\/globalhotel.com.tr\/de\/wp-json\/wp\/v2\/product_cat?post=3819"},{"taxonomy":"product_tag","embeddable":true,"href":"https:\/\/globalhotel.com.tr\/de\/wp-json\/wp\/v2\/product_tag?post=3819"}],"curies":[{"name":"wp","href":"https:\/\/api.w.org\/{rel}","templated":true}]}}