{"id":3814,"date":"2024-09-26T17:04:08","date_gmt":"2024-09-26T14:04:08","guid":{"rendered":"https:\/\/globalhotel.com.tr\/urun\/bny-034-schwarzer-luxus-toilettenpapierhalter-fur-drausen\/"},"modified":"2024-09-26T17:04:08","modified_gmt":"2024-09-26T14:04:08","slug":"bny-034-schwarzer-luxus-toilettenpapierhalter-fur-drausen","status":"publish","type":"product","link":"https:\/\/globalhotel.com.tr\/de\/urun\/bny-034-schwarzer-luxus-toilettenpapierhalter-fur-drausen\/","title":{"rendered":"BNY-034 Schwarzer Luxus Toilettenpapierhalter f\u00fcr drau\u00dfen"},"content":{"rendered":"<p>&nbsp;<\/p>\n<div id=\"254C497F_ED5F_539E_BF08_9192F9A99B64\">\n<h2 class=\"product-title product_title entry-title\"><strong>Schwarzer Luxus Toilettenpapierhalter f\u00fcr drau\u00dfen<\/strong><\/h2>\n<p class=\"\" data-start=\"226\" data-end=\"689\">Modern tasar\u0131m\u0131 ve zarif siyah rengiyle dikkat \u00e7eken <a href=\"https:\/\/globalhotel.com.tr\/de\/\"><strong data-start=\"279\" data-end=\"316\">Siyah L\u00fcks Tuvalet Ka\u011f\u0131tl\u0131\u011f\u0131 A\u00e7\u0131k<\/strong><\/a>, otel, restoran, kafe ve l\u00fcks konutlar i\u00e7in hem estetik hem de i\u015flevsel bir \u00e7\u00f6z\u00fcmd\u00fcr. Banyolarda sadelikten \u00f6d\u00fcn vermeden modern bir g\u00f6r\u00fcn\u00fcm elde etmek isteyenler i\u00e7in ideal olan bu \u00fcr\u00fcn, y\u00fcksek kalite standartlar\u0131nda \u00fcretilmi\u015ftir. A\u00e7\u0131k tasar\u0131m\u0131 sayesinde tuvalet ka\u011f\u0131d\u0131na eri\u015fim olduk\u00e7a kolay ve pratiktir. \u00d6zellikle yo\u011fun kullan\u0131m alanlar\u0131nda kullan\u0131c\u0131ya h\u0131z kazand\u0131r\u0131r.   <\/p>\n<p class=\"\" data-start=\"691\" data-end=\"1117\">\u00dcr\u00fcn\u00fcn ana g\u00f6vdesinde kullan\u0131lan dayan\u0131kl\u0131 metal malzeme, uzun y\u0131llar sorunsuz kullan\u0131m sa\u011flar. Paslanmaya kar\u015f\u0131 diren\u00e7li kaplamas\u0131 ile nemli ortamlarda bile ilk g\u00fcnk\u00fc \u015f\u0131kl\u0131\u011f\u0131n\u0131 korur. Mat siyah y\u00fczeyi ise her t\u00fcrl\u00fc banyo dekorasyonuna modern ve sofistike bir dokunu\u015f katar. A\u00e7\u0131k formu, minimalist tarz\u0131 benimseyen kullan\u0131c\u0131lar i\u00e7in \u015f\u0131k bir tercihtir. Montaj\u0131 olduk\u00e7a kolay olup, duvara sabitlenerek sa\u011flam bir kullan\u0131m sunar.    <\/p>\n<p class=\"\" data-start=\"1119\" data-end=\"1515\"><strong data-start=\"1119\" data-end=\"1145\">Saten otel malzemeleri<\/strong> kategorisinde yer alan bu \u00fcr\u00fcn, \u00f6zellikle butik ve l\u00fcks otellerin banyolar\u0131nda tercih edilmektedir. Zarif g\u00f6r\u00fcn\u00fcm\u00fcyle misafirlerinizin dikkatini \u00e7ekecek, kaliteli ve modern tasar\u0131m\u0131yla i\u015fletmenize prestij katacakt\u0131r. Ayn\u0131 zamanda temizlik ve bak\u0131m kolayl\u0131\u011f\u0131 sayesinde i\u015fletmelere pratiklik sa\u011flar. Leke ve parmak izi tutmayan y\u00fczeyi, hijyen a\u00e7\u0131s\u0131ndan da avantaj sa\u011flar.   <\/p>\n<p class=\"\" data-start=\"1517\" data-end=\"1884\">Siyah L\u00fcks Tuvalet Ka\u011f\u0131tl\u0131\u011f\u0131 A\u00e7\u0131k modeli, sadece bir tuvalet aksesuar\u0131 de\u011fil, ayn\u0131 zamanda banyonuzun tamamlay\u0131c\u0131 dekoratif unsurlar\u0131ndan biridir. Estetik ve i\u015flevselli\u011fi bir arada sunarak, kullan\u0131c\u0131 deneyimini art\u0131r\u0131rken mek\u00e2n\u0131n\u0131za modern bir hava kazand\u0131r\u0131r. Otelinizin kalite anlay\u0131\u015f\u0131n\u0131 yans\u0131tan detaylardan biri olarak, misafirlerinize verdi\u011finiz de\u011feri g\u00f6sterir.  <\/p>\n<\/div>\n","protected":false},"excerpt":{"rendered":"<p><strong>BNY-034 Black Luxury Toilet Roll Holder Open<\/strong> verbindet Eleganz und Funktionalit\u00e4t und bietet einen modernen Look in Hotelb\u00e4dern. Dank seines offenen Designs bietet er einen einfachen Zugriff auf das Toilettenpapier und eine organisierte Nutzung. Seine stilvolle schwarze Farbe erg\u00e4nzt das Hoteldekor, w\u00e4hrend seine robuste Konstruktion eine lange Lebensdauer garantiert. Dieses Produkt bietet sowohl eine \u00e4sthetische als auch eine praktische L\u00f6sung f\u00fcr Ihr Badezimmer.   <\/p>\n<ul>\n<li><strong>Gr\u00f6\u00dfe:<\/strong> 130 x 90 x 90 x 90 mm<\/li>\n<li><strong>Gewicht:<\/strong> 244 gr<\/li>\n<li><strong>St\u00fcck im Paket:<\/strong> 50<\/li>\n<li><strong>Gr\u00f6\u00dfe des Pakets:<\/strong> 280 x 210 x 190 mm<\/li>\n<li><strong>Volumen:<\/strong> 0.011 m<sup>3<\/sup><\/li>\n<\/ul>\n","protected":false},"featured_media":3815,"comment_status":"open","ping_status":"closed","template":"","meta":{"inline_featured_image":false},"product_brand":[],"product_cat":[156,153],"product_tag":[],"class_list":{"0":"post-3814","1":"product","2":"type-product","3":"status-publish","4":"has-post-thumbnail","6":"product_cat-hotel-badezimmer-accessoires","7":"product_cat-nassbereich-ausrustungen","8":"tm-has-options","10":"first","11":"instock","12":"shipping-taxable","13":"product-type-simple"},"_links":{"self":[{"href":"https:\/\/globalhotel.com.tr\/de\/wp-json\/wp\/v2\/product\/3814","targetHints":{"allow":["GET"]}}],"collection":[{"href":"https:\/\/globalhotel.com.tr\/de\/wp-json\/wp\/v2\/product"}],"about":[{"href":"https:\/\/globalhotel.com.tr\/de\/wp-json\/wp\/v2\/types\/product"}],"replies":[{"embeddable":true,"href":"https:\/\/globalhotel.com.tr\/de\/wp-json\/wp\/v2\/comments?post=3814"}],"wp:featuredmedia":[{"embeddable":true,"href":"https:\/\/globalhotel.com.tr\/de\/wp-json\/wp\/v2\/media\/3815"}],"wp:attachment":[{"href":"https:\/\/globalhotel.com.tr\/de\/wp-json\/wp\/v2\/media?parent=3814"}],"wp:term":[{"taxonomy":"product_brand","embeddable":true,"href":"https:\/\/globalhotel.com.tr\/de\/wp-json\/wp\/v2\/product_brand?post=3814"},{"taxonomy":"product_cat","embeddable":true,"href":"https:\/\/globalhotel.com.tr\/de\/wp-json\/wp\/v2\/product_cat?post=3814"},{"taxonomy":"product_tag","embeddable":true,"href":"https:\/\/globalhotel.com.tr\/de\/wp-json\/wp\/v2\/product_tag?post=3814"}],"curies":[{"name":"wp","href":"https:\/\/api.w.org\/{rel}","templated":true}]}}