{"id":3810,"date":"2024-09-26T17:04:08","date_gmt":"2024-09-26T14:04:08","guid":{"rendered":"https:\/\/globalhotel.com.tr\/urun\/bny-038-flussigseifenspender-chrom\/"},"modified":"2024-09-26T17:04:08","modified_gmt":"2024-09-26T14:04:08","slug":"bny-038-flussigseifenspender-chrom","status":"publish","type":"product","link":"https:\/\/globalhotel.com.tr\/de\/urun\/bny-038-flussigseifenspender-chrom\/","title":{"rendered":"BNY-038 Fl\u00fcssigseifenspender Chrom"},"content":{"rendered":"<h2 class=\"product-title product_title entry-title\"><strong>Fl\u00fcssigseifenspender Chrom<\/strong><\/h2>\n<p class=\"\" data-start=\"67\" data-end=\"389\">Otel odalar\u0131ndaki \u015f\u0131kl\u0131\u011f\u0131 ve hijyeni en \u00fcst seviyeye \u00e7\u0131karmak, misafirlerin konforunu art\u0131rmak i\u00e7in \u00f6nemli bir ad\u0131md\u0131r. <a href=\"https:\/\/globalhotel.com.tr\/de\/\"><strong>S\u0131v\u0131 sabunluk krom<\/strong><\/a>, estetik tasar\u0131m\u0131 ve sa\u011flam yap\u0131s\u0131yla otel banyonuzda vazge\u00e7ilmez bir aksesuar haline gelir. Hem fonksiyonel hem de \u015f\u0131k bir se\u00e7enek arayan otel sahipleri i\u00e7in m\u00fckemmel bir tercihtir. <\/p>\n<h3 data-start=\"391\" data-end=\"419\"><strong data-start=\"391\" data-end=\"419\">Langlebiges und stilvolles Design<\/strong><\/h3>\n<p class=\"\" data-start=\"421\" data-end=\"857\">Krom malzeme, uzun \u00f6m\u00fcrl\u00fc ve dayan\u0131kl\u0131 yap\u0131s\u0131yla bilinir. S\u0131v\u0131 sabunluk krom, hem estetik a\u00e7\u0131dan ho\u015f bir g\u00f6r\u00fcn\u00fcm sunar hem de uzun s\u00fcre kullan\u0131m sa\u011flar. Krom kaplama, sabunlu\u011fun y\u00fczeyini \u00e7izilmelere ve lekelenmelere kar\u015f\u0131 korur, b\u00f6ylece her zaman yeni gibi g\u00f6r\u00fcnmesini sa\u011flar. Parlak krom y\u00fczeyi, modern otel banyo dekorasyonlar\u0131yla m\u00fckemmel uyum sa\u011flar. Hem l\u00fcks hem de sade bir \u015f\u0131kl\u0131k yaratmak isteyen oteller i\u00e7in ideal bir se\u00e7imdir.    <\/p>\n<h3 data-start=\"859\" data-end=\"890\"><strong data-start=\"859\" data-end=\"890\">Hijyenik ve Kullan\u0131c\u0131 Dostu<\/strong><\/h3>\n<p class=\"\" data-start=\"892\" data-end=\"1320\">S\u0131v\u0131 sabunluk krom, hijyenik kullan\u0131m i\u00e7in tasarlanm\u0131\u015f bir \u00fcr\u00fcnd\u00fcr. S\u0131v\u0131 sabunlar\u0131 sa\u011fl\u0131kl\u0131 bir \u015fekilde tutan ve kullan\u0131c\u0131ya kolayca hizmet veren bir yap\u0131ya sahiptir. Sabunluk, s\u0131k s\u0131k temizlik gereksinimi olan alanlarda, \u00f6zellikle otel banyolar\u0131nda m\u00fckemmel bir \u015fekilde i\u015flevsellik sa\u011flar. Krom malzeme, y\u00fczeyde bakterilerin birikmesini engeller ve kolayca temizlenebilir. B\u00f6ylece, s\u00fcrekli temiz ve hijyenik bir ortam sa\u011flan\u0131r.    <\/p>\n<h2 data-start=\"1322\" data-end=\"1357\"><strong data-start=\"1322\" data-end=\"1357\">Kolay Montaj ve Pratik Kullan\u0131m<\/strong><\/h2>\n<p class=\"\" data-start=\"1359\" data-end=\"1754\">S\u0131v\u0131 sabunluk krom, otel banyonuzda kolayca monte edilebilecek \u015fekilde tasarlanm\u0131\u015ft\u0131r. Montaj\u0131 son derece basittir ve her t\u00fcrl\u00fc banyo d\u00fczenlemesine kolayca uyum sa\u011flar. Sabunluk, uygun boyutlar\u0131 sayesinde hem k\u00fc\u00e7\u00fck hem de geni\u015f banyolarda rahatl\u0131kla kullan\u0131labilir. Pratik kullan\u0131m\u0131 sayesinde, otel \u00e7al\u0131\u015fanlar\u0131 da temizlik ve bak\u0131m s\u0131ras\u0131nda zaman kaybetmeden etkin bir \u015fekilde hizmet verebilir.   <\/p>\n<div id=\"254C497F_ED5F_539E_BF08_9192F9A99B64\"><\/div>\n","protected":false},"excerpt":{"rendered":"<p><strong>BNY-038 Fl\u00fcssigseifenspender Chrom<\/strong> bietet einen hygienischen und praktischen Einsatz in Hotelb\u00e4dern. Das verchromte Design f\u00fcgt sich perfekt in die moderne Badezimmereinrichtung ein und bietet dank seiner robusten Struktur eine lange Nutzungsdauer. Dank seines eleganten Designs und seiner benutzerfreundlichen Struktur bietet er Fl\u00fcssigseife auf hygienische und kontrollierte Weise an. Dieses langlebige Produkt verleiht der Ausstattung von Hotelb\u00e4dern einen modernen Touch.   <\/p>\n<ul>\n<li><strong>Gr\u00f6\u00dfe :<\/strong> 150 x 90 x 50 mm<\/li>\n<li><strong>Gewicht:<\/strong> 400 gr<\/li>\n<li><strong>St\u00fcck im Paket:<\/strong> 20<\/li>\n<li><strong>Gr\u00f6\u00dfe des Pakets:<\/strong> 520 x 490 x 170 mm<\/li>\n<li><strong>Volumen:<\/strong> 0,043 m<sup>3<\/sup><\/li>\n<\/ul>\n","protected":false},"featured_media":3811,"comment_status":"open","ping_status":"closed","template":"","meta":{"inline_featured_image":false},"product_brand":[],"product_cat":[156,153],"product_tag":[],"class_list":{"0":"post-3810","1":"product","2":"type-product","3":"status-publish","4":"has-post-thumbnail","6":"product_cat-hotel-badezimmer-accessoires","7":"product_cat-nassbereich-ausrustungen","8":"tm-has-options","10":"first","11":"instock","12":"shipping-taxable","13":"product-type-simple"},"_links":{"self":[{"href":"https:\/\/globalhotel.com.tr\/de\/wp-json\/wp\/v2\/product\/3810","targetHints":{"allow":["GET"]}}],"collection":[{"href":"https:\/\/globalhotel.com.tr\/de\/wp-json\/wp\/v2\/product"}],"about":[{"href":"https:\/\/globalhotel.com.tr\/de\/wp-json\/wp\/v2\/types\/product"}],"replies":[{"embeddable":true,"href":"https:\/\/globalhotel.com.tr\/de\/wp-json\/wp\/v2\/comments?post=3810"}],"wp:featuredmedia":[{"embeddable":true,"href":"https:\/\/globalhotel.com.tr\/de\/wp-json\/wp\/v2\/media\/3811"}],"wp:attachment":[{"href":"https:\/\/globalhotel.com.tr\/de\/wp-json\/wp\/v2\/media?parent=3810"}],"wp:term":[{"taxonomy":"product_brand","embeddable":true,"href":"https:\/\/globalhotel.com.tr\/de\/wp-json\/wp\/v2\/product_brand?post=3810"},{"taxonomy":"product_cat","embeddable":true,"href":"https:\/\/globalhotel.com.tr\/de\/wp-json\/wp\/v2\/product_cat?post=3810"},{"taxonomy":"product_tag","embeddable":true,"href":"https:\/\/globalhotel.com.tr\/de\/wp-json\/wp\/v2\/product_tag?post=3810"}],"curies":[{"name":"wp","href":"https:\/\/api.w.org\/{rel}","templated":true}]}}