{"id":3794,"date":"2024-09-26T17:04:08","date_gmt":"2024-09-26T14:04:08","guid":{"rendered":"https:\/\/globalhotel.com.tr\/urun\/bny-040-premium-eckschwamm-halter\/"},"modified":"2024-09-26T17:04:08","modified_gmt":"2024-09-26T14:04:08","slug":"bny-040-premium-eckschwamm-halter","status":"publish","type":"product","link":"https:\/\/globalhotel.com.tr\/de\/urun\/bny-040-premium-eckschwamm-halter\/","title":{"rendered":"BNY-040 Premium-Eckschwamm-Halter"},"content":{"rendered":"<p>&nbsp;<\/p>\n<div id=\"254C497F_ED5F_539E_BF08_9192F9A99B64\">\n<h2 class=\"product-title product_title entry-title\"><strong>Premium-Eckschwamm-Halter<\/strong><\/h2>\n<p class=\"\" data-start=\"58\" data-end=\"533\">Otel odalar\u0131ndaki d\u00fczeni art\u0131rmak ve konuklar\u0131n\u0131za pratik bir kullan\u0131m sunmak i\u00e7in tasarlanm\u0131\u015f olan <strong><a href=\"https:\/\/globalhotel.com.tr\/de\/\">Premium K\u00f6\u015fe S\u00fcngerlik<\/a><\/strong>, modern otel dekorasyonlar\u0131na uyum sa\u011flayan zarif ve fonksiyonel bir \u00fcr\u00fcnd\u00fcr. Hem \u015f\u0131kl\u0131\u011f\u0131 hem de i\u015flevselli\u011fi bir arada sunan bu k\u00f6\u015fe s\u00fcngerlik, \u00f6zellikle s\u0131n\u0131rl\u0131 alanlarda etkili bir \u00e7\u00f6z\u00fcm sa\u011flar. Konuklar\u0131n\u0131z\u0131n ki\u015fisel e\u015fyalar\u0131n\u0131 d\u00fczenli bir \u015fekilde yerle\u015ftirmelerine yard\u0131mc\u0131 olurken, odan\u0131n estetik a\u00e7\u0131dan da daha d\u00fczenli ve \u015f\u0131k g\u00f6r\u00fcnmesini sa\u011flar.  <\/p>\n<h2 data-start=\"535\" data-end=\"561\"><strong data-start=\"535\" data-end=\"561\">\u015e\u0131k ve Estetik Tasar\u0131m<\/strong><\/h2>\n<p class=\"\" data-start=\"563\" data-end=\"965\">Premium K\u00f6\u015fe S\u00fcngerlik, sade ama modern tasar\u0131m\u0131 ile her t\u00fcrl\u00fc otel odas\u0131 dekorasyonuna kolayca uyum sa\u011flar. Saten kaplama malzemesi sayesinde parlak ve zarif bir g\u00f6r\u00fcn\u00fcm sunar. Estetik olarak odan\u0131n dekorasyonunu tamamlayan bu \u00fcr\u00fcn, otel odalar\u0131ndaki minimalist anlay\u0131\u015fla m\u00fckemmel bir uyum i\u00e7inde yer al\u0131r. Kolayca yerle\u015ftirilebilen bu s\u00fcngerlik, \u00f6zellikle k\u00f6\u015fe alanlar\u0131n\u0131 verimli kullanman\u0131z\u0131 sa\u011flar.   <\/p>\n<h3 data-start=\"967\" data-end=\"1010\"><strong data-start=\"967\" data-end=\"1010\">Y\u00fcksek Kaliteli Malzeme ve Dayan\u0131kl\u0131l\u0131k<\/strong><\/h3>\n<p class=\"\" data-start=\"1012\" data-end=\"1389\">Otel malzemeleri, genellikle uzun \u00f6m\u00fcrl\u00fc ve dayan\u0131kl\u0131 olmal\u0131d\u0131r. Premium K\u00f6\u015fe S\u00fcngerlik, kaliteli malzemelerden \u00fcretilmi\u015ftir. Uzun y\u0131llar boyunca kullan\u0131labilir ve \u00e7e\u015fitli hava ko\u015fullar\u0131na dayan\u0131kl\u0131d\u0131r. Saten y\u00fczeyinin \u015f\u0131kl\u0131\u011f\u0131, zamanla y\u0131pranmaz ve renginde solma veya deformasyon olu\u015fmaz. \u00dcst d\u00fczey i\u015f\u00e7ilik ile \u00fcretilen bu \u00fcr\u00fcn, otelinizdeki her odada y\u0131llarca kullan\u0131labilir.    <\/p>\n<h3 data-start=\"1391\" data-end=\"1425\"><strong data-start=\"1391\" data-end=\"1425\">Pratik ve Fonksiyonel Kullan\u0131m<\/strong><\/h3>\n<p class=\"\" data-start=\"1427\" data-end=\"1862\">Premium K\u00f6\u015fe S\u00fcngerlik, sadece estetik bir \u00f6\u011fe de\u011fil, ayn\u0131 zamanda son derece pratik bir \u00fcr\u00fcnd\u00fcr. Misafirlerinizin ki\u015fisel e\u015fyalar\u0131n\u0131, havlular\u0131n\u0131, s\u00fcngeri veya di\u011fer k\u00fc\u00e7\u00fck aksesuarlar\u0131n\u0131 d\u00fczenli bir \u015fekilde yerle\u015ftirebilece\u011fi bir alan sunar. Oda i\u00e7erisinde daha fazla yer a\u00e7ar, da\u011f\u0131n\u0131kl\u0131\u011f\u0131 engeller ve her \u015feyin yerli yerinde olmas\u0131n\u0131 sa\u011flar. Y\u00fcksek k\u00f6\u015fe yerle\u015fimi, \u00f6zellikle dar odalarda veya banyo alanlar\u0131nda ideal bir \u00e7\u00f6z\u00fcm sunar.   <\/p>\n<\/div>\n","protected":false},"excerpt":{"rendered":"<p><strong>BNY-040 Premium Corner Sponge Holder <\/strong>ist ein stilvolles und funktionelles Produkt, das f\u00fcr Ordnung in Hotelb\u00e4dern und Duschbereichen sorgt. Dank seiner eckigen Struktur spart er Platz und bietet die M\u00f6glichkeit, Badezimmerzubeh\u00f6r geordnet aufzubewahren. Er ist wasser- und feuchtigkeitsbest\u00e4ndig und bietet eine lange Nutzungsdauer. Mit seinem modernen und \u00e4sthetischen Design passt er sich der Badezimmereinrichtung an. Der Premium Corner Sponge Holder ist eine ideale L\u00f6sung f\u00fcr alle, die Ordnung und Eleganz im Hotelbad w\u00fcnschen.    <\/p>\n<ul>\n<li><strong>Gr\u00f6\u00dfe:<\/strong> 200 x 200 mm<\/li>\n<li><strong>Gewicht:<\/strong> 636 gr<\/li>\n<li><strong>St\u00fcck im Paket:<\/strong>10<\/li>\n<li><strong>Gr\u00f6\u00dfe des Pakets: <\/strong>400 x 300 x 300 mm<\/li>\n<li><strong>Volumen:<\/strong> 0,036 m<sup>3<\/sup><\/li>\n<\/ul>\n","protected":false},"featured_media":3795,"comment_status":"open","ping_status":"closed","template":"","meta":{"inline_featured_image":false},"product_brand":[],"product_cat":[156,153],"product_tag":[],"class_list":{"0":"post-3794","1":"product","2":"type-product","3":"status-publish","4":"has-post-thumbnail","6":"product_cat-hotel-badezimmer-accessoires","7":"product_cat-nassbereich-ausrustungen","8":"tm-has-options","10":"first","11":"instock","12":"shipping-taxable","13":"product-type-simple"},"_links":{"self":[{"href":"https:\/\/globalhotel.com.tr\/de\/wp-json\/wp\/v2\/product\/3794","targetHints":{"allow":["GET"]}}],"collection":[{"href":"https:\/\/globalhotel.com.tr\/de\/wp-json\/wp\/v2\/product"}],"about":[{"href":"https:\/\/globalhotel.com.tr\/de\/wp-json\/wp\/v2\/types\/product"}],"replies":[{"embeddable":true,"href":"https:\/\/globalhotel.com.tr\/de\/wp-json\/wp\/v2\/comments?post=3794"}],"wp:featuredmedia":[{"embeddable":true,"href":"https:\/\/globalhotel.com.tr\/de\/wp-json\/wp\/v2\/media\/3795"}],"wp:attachment":[{"href":"https:\/\/globalhotel.com.tr\/de\/wp-json\/wp\/v2\/media?parent=3794"}],"wp:term":[{"taxonomy":"product_brand","embeddable":true,"href":"https:\/\/globalhotel.com.tr\/de\/wp-json\/wp\/v2\/product_brand?post=3794"},{"taxonomy":"product_cat","embeddable":true,"href":"https:\/\/globalhotel.com.tr\/de\/wp-json\/wp\/v2\/product_cat?post=3794"},{"taxonomy":"product_tag","embeddable":true,"href":"https:\/\/globalhotel.com.tr\/de\/wp-json\/wp\/v2\/product_tag?post=3794"}],"curies":[{"name":"wp","href":"https:\/\/api.w.org\/{rel}","templated":true}]}}