{"id":3781,"date":"2024-09-26T17:03:04","date_gmt":"2024-09-26T14:03:04","guid":{"rendered":"https:\/\/globalhotel.com.tr\/urun\/plexi-seifenspender-03\/"},"modified":"2024-09-26T17:03:04","modified_gmt":"2024-09-26T14:03:04","slug":"plexi-seifenspender-03","status":"publish","type":"product","link":"https:\/\/globalhotel.com.tr\/de\/urun\/plexi-seifenspender-03\/","title":{"rendered":"Plexi-Seifenspender \u2013 03"},"content":{"rendered":"<h2 data-start=\"0\" data-end=\"76\"><strong data-start=\"0\" data-end=\"74\">Plexi-Seifenspender<\/strong><\/h2>\n<p data-start=\"78\" data-end=\"492\">Otel, restoran, kafe, spa ve bir\u00e7ok i\u015fletmede hijyen, m\u00fc\u015fteri memnuniyetinin en \u00f6nemli unsurlar\u0131ndan biridir. \u015e\u0131k ve modern bir tasar\u0131m sunan <a href=\"https:\/\/globalhotel.com.tr\/de\/\"><strong data-start=\"220\" data-end=\"239\">pleksi sabunluk<\/strong><\/a>, estetik g\u00f6r\u00fcn\u00fcm\u00fc ve dayan\u0131kl\u0131 yap\u0131s\u0131yla uzun \u00f6m\u00fcrl\u00fc bir kullan\u0131m sa\u011flar. Pleksi malzeme, cam\u0131n zarif g\u00f6r\u00fcnt\u00fcs\u00fcn\u00fc sunarken, k\u0131r\u0131lmaya kar\u015f\u0131 dayan\u0131kl\u0131 ve hafif olmas\u0131yla da b\u00fcy\u00fck avantaj sa\u011flar. Bu sayede hem \u015f\u0131k hem de pratik bir hijyen \u00e7\u00f6z\u00fcm\u00fc sunar. <\/p>\n<p data-start=\"494\" data-end=\"991\">Pleksi sabunluklar, s\u0131v\u0131 sabun, dezenfektan veya losyon gibi \u00e7e\u015fitli temizlik \u00fcr\u00fcnlerinin hijyenik bir \u015fekilde sunulmas\u0131na olanak tan\u0131r. \u015eeffaf veya renkli tasar\u0131mlar\u0131 ile farkl\u0131 konseptlere uyum sa\u011flayarak otellerin, restoranlar\u0131n ve ofislerin dekorasyonuna zarafet katar. Ayr\u0131ca, suya ve kimyasallara kar\u015f\u0131 dayan\u0131kl\u0131 olmas\u0131, uzun s\u00fcreli kullan\u0131mlarda bile ilk g\u00fcnk\u00fc \u015f\u0131kl\u0131\u011f\u0131n\u0131 korumas\u0131n\u0131 sa\u011flar. Kolay temizlenebilir y\u00fczeyi sayesinde hijyen standartlar\u0131n\u0131 en \u00fcst seviyede tutmaya yard\u0131mc\u0131 olur.   <\/p>\n<p data-start=\"494\" data-end=\"991\"><strong data-start=\"1443\" data-end=\"1462\">Pleksi sabunluk<\/strong>, zarif g\u00f6r\u00fcnt\u00fcs\u00fc, dayan\u0131kl\u0131 malzemesi ve hijyenik kullan\u0131m avantajlar\u0131yla otel ve i\u015fletmeler i\u00e7in m\u00fckemmel bir tercihtir. \u015e\u0131kl\u0131\u011f\u0131 ve fonksiyonelli\u011fi bir araya getiren bu \u00fcr\u00fcn, misafirlerinize hijyenik ve konforlu bir deneyim sunman\u0131z\u0131 sa\u011flar. <\/p>\n<div id=\"254C497F_ED5F_539E_BF08_9192F9A99B64\"><\/div>\n","protected":false},"excerpt":{"rendered":"<p>Der <strong>Plexi-Seifenspender<\/strong> verleiht Hotelb\u00e4dern mit seinem modernen und eleganten Design Eleganz. Dieser Seifenspender aus transparentem Plexi-Material ist praktisch, langlebig und leicht zu reinigen. W\u00e4hrend er Ihre Seife hygienisch aufbewahrt, harmoniert er mit seiner minimalen und \u00e4sthetischen Struktur mit Ihrer Hoteldekoration. Der Plexi-Seifenspender, der dank seiner leichten und robusten Struktur eine lange Lebensdauer hat, ist eine elegante und praktische Option f\u00fcr die Badezimmer Ihres Hotels.   <\/p>\n<ul>\n<li><strong>Gr\u00f6\u00dfe:<\/strong> 100 x 75 x 10 mm<\/li>\n<li><strong>Gewicht:<\/strong> 29 Gr<\/li>\n<\/ul>\n<div id=\"254C497F_ED5F_539E_BF08_9192F9A99B64\"><\/div>\n","protected":false},"featured_media":3782,"comment_status":"open","ping_status":"closed","template":"","meta":{"inline_featured_image":false},"product_brand":[],"product_cat":[157,168],"product_tag":[],"class_list":{"0":"post-3781","1":"product","2":"type-product","3":"status-publish","4":"has-post-thumbnail","6":"product_cat-blumenstraus-zubehor","7":"product_cat-seifenspender","8":"tm-has-options","10":"first","11":"instock","12":"shipping-taxable","13":"product-type-simple"},"_links":{"self":[{"href":"https:\/\/globalhotel.com.tr\/de\/wp-json\/wp\/v2\/product\/3781","targetHints":{"allow":["GET"]}}],"collection":[{"href":"https:\/\/globalhotel.com.tr\/de\/wp-json\/wp\/v2\/product"}],"about":[{"href":"https:\/\/globalhotel.com.tr\/de\/wp-json\/wp\/v2\/types\/product"}],"replies":[{"embeddable":true,"href":"https:\/\/globalhotel.com.tr\/de\/wp-json\/wp\/v2\/comments?post=3781"}],"wp:featuredmedia":[{"embeddable":true,"href":"https:\/\/globalhotel.com.tr\/de\/wp-json\/wp\/v2\/media\/3782"}],"wp:attachment":[{"href":"https:\/\/globalhotel.com.tr\/de\/wp-json\/wp\/v2\/media?parent=3781"}],"wp:term":[{"taxonomy":"product_brand","embeddable":true,"href":"https:\/\/globalhotel.com.tr\/de\/wp-json\/wp\/v2\/product_brand?post=3781"},{"taxonomy":"product_cat","embeddable":true,"href":"https:\/\/globalhotel.com.tr\/de\/wp-json\/wp\/v2\/product_cat?post=3781"},{"taxonomy":"product_tag","embeddable":true,"href":"https:\/\/globalhotel.com.tr\/de\/wp-json\/wp\/v2\/product_tag?post=3781"}],"curies":[{"name":"wp","href":"https:\/\/api.w.org\/{rel}","templated":true}]}}