{"id":3777,"date":"2024-09-26T17:03:04","date_gmt":"2024-09-26T14:03:04","guid":{"rendered":"https:\/\/globalhotel.com.tr\/urun\/seifenspender-aus-holz-03\/"},"modified":"2024-09-26T17:03:04","modified_gmt":"2024-09-26T14:03:04","slug":"seifenspender-aus-holz-03","status":"publish","type":"product","link":"https:\/\/globalhotel.com.tr\/de\/urun\/seifenspender-aus-holz-03\/","title":{"rendered":"Seifenspender aus Holz \u2013 03"},"content":{"rendered":"<h2 data-start=\"0\" data-end=\"69\"><strong data-start=\"4\" data-end=\"67\">Seifenspender aus Holz<\/strong><\/h2>\n<p data-start=\"71\" data-end=\"573\">Otel, spa ve banyo dekorasyonunda estetik ve i\u015flevselli\u011fi bir araya getiren <a href=\"https:\/\/globalhotel.com.tr\/de\/\"><strong data-start=\"147\" data-end=\"165\">ah\u015fap sabunluk<\/strong><\/a>, do\u011fall\u0131\u011f\u0131 sevenler i\u00e7in m\u00fckemmel bir tercihtir.<\/p>\n<p> Ah\u015fab\u0131n s\u0131cak ve organik dokusu, banyonuza sofistike bir hava katarken, kullan\u0131m kolayl\u0131\u011f\u0131 sayesinde uzun \u00f6m\u00fcrl\u00fc ve hijyenik bir deneyim sunar. Ah\u015fap malzeme, suya dayan\u0131kl\u0131 \u00f6zel kaplamalarla i\u015flendi\u011finde, nemli ortamlarda bile uzun y\u0131llar dayan\u0131kl\u0131l\u0131\u011f\u0131n\u0131 korur. Ayr\u0131ca, oteller ve l\u00fcks konaklama alanlar\u0131 i\u00e7in \u015f\u0131k ve do\u011fal bir alternatif olarak \u00f6ne \u00e7\u0131kar.  <\/p>\n<p data-start=\"575\" data-end=\"1020\"><strong data-start=\"575\" data-end=\"603\">Dayan\u0131kl\u0131 ve \u015e\u0131k Tasar\u0131m<\/strong><br data-start=\"603\" data-end=\"606\">Ah\u015fap sabunluklar genellikle bambu, me\u015fe veya tik gibi dayan\u0131kl\u0131 a\u011fa\u00e7 t\u00fcrlerinden \u00fcretilir. Bu malzemeler, banyonuzda veya lavabonuzun yan\u0131nda uzun s\u00fcre sorunsuz kullanabilece\u011finiz sa\u011flam bir yap\u0131 sunar. Su tahliye kanallar\u0131 sayesinde sabunun \u0131slak kalmas\u0131n\u0131 \u00f6nler ve sabunun daha uzun s\u00fcre dayanmas\u0131n\u0131 sa\u011flar. Kaymaz y\u00fczeyi ve ergonomik yap\u0131s\u0131 ile hem hijyenik hem de kullan\u0131\u015fl\u0131 bir se\u00e7enek olarak dikkat \u00e7eker.   <\/p>\n<p data-start=\"1022\" data-end=\"1431\"><strong data-start=\"1022\" data-end=\"1059\">\u00c7evre Dostu ve Sa\u011fl\u0131kl\u0131 Bir Se\u00e7im<\/strong><br data-start=\"1059\" data-end=\"1062\">Plastik veya metal sabunluklar\u0131n aksine, <strong data-start=\"1103\" data-end=\"1138\">ah\u015fap sabunluklar do\u011fa dostudur<\/strong> ve s\u00fcrd\u00fcr\u00fclebilir bir t\u00fcketim anlay\u0131\u015f\u0131n\u0131 destekler. Kimyasal i\u00e7ermeyen do\u011fal ah\u015fap, sabunun i\u00e7eri\u011fiyle reaksiyona girmez ve sa\u011fl\u0131kl\u0131 bir kullan\u0131m sunar. \u00d6zellikle otellerde ve spa merkezlerinde misafirlerine \u00e7evreci ve kaliteli bir deneyim sunmak isteyen i\u015fletmeler i\u00e7in ideal bir se\u00e7imdir.  <\/p>\n<p data-start=\"1433\" data-end=\"1733\"><strong data-start=\"1433\" data-end=\"1460\">Kolay Temizlik ve Bak\u0131m<\/strong><br data-start=\"1460\" data-end=\"1463\">Ah\u015fap sabunluklar\u0131n bak\u0131m\u0131 olduk\u00e7a pratiktir. Hafif nemli bir bezle silerek temizleyebilir ve d\u00fczenli aral\u0131klarla do\u011fal ya\u011flar ile bak\u0131m yaparak dayan\u0131kl\u0131l\u0131\u011f\u0131n\u0131 art\u0131rabilirsiniz. Do\u011fru kullan\u0131mla ah\u015fab\u0131n do\u011fal dokusu bozulmaz ve banyonuza zarif bir dokunu\u015f kazand\u0131r\u0131r.  <\/p>\n<div id=\"254C497F_ED5F_539E_BF08_9192F9A99B64\"><\/div>\n","protected":false},"excerpt":{"rendered":"<p>Der <strong>Seifenspender aus Holz <\/strong>verleiht Ihren Hotelzimmern einen nat\u00fcrlichen und stilvollen Touch. Dieser Seifenspender aus hochwertigem Holz sorgt daf\u00fcr, dass Ihre Seife lange trocken bleibt und bietet eine hygienische Verwendung. Sein elegantes Design verleiht Ihrem Hotelbad eine nat\u00fcrliche \u00c4sthetik. Mit seiner dauerhaften Struktur und Aufl\u00f6sung bietet er eine Kombination aus Eleganz und Funktionalit\u00e4t und erh\u00f6ht gleichzeitig die Anzahl der G\u00e4ste. Der Seifenspender aus Holz bietet eine elegante und praktische Option f\u00fcr die Badezimmer Ihres Hotels.    <\/p>\n<ul>\n<li><strong>Gr\u00f6\u00dfe:<\/strong> 85 x 60 x 10 mm<\/li>\n<li><strong>Gewicht:<\/strong> 23 Gr<\/li>\n<\/ul>\n<div id=\"254C497F_ED5F_539E_BF08_9192F9A99B64\"><\/div>\n","protected":false},"featured_media":3778,"comment_status":"open","ping_status":"closed","template":"","meta":{"inline_featured_image":false},"product_brand":[],"product_cat":[157,168],"product_tag":[],"class_list":{"0":"post-3777","1":"product","2":"type-product","3":"status-publish","4":"has-post-thumbnail","6":"product_cat-blumenstraus-zubehor","7":"product_cat-seifenspender","8":"tm-has-options","10":"first","11":"instock","12":"shipping-taxable","13":"product-type-simple"},"_links":{"self":[{"href":"https:\/\/globalhotel.com.tr\/de\/wp-json\/wp\/v2\/product\/3777","targetHints":{"allow":["GET"]}}],"collection":[{"href":"https:\/\/globalhotel.com.tr\/de\/wp-json\/wp\/v2\/product"}],"about":[{"href":"https:\/\/globalhotel.com.tr\/de\/wp-json\/wp\/v2\/types\/product"}],"replies":[{"embeddable":true,"href":"https:\/\/globalhotel.com.tr\/de\/wp-json\/wp\/v2\/comments?post=3777"}],"wp:featuredmedia":[{"embeddable":true,"href":"https:\/\/globalhotel.com.tr\/de\/wp-json\/wp\/v2\/media\/3778"}],"wp:attachment":[{"href":"https:\/\/globalhotel.com.tr\/de\/wp-json\/wp\/v2\/media?parent=3777"}],"wp:term":[{"taxonomy":"product_brand","embeddable":true,"href":"https:\/\/globalhotel.com.tr\/de\/wp-json\/wp\/v2\/product_brand?post=3777"},{"taxonomy":"product_cat","embeddable":true,"href":"https:\/\/globalhotel.com.tr\/de\/wp-json\/wp\/v2\/product_cat?post=3777"},{"taxonomy":"product_tag","embeddable":true,"href":"https:\/\/globalhotel.com.tr\/de\/wp-json\/wp\/v2\/product_tag?post=3777"}],"curies":[{"name":"wp","href":"https:\/\/api.w.org\/{rel}","templated":true}]}}