{"id":3739,"date":"2024-09-26T17:03:24","date_gmt":"2024-09-26T14:03:24","guid":{"rendered":"https:\/\/globalhotel.com.tr\/urun\/holzkiste-mit-glas\/"},"modified":"2024-09-26T17:03:24","modified_gmt":"2024-09-26T14:03:24","slug":"holzkiste-mit-glas","status":"publish","type":"product","link":"https:\/\/globalhotel.com.tr\/de\/urun\/holzkiste-mit-glas\/","title":{"rendered":"Holzkiste mit Glas"},"content":{"rendered":"<h2 id=\"254C497F_ED5F_539E_BF08_9192F9A99B64\"><strong>Holzkiste mit Glas<\/strong><\/h2>\n<p data-start=\"145\" data-end=\"517\">Bu zarif ve kullan\u0131\u015fl\u0131 <a href=\"https:\/\/globalhotel.com.tr\/de\/\"><strong>caml\u0131 ah\u015fap kutu<\/strong><\/a>, otel malzemeleri koleksiyonunuza \u015f\u0131kl\u0131k katacak ve kullan\u0131m a\u00e7\u0131s\u0131ndan b\u00fcy\u00fck bir pratiklik sa\u011flayacakt\u0131r. Ebatlar\u0131 180 x 350 x 80 mm olan bu kutu, hem dekoratif hem de fonksiyonel bir ama\u00e7la tasarlanm\u0131\u015ft\u0131r. Caml\u0131 y\u00fczeyi sayesinde i\u00e7indeki e\u015fyalar rahatl\u0131kla g\u00f6r\u00fclebilir, b\u00f6ylece hem d\u00fczenli bir g\u00f6r\u00fcn\u00fcm hem de eri\u015filebilirlik sunar.  <\/p>\n<h3 data-start=\"519\" data-end=\"551\"><strong data-start=\"519\" data-end=\"551\">Y\u00fcksek Kalite ve \u015e\u0131k Tasar\u0131m<\/strong><\/h3>\n<p data-start=\"553\" data-end=\"944\">Kutu, kaliteli ah\u015fap malzemeden \u00fcretilmi\u015ftir. Ah\u015fap, do\u011fal yap\u0131s\u0131 sayesinde estetik a\u00e7\u0131dan dikkat \u00e7ekicidir ve s\u0131cak bir atmosfer yarat\u0131r. \u00dczerindeki cam ise hem koruyucu bir i\u015flev g\u00f6r\u00fcr hem de kutunun i\u00e7eri\u011fini \u015feffaf bir \u015fekilde sergiler. Bu tasar\u0131m, kutunun sadece bir depolama alan\u0131 olman\u0131n \u00f6tesine ge\u00e7erek, otel odalar\u0131nda, restoranlarda ya da ofislerde \u015f\u0131kl\u0131k ve modernlik katmaktad\u0131r.   <\/p>\n<h2 data-start=\"946\" data-end=\"979\"><strong data-start=\"946\" data-end=\"979\">Fonksiyonel Kullan\u0131m Alanlar\u0131<\/strong><\/h2>\n<p data-start=\"981\" data-end=\"1396\">Caml\u0131 ah\u015fap kutu, \u00e7e\u015fitli k\u00fc\u00e7\u00fck objelerin d\u00fczenli bir \u015fekilde saklanmas\u0131 i\u00e7in m\u00fckemmeldir. Otel odalar\u0131nda, misafirlerin kullan\u0131m\u0131na sunulacak minibar malzemeleri, \u00e7e\u015fitli banyo \u00fcr\u00fcnleri veya yaz\u0131 malzemeleri i\u00e7in ideal bir se\u00e7im olabilir. Ayr\u0131ca, odada estetik bir dekor \u00f6\u011fesi olarak da kullan\u0131labilir. \u015e\u0131k yap\u0131s\u0131, her t\u00fcr i\u00e7 mekan tasar\u0131m\u0131na uyum sa\u011flar, bu sayede kutu, her t\u00fcrl\u00fc dekorasyonla kolayca b\u00fct\u00fcnle\u015fir.   <\/p>\n<h3 data-start=\"1398\" data-end=\"1427\"><strong data-start=\"1398\" data-end=\"1427\">Dayan\u0131kl\u0131l\u0131k ve Uzun \u00d6m\u00fcr<\/strong><\/h3>\n<p data-start=\"1429\" data-end=\"1710\">Ah\u015fap ve cam malzemelerin birle\u015fimi, kutunun uzun \u00f6m\u00fcrl\u00fc ve dayan\u0131kl\u0131 olmas\u0131n\u0131 sa\u011flar. Ah\u015fap yap\u0131s\u0131, sa\u011flaml\u0131k ve dayan\u0131kl\u0131l\u0131k sunarken, cam y\u00fczey de kutunun i\u00e7indekilerin korunmas\u0131n\u0131 sa\u011flar. Hem i\u015flevsel hem de dekoratif \u00f6zellikleriyle bu kutu, uzun y\u0131llar boyunca kullan\u0131labilir.  <\/p>\n","protected":false},"excerpt":{"rendered":"<p>Die <strong>Holzkiste mit Glas <\/strong>bietet eine stilvolle und funktionelle Organisation im Hotel und auf dem Gel\u00e4nde. Dank des gl\u00e4sernen Deckels l\u00e4sst sich der Inhalt leicht aufbewahren, w\u00e4hrend das hochwertige Holzmaterial eine langlebige und \u00e4sthetische Nutzung erm\u00f6glicht. In ihr k\u00f6nnen Sie Zucker, Tee, Kaffee oder kleine Accessoires geordnet aufbewahren. Mit seinem eleganten Design verleiht er den Bereichen, in denen sich die Zahl der G\u00e4ste erh\u00f6ht, einen modernen und stilvollen Touch.   <\/p>\n<ul>\n<li>Deckel mit Clip<\/li>\n<li>Glasabdeckung<\/li>\n<li>Naturholz<\/li>\n<\/ul>\n<ul>\n<li><strong>Gr\u00f6\u00dfe:<\/strong> 180 x 350 x 80 mm<\/li>\n<li><strong>Gewicht:<\/strong> 1450 Gr.<\/li>\n<\/ul>\n<div id=\"254C497F_ED5F_539E_BF08_9192F9A99B64\"><\/div>\n","protected":false},"featured_media":3740,"comment_status":"open","ping_status":"closed","template":"","meta":{"inline_featured_image":false},"product_brand":[],"product_cat":[157,166],"product_tag":[],"class_list":{"0":"post-3739","1":"product","2":"type-product","3":"status-publish","4":"has-post-thumbnail","6":"product_cat-blumenstraus-zubehor","7":"product_cat-pl-wooden-boxes","8":"tm-has-options","10":"first","11":"instock","12":"shipping-taxable","13":"product-type-simple"},"_links":{"self":[{"href":"https:\/\/globalhotel.com.tr\/de\/wp-json\/wp\/v2\/product\/3739","targetHints":{"allow":["GET"]}}],"collection":[{"href":"https:\/\/globalhotel.com.tr\/de\/wp-json\/wp\/v2\/product"}],"about":[{"href":"https:\/\/globalhotel.com.tr\/de\/wp-json\/wp\/v2\/types\/product"}],"replies":[{"embeddable":true,"href":"https:\/\/globalhotel.com.tr\/de\/wp-json\/wp\/v2\/comments?post=3739"}],"wp:featuredmedia":[{"embeddable":true,"href":"https:\/\/globalhotel.com.tr\/de\/wp-json\/wp\/v2\/media\/3740"}],"wp:attachment":[{"href":"https:\/\/globalhotel.com.tr\/de\/wp-json\/wp\/v2\/media?parent=3739"}],"wp:term":[{"taxonomy":"product_brand","embeddable":true,"href":"https:\/\/globalhotel.com.tr\/de\/wp-json\/wp\/v2\/product_brand?post=3739"},{"taxonomy":"product_cat","embeddable":true,"href":"https:\/\/globalhotel.com.tr\/de\/wp-json\/wp\/v2\/product_cat?post=3739"},{"taxonomy":"product_tag","embeddable":true,"href":"https:\/\/globalhotel.com.tr\/de\/wp-json\/wp\/v2\/product_tag?post=3739"}],"curies":[{"name":"wp","href":"https:\/\/api.w.org\/{rel}","templated":true}]}}