{"id":3733,"date":"2024-09-26T17:03:24","date_gmt":"2024-09-26T14:03:24","guid":{"rendered":"https:\/\/globalhotel.com.tr\/urun\/holzflaschenkiste-mit-deckel\/"},"modified":"2024-09-26T17:03:24","modified_gmt":"2024-09-26T14:03:24","slug":"holzflaschenkiste-mit-deckel","status":"publish","type":"product","link":"https:\/\/globalhotel.com.tr\/de\/urun\/holzflaschenkiste-mit-deckel\/","title":{"rendered":"Holzflaschenkiste mit Deckel"},"content":{"rendered":"<h2 id=\"254C497F_ED5F_539E_BF08_9192F9A99B64\"><strong>Holzflaschenkiste mit Deckel<\/strong><\/h2>\n<p data-start=\"88\" data-end=\"619\"><strong><a href=\"https:\/\/globalhotel.com.tr\/de\/\">Kapakl\u0131 Ah\u015fap \u015ei\u015fe Kutusu<\/a><\/strong>, zarif tasar\u0131m\u0131 ve do\u011fal dokusuyla i\u00e7eceklerinizi \u015f\u0131k bir \u015fekilde saklaman\u0131z\u0131 ve sunman\u0131z\u0131 sa\u011flayan \u00f6zel bir \u00fcr\u00fcnd\u00fcr. Otel, restoran, kafe ve kurumsal hediyelikler i\u00e7in ideal olan bu kutu, estetik g\u00f6r\u00fcn\u00fcm\u00fcn\u00fcn yan\u0131 s\u0131ra sa\u011flam yap\u0131s\u0131yla da dikkat \u00e7eker. <\/p>\n<p data-start=\"88\" data-end=\"619\">Ah\u015fab\u0131n do\u011fal s\u0131cakl\u0131\u011f\u0131, her t\u00fcrl\u00fc ortama uyum sa\u011flarken, dayan\u0131kl\u0131 kapak mekanizmas\u0131 sayesinde \u015fi\u015fenizi g\u00fcvenle muhafaza edebilirsiniz. Hem \u015farap hem de di\u011fer i\u00e7ecek \u015fi\u015feleri i\u00e7in tasarlanan bu kutu, \u00f6zel g\u00fcnlerde hediye olarak da tercih edilebilir. <\/p>\n<p data-start=\"621\" data-end=\"1261\">Ah\u015fap \u015fi\u015fe kutular\u0131, otellerin minibarlar\u0131nda, restoranlar\u0131n \u00f6zel sunumlar\u0131nda ve prestijli davetlerde s\u0131k\u00e7a kullan\u0131lan bir aksesuard\u0131r. \u00dcr\u00fcn, kaliteli i\u015f\u00e7ili\u011fi sayesinde uzun \u00f6m\u00fcrl\u00fc kullan\u0131m sunar ve do\u011fal dokusu sayesinde i\u00e7ece\u011finize \u00f6zel bir de\u011fer katar. Ki\u015fiye \u00f6zel bask\u0131 veya lazer kaz\u0131ma y\u00f6ntemiyle isim, logo veya \u00f6zel mesaj ekleyerek, \u015f\u0131k ve anlaml\u0131 bir hediye haline getirebilirsiniz.  <\/p>\n<p data-start=\"621\" data-end=\"1261\">Do\u011faya dost bir malzeme olan ah\u015fap, \u00e7evreci bir yakla\u015f\u0131m sunarak plastik veya karton alternatiflerine g\u00f6re daha s\u00fcrd\u00fcr\u00fclebilir bir se\u00e7enektir. Kapakl\u0131 yap\u0131s\u0131, \u015fi\u015feyi d\u0131\u015f etkenlerden korurken, pratik kullan\u0131m\u0131 sayesinde kolay a\u00e7\u0131l\u0131p kapanabilir. <\/p>\n","protected":false},"excerpt":{"rendered":"<p><strong>Holzflaschenkiste mit Deckel<\/strong> bietet eine Kombination aus Eleganz und Quantit\u00e4t von Hotelbedarf. Erhalten mit hoher Holzqualit\u00e4t Material, diese Box k\u00f6nnen Sie Ihre Flaschen zu speichern. Das Clamshell-Design hilft, den Inhalt zu sch\u00fctzen und f\u00fcgt eine Note, die Ihre Hotelzimmer in seinem eleganten Aussehen \u00e4hnelt. Erh\u00e4ltlich in verschiedenen Design- und Gr\u00f6\u00dfenoptionen, kombiniert dieses Produkt Funktionalit\u00e4t und Gr\u00f6\u00dfe in einer Weise, die den Komfort und die M\u00f6glichkeiten f\u00fcr die G\u00e4ste verbessert.   <\/p>\n<ul>\n<li>Klappbarer Deckel<\/li>\n<li>Naturholz<\/li>\n<li><strong>Gr\u00f6\u00dfe:<\/strong> 320 x 130 x 100 mm<\/li>\n<li><strong>Gewicht:<\/strong> 500 Gr.<\/li>\n<\/ul>\n<p>&nbsp;<\/p>\n<div id=\"254C497F_ED5F_539E_BF08_9192F9A99B64\"><\/div>\n","protected":false},"featured_media":3734,"comment_status":"open","ping_status":"closed","template":"","meta":{"inline_featured_image":false},"product_brand":[],"product_cat":[157,166],"product_tag":[],"class_list":{"0":"post-3733","1":"product","2":"type-product","3":"status-publish","4":"has-post-thumbnail","6":"product_cat-blumenstraus-zubehor","7":"product_cat-pl-wooden-boxes","8":"tm-has-options","10":"first","11":"instock","12":"shipping-taxable","13":"product-type-simple"},"_links":{"self":[{"href":"https:\/\/globalhotel.com.tr\/de\/wp-json\/wp\/v2\/product\/3733","targetHints":{"allow":["GET"]}}],"collection":[{"href":"https:\/\/globalhotel.com.tr\/de\/wp-json\/wp\/v2\/product"}],"about":[{"href":"https:\/\/globalhotel.com.tr\/de\/wp-json\/wp\/v2\/types\/product"}],"replies":[{"embeddable":true,"href":"https:\/\/globalhotel.com.tr\/de\/wp-json\/wp\/v2\/comments?post=3733"}],"wp:featuredmedia":[{"embeddable":true,"href":"https:\/\/globalhotel.com.tr\/de\/wp-json\/wp\/v2\/media\/3734"}],"wp:attachment":[{"href":"https:\/\/globalhotel.com.tr\/de\/wp-json\/wp\/v2\/media?parent=3733"}],"wp:term":[{"taxonomy":"product_brand","embeddable":true,"href":"https:\/\/globalhotel.com.tr\/de\/wp-json\/wp\/v2\/product_brand?post=3733"},{"taxonomy":"product_cat","embeddable":true,"href":"https:\/\/globalhotel.com.tr\/de\/wp-json\/wp\/v2\/product_cat?post=3733"},{"taxonomy":"product_tag","embeddable":true,"href":"https:\/\/globalhotel.com.tr\/de\/wp-json\/wp\/v2\/product_tag?post=3733"}],"curies":[{"name":"wp","href":"https:\/\/api.w.org\/{rel}","templated":true}]}}