{"id":3717,"date":"2024-09-26T16:58:48","date_gmt":"2024-09-26T13:58:48","guid":{"rendered":"https:\/\/globalhotel.com.tr\/urun\/baumwollfrottee-pantoffeln-mit-doppelter-sohle-und-stickerei\/"},"modified":"2024-09-26T16:58:48","modified_gmt":"2024-09-26T13:58:48","slug":"baumwollfrottee-pantoffeln-mit-doppelter-sohle-und-stickerei","status":"publish","type":"product","link":"https:\/\/globalhotel.com.tr\/de\/urun\/baumwollfrottee-pantoffeln-mit-doppelter-sohle-und-stickerei\/","title":{"rendered":"Baumwollfrottee Pantoffeln mit doppelter Sohle und Stickerei"},"content":{"rendered":"<h2 data-start=\"91\" data-end=\"172\"><strong data-start=\"91\" data-end=\"132\">Baumwollfrottee Pantoffeln mit doppelter Sohle und Stickerei<\/strong><\/h2>\n<p data-start=\"174\" data-end=\"541\">Otel ve spa konforunu evinize ta\u015f\u0131yan <a href=\"https:\/\/globalhotel.com.tr\/de\/\"><strong data-start=\"212\" data-end=\"253\">Pamuk Havlu \u00c7ift Taban Nak\u0131\u015fl\u0131 Terlik<\/strong><\/a>, zarafeti ve rahatl\u0131\u011f\u0131 bir arada sunuyor. %100 pamuk malzemeden \u00fcretilen bu terlik, yumu\u015fak dokusu ve y\u00fcksek emicilik \u00f6zelli\u011fi ile bacaklar\u0131n\u0131z\u0131 saran bir rahatl\u0131k sa\u011flar. \u00d6zellikle otel ve spa sekt\u00f6r\u00fcnde yayg\u0131n olarak tercih edilen bu terlik, misafirlerinizin konforunu \u00f6n planda tutar.  <\/p>\n<h3 data-start=\"543\" data-end=\"959\"><strong data-start=\"543\" data-end=\"568\">Y\u00fcksek Kaliteli Pamuk<\/strong><\/h3>\n<p data-start=\"543\" data-end=\"959\"><br data-start=\"568\" data-end=\"571\">Terli\u011fin i\u00e7 y\u00fczeyi, cilt dostu %100 pamuklu havlu kuma\u015fla kaplanm\u0131\u015ft\u0131r. Bu, terli\u011fin nemi h\u0131zla emmesini ve ayaklar\u0131n\u0131z\u0131n her zaman kuru ve rahat kalmas\u0131n\u0131 sa\u011flar. Pamuklu yap\u0131, terli\u011fin hava almas\u0131n\u0131 sa\u011flar, b\u00f6ylece uzun s\u00fcreli kullan\u0131mda bile ferah bir deneyim sunar. Ayr\u0131ca pamuk, do\u011fal bir malzeme oldu\u011fu i\u00e7in alerjen i\u00e7ermez, bu da onu hassas ciltlere sahip ki\u015filer i\u00e7in ideal k\u0131lar.   <\/p>\n<h3 data-start=\"961\" data-end=\"1378\"><strong data-start=\"961\" data-end=\"984\">\u00c7ift Taban Tasar\u0131m\u0131<\/strong><\/h3>\n<p data-start=\"961\" data-end=\"1378\"><br data-start=\"984\" data-end=\"987\">\u00d6zel olarak tasarlanm\u0131\u015f \u00e7ift taban yap\u0131s\u0131, terli\u011fin sa\u011flaml\u0131\u011f\u0131n\u0131 art\u0131r\u0131r ve her ad\u0131mda ekstra destek sunar. Alt taban, kaymaz \u00f6zellik g\u00f6stererek g\u00fcvenli bir y\u00fcr\u00fcy\u00fc\u015f sa\u011flar, \u00fcst taban ise yumu\u015fak bir dokunu\u015f sunarak g\u00fcn boyu s\u00fcren rahatl\u0131\u011f\u0131 garanti eder. Hem i\u00e7 mekanlarda hem de d\u0131\u015f mekanlarda kullan\u0131labilir, otel odas\u0131, spa merkezi, havuz kenar\u0131 gibi farkl\u0131 alanlarda \u015f\u0131kl\u0131\u011f\u0131n\u0131z\u0131 tamamlar.  <\/p>\n<h2 data-start=\"1380\" data-end=\"1705\"><strong data-start=\"1380\" data-end=\"1403\">\u015e\u0131k Nak\u0131\u015f Detaylar\u0131<\/strong><\/h2>\n<p data-start=\"1380\" data-end=\"1705\"><br data-start=\"1403\" data-end=\"1406\">Sade ama \u015f\u0131k bir tasar\u0131ma sahip olan terlik, \u00fczerindeki zarif nak\u0131\u015f detaylar\u0131yla g\u00f6z al\u0131c\u0131 bir g\u00f6r\u00fcn\u00fcm sergiler. Modern otel ve spa dekorasyonlar\u0131na m\u00fckemmel uyum sa\u011flar, misafirlerinize yaln\u0131zca rahatl\u0131k de\u011fil, ayn\u0131 zamanda estetik bir deneyim de sunar. Her ad\u0131mda zarif ve \u015f\u0131k bir izlenim b\u0131rak\u0131r.  <\/p>\n","protected":false},"excerpt":{"rendered":"<p><strong>Die bestickten Hausschuhe aus Baumwollfrottee<\/strong> mit doppelter Sohle bieten Ihren G\u00e4sten ein komfortables und stilvolles Erlebnis in Unterkunftsbereichen wie Hotels und Spas. Das weiche Baumwollfrotteegewebe sorgt mit seiner Doppelsohlenstruktur f\u00fcr zus\u00e4tzlichen Komfort. Das strapazierf\u00e4hige Material verleiht den Hausschuhen einen eleganten Look mit Stickereidetails und bietet eine lange Nutzungsdauer. Mit seinem stilvollen Design und dem hochwertigen Material erh\u00f6ht er die Zufriedenheit der G\u00e4ste. Er wird speziell mit verschiedenen Farb- und Druckoptionen ausgew\u00e4hlt.    <\/p>\n<p class=\"p1\"><strong>Sava Eigenschaften:<\/strong><\/p>\n<ul>\n<li class=\"p1\">3+3 mm Schwamm<\/li>\n<li class=\"p1\">Baumwollhandtuch<\/li>\n<\/ul>\n<p class=\"p1\"><strong>Basis-Eigenschaften:<\/strong><\/p>\n<ul>\n<li class=\"p1\">5 mm eva<\/li>\n<li class=\"p1\">Rutschfester Boden<\/li>\n<li class=\"p1\">2 mm Karton<\/li>\n<li class=\"p1\">3 mm Schwamm<\/li>\n<li class=\"p1\">Baumwollhandtuch<\/li>\n<li class=\"p1\">10 g Einlagestoff<\/li>\n<\/ul>\n<p><strong>St\u00fcckzahl pro Paket:<\/strong> 100<\/p>\n<p><strong>Gr\u00f6\u00dfe der Parzelle: <\/strong>620 x 400 x 400 mm<\/p>\n<p><strong>Volumen:<\/strong> 0,099 m<sup>3<\/sup><\/p>\n","protected":false},"featured_media":3718,"comment_status":"open","ping_status":"closed","template":"","meta":{"inline_featured_image":false},"product_brand":[],"product_cat":[157,165],"product_tag":[],"class_list":{"0":"post-3717","1":"product","2":"type-product","3":"status-publish","4":"has-post-thumbnail","6":"product_cat-blumenstraus-zubehor","7":"product_cat-hotel-pantoffeln","8":"tm-has-options","10":"first","11":"instock","12":"shipping-taxable","13":"product-type-simple"},"_links":{"self":[{"href":"https:\/\/globalhotel.com.tr\/de\/wp-json\/wp\/v2\/product\/3717","targetHints":{"allow":["GET"]}}],"collection":[{"href":"https:\/\/globalhotel.com.tr\/de\/wp-json\/wp\/v2\/product"}],"about":[{"href":"https:\/\/globalhotel.com.tr\/de\/wp-json\/wp\/v2\/types\/product"}],"replies":[{"embeddable":true,"href":"https:\/\/globalhotel.com.tr\/de\/wp-json\/wp\/v2\/comments?post=3717"}],"wp:featuredmedia":[{"embeddable":true,"href":"https:\/\/globalhotel.com.tr\/de\/wp-json\/wp\/v2\/media\/3718"}],"wp:attachment":[{"href":"https:\/\/globalhotel.com.tr\/de\/wp-json\/wp\/v2\/media?parent=3717"}],"wp:term":[{"taxonomy":"product_brand","embeddable":true,"href":"https:\/\/globalhotel.com.tr\/de\/wp-json\/wp\/v2\/product_brand?post=3717"},{"taxonomy":"product_cat","embeddable":true,"href":"https:\/\/globalhotel.com.tr\/de\/wp-json\/wp\/v2\/product_cat?post=3717"},{"taxonomy":"product_tag","embeddable":true,"href":"https:\/\/globalhotel.com.tr\/de\/wp-json\/wp\/v2\/product_tag?post=3717"}],"curies":[{"name":"wp","href":"https:\/\/api.w.org\/{rel}","templated":true}]}}