{"id":3703,"date":"2024-09-26T16:58:48","date_gmt":"2024-09-26T13:58:48","guid":{"rendered":"https:\/\/globalhotel.com.tr\/urun\/ot-004-waben-handtuch-pantoffeln\/"},"modified":"2024-09-26T16:58:48","modified_gmt":"2024-09-26T13:58:48","slug":"ot-004-waben-handtuch-pantoffeln","status":"publish","type":"product","link":"https:\/\/globalhotel.com.tr\/de\/urun\/ot-004-waben-handtuch-pantoffeln\/","title":{"rendered":"OT-004 Waben-Handtuch-Pantoffeln"},"content":{"rendered":"<h2 class=\"product-title product_title entry-title\"><strong>Waben-Handtuch-Pantoffeln<\/strong><\/h2>\n<p data-start=\"61\" data-end=\"531\">Otel konaklamalar\u0131ndaki konforun anahtar\u0131, misafirlerin rahat\u0131n\u0131 sa\u011flayacak kaliteli ve \u015f\u0131k malzemelerdir.<strong><a href=\"https:\/\/globalhotel.com.tr\/de\/\"> Petek Havlu Terlik<\/a><\/strong>, hem estetik hem de fonksiyonel a\u00e7\u0131dan otel odalar\u0131nda vazge\u00e7ilmez bir \u00fcr\u00fcn haline gelmi\u015ftir. Bu terlik, \u00f6zellikle misafirlerin rahat\u0131n\u0131 \u00f6n planda tutarak tasarlanm\u0131\u015f ve otel standartlar\u0131na uygun \u015fekilde \u00fcretilmi\u015ftir. Yumu\u015fak dokusu, petek kuma\u015f\u0131 ve ergonomik tasar\u0131m\u0131 ile Petek Havlu Terlik, konaklayan misafirlere unutulmaz bir deneyim sunar.  <\/p>\n<h3 data-start=\"533\" data-end=\"565\"><strong data-start=\"533\" data-end=\"565\">Y\u00fcksek Kalite, Y\u00fcksek Konfor<\/strong><\/h3>\n<p data-start=\"567\" data-end=\"1138\">Petek Havlu Terlik, kaliteli pamuklu havlu kuma\u015f\u0131ndan \u00fcretilmi\u015f olup, misafirlerinizin ayaklar\u0131n\u0131 her ad\u0131mda saran yumu\u015fakl\u0131k ve rahatl\u0131k sunar. \u00d6zel petek dokusu, terliklerin i\u00e7 k\u0131sm\u0131nda ekstra bir konfor sa\u011flarken, ayaklar\u0131n\u0131z\u0131 havaland\u0131r\u0131r ve terlemeyi \u00f6nler. Misafirleriniz, otel odalar\u0131na ad\u0131m att\u0131klar\u0131 anda kendilerini bir spa deneyimindeymi\u015f gibi hissedecekler. Bu terlikler, uzun s\u00fcreli kullan\u0131mlar i\u00e7in dayan\u0131kl\u0131 olup, temizli\u011fi olduk\u00e7a kolayd\u0131r. Ayr\u0131ca, y\u00fcksek kaliteli pamuk dokusu sayesinde terlikler y\u0131kama sonras\u0131 bile ilk g\u00fcnk\u00fc gibi taze ve yumu\u015fak kal\u0131r.    <\/p>\n<h3 data-start=\"1140\" data-end=\"1164\"><strong data-start=\"1140\" data-end=\"1164\">\u015e\u0131k ve Zarif Tasar\u0131m<\/strong><\/h3>\n<p data-start=\"1166\" data-end=\"1579\">Petek Havlu Terlik, sade ve \u015f\u0131k tasar\u0131m\u0131yla her t\u00fcrl\u00fc otel dekoruna uyum sa\u011flar. Terliklerin tasar\u0131m\u0131nda kullan\u0131lan sade beyaz renk, hijyenik bir g\u00f6r\u00fcn\u00fcm sunar ve l\u00fcks bir hava yarat\u0131r. Ayn\u0131 zamanda, otel odas\u0131nda kullan\u0131lan di\u011fer malzemelerle m\u00fckemmel uyum sa\u011flayacak \u015fekilde tasarlanm\u0131\u015ft\u0131r. Her detay\u0131 \u00f6zenle d\u00fc\u015f\u00fcn\u00fclm\u00fc\u015f olan bu terlik, misafirlerinizin hem g\u00f6rsel hem de fiziksel a\u00e7\u0131dan beklentilerini kar\u015f\u0131lar.   <\/p>\n<h2 data-start=\"1581\" data-end=\"1611\"><strong data-start=\"1581\" data-end=\"1611\">Hijyenik ve Sa\u011fl\u0131kl\u0131 Se\u00e7im<\/strong><\/h2>\n<p data-start=\"1613\" data-end=\"2154\">Misafirlerinizin sa\u011fl\u0131\u011f\u0131, otel i\u015fletmecili\u011finde en \u00f6nemli fakt\u00f6rlerden biridir. Petek Havlu Terlik, anti-bakteriyel \u00f6zellikleri sayesinde hijyenik bir kullan\u0131m sunar. \u00d6zellikle otellerde, her misafir sonras\u0131nda temizlenip tekrar kullan\u0131labilir hale gelmesi b\u00fcy\u00fck \u00f6nem ta\u015f\u0131r. Bu terlikler, h\u0131zl\u0131 bir \u015fekilde temizlenip sterilize edilebilir ve her zaman taze bir deneyim sunar. Ayn\u0131 zamanda, hava alabilen dokusu sayesinde terliklerin i\u00e7inde olu\u015fabilecek k\u00f6t\u00fc kokular\u0131 engeller, b\u00f6ylece misafirlerinizin ayaklar\u0131 her zaman rahat ve taze kal\u0131r.    <\/p>\n","protected":false},"excerpt":{"rendered":"<p><strong>OT-004 Honeycomb Towel Slippers <\/strong>bieten Ihren G\u00e4sten in Hotels und Beherbergungsbetrieben Komfort und Hygiene. Das weiche, wabenf\u00f6rmige Handtuchgewebe sorgt f\u00fcr eine bequeme Nutzung, indem es sich den F\u00fc\u00dfen anpasst. Mit seiner leichten Struktur und seinem ergonomischen Design bietet er auch bei l\u00e4ngerem Gebrauch Komfort. Mit ihrem stilvollen Aussehen verleihen sie Hotelzimmern einen eleganten Touch und erh\u00f6hen die Zufriedenheit der G\u00e4ste.   <\/p>\n<p class=\"p1\"><strong>Sava Spezialit\u00e4ten:<\/strong><\/p>\n<ul class=\"ul1\">\n<li class=\"li1\">2 mm Schwamm<\/li>\n<li class=\"li1\">10 gr. Einlagestoff <\/li>\n<li class=\"li1\">Handtuch mit Wabenmuster<\/li>\n<\/ul>\n<p class=\"p1\"><strong>Basis-Eigenschaften:<\/strong><\/p>\n<ul>\n<li>3,2 mm eva<\/li>\n<li>2 mm Schwamm<\/li>\n<li>Handtuch mit Wabenmuster<\/li>\n<li>10 gr. Einlagestoff <\/li>\n<\/ul>\n<p><strong>Menge pro Paket:<\/strong> 200<\/p>\n<p><strong>Gr\u00f6\u00dfe der Parzelle: <\/strong>620 x 400 x 400 mm<\/p>\n<p><strong>Volumen:<\/strong> 0,099 m<sup>3<\/sup><\/p>\n","protected":false},"featured_media":3704,"comment_status":"open","ping_status":"closed","template":"","meta":{"inline_featured_image":false},"product_brand":[],"product_cat":[157,165],"product_tag":[],"class_list":{"0":"post-3703","1":"product","2":"type-product","3":"status-publish","4":"has-post-thumbnail","6":"product_cat-blumenstraus-zubehor","7":"product_cat-hotel-pantoffeln","8":"tm-has-options","10":"first","11":"instock","12":"shipping-taxable","13":"product-type-simple"},"_links":{"self":[{"href":"https:\/\/globalhotel.com.tr\/de\/wp-json\/wp\/v2\/product\/3703","targetHints":{"allow":["GET"]}}],"collection":[{"href":"https:\/\/globalhotel.com.tr\/de\/wp-json\/wp\/v2\/product"}],"about":[{"href":"https:\/\/globalhotel.com.tr\/de\/wp-json\/wp\/v2\/types\/product"}],"replies":[{"embeddable":true,"href":"https:\/\/globalhotel.com.tr\/de\/wp-json\/wp\/v2\/comments?post=3703"}],"wp:featuredmedia":[{"embeddable":true,"href":"https:\/\/globalhotel.com.tr\/de\/wp-json\/wp\/v2\/media\/3704"}],"wp:attachment":[{"href":"https:\/\/globalhotel.com.tr\/de\/wp-json\/wp\/v2\/media?parent=3703"}],"wp:term":[{"taxonomy":"product_brand","embeddable":true,"href":"https:\/\/globalhotel.com.tr\/de\/wp-json\/wp\/v2\/product_brand?post=3703"},{"taxonomy":"product_cat","embeddable":true,"href":"https:\/\/globalhotel.com.tr\/de\/wp-json\/wp\/v2\/product_cat?post=3703"},{"taxonomy":"product_tag","embeddable":true,"href":"https:\/\/globalhotel.com.tr\/de\/wp-json\/wp\/v2\/product_tag?post=3703"}],"curies":[{"name":"wp","href":"https:\/\/api.w.org\/{rel}","templated":true}]}}