{"id":3699,"date":"2024-09-26T16:58:48","date_gmt":"2024-09-26T13:58:48","guid":{"rendered":"https:\/\/globalhotel.com.tr\/urun\/ot-003-hausschuhe-mit-schwammeinlage\/"},"modified":"2024-09-26T16:58:48","modified_gmt":"2024-09-26T13:58:48","slug":"ot-003-hausschuhe-mit-schwammeinlage","status":"publish","type":"product","link":"https:\/\/globalhotel.com.tr\/de\/urun\/ot-003-hausschuhe-mit-schwammeinlage\/","title":{"rendered":"OT-003 Hausschuhe mit Schwammeinlage"},"content":{"rendered":"","protected":false},"excerpt":{"rendered":"<p><strong> OT-003 Hausschuhe mit Schwammeinlage<\/strong>, bietet seinen G\u00e4sten in Hotels und Beherbergungsbetrieben ein komfortables und gem\u00fctliches Erlebnis. Die flexible Struktur auf der Innenseite sorgt f\u00fcr zus\u00e4tzliche Weichheit und Komfort. Dieser Hausschuh mit langlebigem Drahtmaterial bietet eine lange Nutzungsdauer und erh\u00f6ht die Zufriedenheit der G\u00e4ste durch sein stilvolles Design und sein hochwertiges Material. Er wird speziell mit verschiedenen Farb- und Druckoptionen ausgew\u00e4hlt.   <\/p>\n<ul>\n<li><strong>Obere Merkmale:<\/strong><br \/>\n30 g Interlining<br \/>\n2 mm Schwamm<br \/>\n10 g Interlining<\/li>\n<li><strong>Taban \u00d6zellikleri:<br \/>\n<\/strong>3,2 mm eva<br \/>\n30 gr Interlining<\/li>\n<\/ul>\n<p><strong>Menge pro Paket:<\/strong> 200<\/p>\n<p><strong>Gr\u00f6\u00dfe der Parzelle: <\/strong>620 x 400 x 400 mm<\/p>\n<p><strong>Volumen:<\/strong> 0,099 m<sup>3<\/sup><\/p>\n","protected":false},"featured_media":3700,"comment_status":"open","ping_status":"closed","template":"","meta":{"inline_featured_image":false},"product_brand":[],"product_cat":[157,165],"product_tag":[],"class_list":{"0":"post-3699","1":"product","2":"type-product","3":"status-publish","4":"has-post-thumbnail","6":"product_cat-blumenstraus-zubehor","7":"product_cat-hotel-pantoffeln","8":"tm-has-options","10":"first","11":"instock","12":"shipping-taxable","13":"product-type-simple"},"_links":{"self":[{"href":"https:\/\/globalhotel.com.tr\/de\/wp-json\/wp\/v2\/product\/3699","targetHints":{"allow":["GET"]}}],"collection":[{"href":"https:\/\/globalhotel.com.tr\/de\/wp-json\/wp\/v2\/product"}],"about":[{"href":"https:\/\/globalhotel.com.tr\/de\/wp-json\/wp\/v2\/types\/product"}],"replies":[{"embeddable":true,"href":"https:\/\/globalhotel.com.tr\/de\/wp-json\/wp\/v2\/comments?post=3699"}],"wp:featuredmedia":[{"embeddable":true,"href":"https:\/\/globalhotel.com.tr\/de\/wp-json\/wp\/v2\/media\/3700"}],"wp:attachment":[{"href":"https:\/\/globalhotel.com.tr\/de\/wp-json\/wp\/v2\/media?parent=3699"}],"wp:term":[{"taxonomy":"product_brand","embeddable":true,"href":"https:\/\/globalhotel.com.tr\/de\/wp-json\/wp\/v2\/product_brand?post=3699"},{"taxonomy":"product_cat","embeddable":true,"href":"https:\/\/globalhotel.com.tr\/de\/wp-json\/wp\/v2\/product_cat?post=3699"},{"taxonomy":"product_tag","embeddable":true,"href":"https:\/\/globalhotel.com.tr\/de\/wp-json\/wp\/v2\/product_tag?post=3699"}],"curies":[{"name":"wp","href":"https:\/\/api.w.org\/{rel}","templated":true}]}}