{"id":3693,"date":"2024-09-26T16:58:48","date_gmt":"2024-09-26T13:58:48","guid":{"rendered":"https:\/\/globalhotel.com.tr\/urun\/wabenfrottee-hausschuhe-mit-doppelter-schicht-und-doppelter-sohle\/"},"modified":"2024-09-26T16:58:48","modified_gmt":"2024-09-26T13:58:48","slug":"wabenfrottee-hausschuhe-mit-doppelter-schicht-und-doppelter-sohle","status":"publish","type":"product","link":"https:\/\/globalhotel.com.tr\/de\/urun\/wabenfrottee-hausschuhe-mit-doppelter-schicht-und-doppelter-sohle\/","title":{"rendered":"Wabenfrottee-Hausschuhe mit doppelter Schicht und doppelter Sohle"},"content":{"rendered":"<h2 class=\"product-title product_title entry-title\"><strong>Wabenfrottee-Hausschuhe mit doppelter Schicht und doppelter Sohle<\/strong><\/h2>\n<p data-start=\"83\" data-end=\"671\">Otel ve spa gibi konaklama tesisleri i\u00e7in \u00f6zel olarak tasarlanan <a href=\"https:\/\/globalhotel.com.tr\/de\/\"><strong data-start=\"148\" data-end=\"190\">Petek Havlu \u00c7ift Kat \u00c7ift Taban Terlik<\/strong><\/a>, \u00fcst\u00fcn konfor ve dayan\u0131kl\u0131l\u0131\u011f\u0131 bir araya getiriyor. Y\u00fcksek kaliteli petek havlu kuma\u015f\u0131 sayesinde yumu\u015fak bir dokuya sahip olan bu terlik, misafirlerinize rahat bir kullan\u0131m sunar. <\/p>\n<p data-start=\"83\" data-end=\"671\">\u00c7ift katl\u0131 yap\u0131s\u0131, terli\u011fin ekstra emici olmas\u0131n\u0131 sa\u011flarken, nefes alabilir dokusu ile ayaklar\u0131n uzun s\u00fcre kuru kalmas\u0131na yard\u0131mc\u0131 olur. \u00d6zel tasarlanm\u0131\u015f \u00e7ift taban\u0131 ise kaymaz \u00f6zellik g\u00f6stererek g\u00fcvenli\u011fi \u00f6n planda tutar. Hem hafif yap\u0131s\u0131 hem de ergonomik tasar\u0131m\u0131 ile kullan\u0131c\u0131 dostu bir \u00fcr\u00fcnd\u00fcr.  <\/p>\n<p data-start=\"673\" data-end=\"1309\" data-is-last-node=\"\">L\u00fcks otellerden termal tesislere kadar geni\u015f bir kullan\u0131m alan\u0131na sahip olan bu terlik modeli, hijyenik yap\u0131s\u0131 ile de \u00f6n plana \u00e7\u0131kar. Tek kullan\u0131ml\u0131k veya tekrar kullan\u0131labilir olarak tercih edilebilen <strong data-start=\"875\" data-end=\"917\">Petek Havlu \u00c7ift Kat \u00c7ift Taban Terlik<\/strong>, \u015f\u0131k ve estetik g\u00f6r\u00fcn\u00fcm\u00fcyle konuklar\u0131n\u0131za kaliteli bir deneyim ya\u015fat\u0131r. Dayan\u0131kl\u0131 malzemesi sayesinde uzun s\u00fcreli kullan\u0131mlara uygun olup, otel konseptine uygun olarak ki\u015fiselle\u015ftirilebilir.  <\/p>\n<p data-start=\"673\" data-end=\"1309\" data-is-last-node=\"\">Farkl\u0131 beden se\u00e7enekleri ile her misafirin konforunu d\u00fc\u015f\u00fcnerek \u00fcretilmi\u015ftir. Hem ekonomik hem de prestijli bir se\u00e7enek olan bu terlik, otelinizin misafir memnuniyetini art\u0131rmak i\u00e7in ideal bir \u00fcr\u00fcnd\u00fcr. <\/p>\n","protected":false},"excerpt":{"rendered":"<p><strong>Honeycomb Towel Double Layer Double Sole Slippers <\/strong>bieten G\u00e4sten in Beherbergungsbetrieben wie Hotels und Spas zus\u00e4tzlichen Komfort und ein hygienisches Erlebnis. Das weiche Wabenfrottee passt sich mit seiner doppellagigen Sohle perfekt an die F\u00fc\u00dfe an und bietet \u00fcberragenden Komfort bei dauerhaftem Gebrauch. Dank seiner strapazierf\u00e4higen Struktur bietet er eine lange Nutzungsdauer. Mit seinem stilvollen Design und dem hochwertigen Material erh\u00f6ht er die Zufriedenheit der G\u00e4ste. Er wird speziell mit verschiedenen Farb- und Druckoptionen ausgew\u00e4hlt.    <\/p>\n<p class=\"p1\"><strong>Obere Merkmale:<\/strong><\/p>\n<ul class=\"ul1\">\n<li class=\"li1\">3 +3 mm Schwamm<\/li>\n<li class=\"li1\">Handtuch mit Wabenmuster<\/li>\n<\/ul>\n<p class=\"p1\"><strong>Basis-Eigenschaften:<\/strong><\/p>\n<ul>\n<li>5 mm eva<\/li>\n<li>2 mm Karton<\/li>\n<li>3 mm Schwamm<\/li>\n<li>Handtuch mit Wabenmuster<\/li>\n<li>10 g Einlagestoff<\/li>\n<\/ul>\n<p><strong>St\u00fcckzahl pro Paket:<\/strong> 100<\/p>\n<p><strong>Gr\u00f6\u00dfe der Parzelle: <\/strong>620 x 400 x 400 mm<\/p>\n<p><strong>Volumen:<\/strong> 0,099 m<sup>3<\/sup><\/p>\n","protected":false},"featured_media":3694,"comment_status":"open","ping_status":"closed","template":"","meta":{"inline_featured_image":false},"product_brand":[],"product_cat":[157,165],"product_tag":[],"class_list":{"0":"post-3693","1":"product","2":"type-product","3":"status-publish","4":"has-post-thumbnail","6":"product_cat-blumenstraus-zubehor","7":"product_cat-hotel-pantoffeln","8":"tm-has-options","10":"first","11":"instock","12":"shipping-taxable","13":"product-type-simple"},"_links":{"self":[{"href":"https:\/\/globalhotel.com.tr\/de\/wp-json\/wp\/v2\/product\/3693","targetHints":{"allow":["GET"]}}],"collection":[{"href":"https:\/\/globalhotel.com.tr\/de\/wp-json\/wp\/v2\/product"}],"about":[{"href":"https:\/\/globalhotel.com.tr\/de\/wp-json\/wp\/v2\/types\/product"}],"replies":[{"embeddable":true,"href":"https:\/\/globalhotel.com.tr\/de\/wp-json\/wp\/v2\/comments?post=3693"}],"wp:featuredmedia":[{"embeddable":true,"href":"https:\/\/globalhotel.com.tr\/de\/wp-json\/wp\/v2\/media\/3694"}],"wp:attachment":[{"href":"https:\/\/globalhotel.com.tr\/de\/wp-json\/wp\/v2\/media?parent=3693"}],"wp:term":[{"taxonomy":"product_brand","embeddable":true,"href":"https:\/\/globalhotel.com.tr\/de\/wp-json\/wp\/v2\/product_brand?post=3693"},{"taxonomy":"product_cat","embeddable":true,"href":"https:\/\/globalhotel.com.tr\/de\/wp-json\/wp\/v2\/product_cat?post=3693"},{"taxonomy":"product_tag","embeddable":true,"href":"https:\/\/globalhotel.com.tr\/de\/wp-json\/wp\/v2\/product_tag?post=3693"}],"curies":[{"name":"wp","href":"https:\/\/api.w.org\/{rel}","templated":true}]}}