{"id":3689,"date":"2024-09-26T17:01:38","date_gmt":"2024-09-26T14:01:38","guid":{"rendered":"https:\/\/globalhotel.com.tr\/urun\/60-ml-flasche-hotel-shampoo\/"},"modified":"2024-09-26T17:01:38","modified_gmt":"2024-09-26T14:01:38","slug":"60-ml-flasche-hotel-shampoo","status":"publish","type":"product","link":"https:\/\/globalhotel.com.tr\/de\/urun\/60-ml-flasche-hotel-shampoo\/","title":{"rendered":"60 ML-Flasche Hotel-Shampoo"},"content":{"rendered":"<h2><strong>60 ML-Flasche Hotel-Shampoo<\/strong><\/h2>\n<p data-start=\"65\" data-end=\"462\">Otelinizin kalitesini ve misafir memnuniyetini art\u0131rmak i\u00e7in \u00f6zel olarak tasarlanm\u0131\u015f<a href=\"https:\/\/globalhotel.com.tr\/de\/\"> <strong data-start=\"150\" data-end=\"178\">60 ML \u015ei\u015fe Otel \u015eampuan\u0131<\/strong><\/a>, konfor ve hijyeni bir araya getiriyor. \u015e\u0131k ve pratik ambalaj\u0131 sayesinde hem estetik bir g\u00f6r\u00fcn\u00fcm sunar hem de kullan\u0131m kolayl\u0131\u011f\u0131 sa\u011flar. Y\u00fcksek kaliteli i\u00e7eriklerle form\u00fcle edilen bu \u015fampuan, t\u00fcm sa\u00e7 tiplerine uygun olup misafirlerinizin sa\u00e7lar\u0131n\u0131 derinlemesine temizler ve besler.  <\/p>\n<p data-start=\"464\" data-end=\"848\">Hafif ve ferahlat\u0131c\u0131 kokusuyla uzun s\u00fcreli temizlik hissi sunan bu \u015fampuan, otel, butik otel, tatil k\u00f6y\u00fc, pansiyon ve spa merkezleri i\u00e7in m\u00fckemmel bir se\u00e7enektir. Dermatolojik olarak test edilmi\u015f form\u00fcl\u00fcyle sa\u00e7 derisini tahri\u015f etmez ve g\u00fcnl\u00fck kullan\u0131ma uygundur. <strong data-start=\"727\" data-end=\"771\">Paraben ve s\u00fclfat i\u00e7ermeyen \u00f6zel i\u00e7eri\u011fi<\/strong>, misafirlerinizin sa\u00e7lar\u0131n\u0131 nazik\u00e7e temizlerken do\u011fal nem dengesini korur. <\/p>\n<p data-start=\"850\" data-end=\"1236\">\u015e\u0131k ve kompakt 60 ML \u015fi\u015fe tasar\u0131m\u0131, seyahat eden konuklar i\u00e7in ideal olup tek kullan\u0131ml\u0131k veya k\u0131sa s\u00fcreli konaklamalar i\u00e7in idealdir. Otel odalar\u0131nda, banyo setlerinde veya hediye kitlerinde kullan\u0131ma uygundur. <strong data-start=\"1062\" data-end=\"1147\">Markan\u0131z\u0131n prestijini art\u0131rmak i\u00e7in \u00f6zel logo bask\u0131l\u0131 tasar\u0131mlar da uygulanabilir<\/strong>, b\u00f6ylece otelinizin imaj\u0131n\u0131 g\u00fc\u00e7lendiren ki\u015fiselle\u015ftirilmi\u015f bir deneyim sunabilirsiniz. <\/p>\n<p data-start=\"1238\" data-end=\"1530\" data-is-last-node=\"\">\u00c7evre dostu ve geri d\u00f6n\u00fc\u015ft\u00fcr\u00fclebilir ambalaj se\u00e7enekleriyle sunulan bu \u00fcr\u00fcn, s\u00fcrd\u00fcr\u00fclebilir otelcilik anlay\u0131\u015f\u0131n\u0131 benimseyen i\u015fletmeler i\u00e7in de do\u011fru bir tercihtir. <strong data-start=\"1402\" data-end=\"1530\" data-is-last-node=\"\">Misafirlerinizin konaklamalar\u0131n\u0131 unutulmaz k\u0131lmak ve kaliteyi hissettirmek i\u00e7in 60 ML \u015ei\u015fe Otel \u015eampuan\u0131 ideal bir \u00e7\u00f6z\u00fcmd\u00fcr.<\/strong><\/p>\n","protected":false},"excerpt":{"rendered":"<p>Hotelshampoos geh\u00f6ren zu den Produkten, die die G\u00e4ste in ihrem Hotel am h\u00e4ufigsten benutzen. Aus diesem Grund erh\u00f6hen hochwertige und wohlriechende Shampoos die Zufriedenheit der G\u00e4ste und machen Ihr Hotel beliebt. Kontaktieren Sie uns f\u00fcr den Kauf  <\/p>\n<article class=\"article-icon-entry \">\n<div class=\"iconlist_content_wrap\">\n<div class=\"iconlist_content \">\n<ul>\n<li><strong><span class=\"fontstyle0\">SHAMPOO<\/span><\/strong><\/li>\n<li><strong style=\"color: var(--rz-text-color); font-family: var(--rz-font-family-primary);\"><span class=\"fontstyle0\">DUSCHGEL<\/span><\/strong><\/li>\n<li><strong style=\"color: var(--rz-text-color); font-family: var(--rz-font-family-primary);\"><span class=\"fontstyle0\">K\u00d6RPERLOTION<\/span><\/strong><\/li>\n<li><strong style=\"color: var(--rz-text-color); font-family: var(--rz-font-family-primary);\"><span class=\"fontstyle0\">HAARCREME<\/span><\/strong><\/li>\n<\/ul>\n<p><strong>Breite: <\/strong>80<br \/>\n<strong style=\"color: var(--rz-text-color); font-family: var(--rz-font-family-primary);\">H\u00f6he: <\/strong><span style=\"color: var(--rz-text-color); font-family: var(--rz-font-family-primary);\">40<\/span><\/p>\n<p>Unser Unternehmen ist ein auf Hotelshampoos spezialisierter Hersteller. Unsere hochwertigen und hygienischen Shampoos zeichnen sich durch einen angenehmen Geruch und ein besonderes Verpackungsdesign aus. Auf Wunsch drucken wir auch das Logo Ihres Unternehmens auf die Verpackung unserer Shampoos. So k\u00f6nnen Sie den Bekanntheitsgrad Ihres Unternehmens steigern und Ihre G\u00e4ste zufrieden stellen.   <\/p>\n<p>Sie k\u00f6nnen sich mit uns in Verbindung setzen, um detaillierte Informationen \u00fcber die von uns hergestellten Hotelshampoos zu erhalten, die den Erwartungen und der Zufriedenheit Ihrer G\u00e4ste entsprechen, und um ein Preisangebot einzuholen. Unser Unternehmen, das gro\u00dfen Wert auf die Zufriedenheit seiner Kunden legt, ist bestrebt, die besten Qualit\u00e4tsprodukte zu den g\u00fcnstigsten Preisen anzubieten. <\/p>\n<p>&nbsp;<\/p>\n<\/div>\n<\/div>\n<\/article>\n","protected":false},"featured_media":3690,"comment_status":"open","ping_status":"closed","template":"","meta":{"inline_featured_image":false},"product_brand":[],"product_cat":[157,164],"product_tag":[],"class_list":{"0":"post-3689","1":"product","2":"type-product","3":"status-publish","4":"has-post-thumbnail","6":"product_cat-blumenstraus-zubehor","7":"product_cat-hotel-shampoos","8":"tm-has-options","10":"first","11":"instock","12":"shipping-taxable","13":"product-type-simple"},"_links":{"self":[{"href":"https:\/\/globalhotel.com.tr\/de\/wp-json\/wp\/v2\/product\/3689","targetHints":{"allow":["GET"]}}],"collection":[{"href":"https:\/\/globalhotel.com.tr\/de\/wp-json\/wp\/v2\/product"}],"about":[{"href":"https:\/\/globalhotel.com.tr\/de\/wp-json\/wp\/v2\/types\/product"}],"replies":[{"embeddable":true,"href":"https:\/\/globalhotel.com.tr\/de\/wp-json\/wp\/v2\/comments?post=3689"}],"wp:featuredmedia":[{"embeddable":true,"href":"https:\/\/globalhotel.com.tr\/de\/wp-json\/wp\/v2\/media\/3690"}],"wp:attachment":[{"href":"https:\/\/globalhotel.com.tr\/de\/wp-json\/wp\/v2\/media?parent=3689"}],"wp:term":[{"taxonomy":"product_brand","embeddable":true,"href":"https:\/\/globalhotel.com.tr\/de\/wp-json\/wp\/v2\/product_brand?post=3689"},{"taxonomy":"product_cat","embeddable":true,"href":"https:\/\/globalhotel.com.tr\/de\/wp-json\/wp\/v2\/product_cat?post=3689"},{"taxonomy":"product_tag","embeddable":true,"href":"https:\/\/globalhotel.com.tr\/de\/wp-json\/wp\/v2\/product_tag?post=3689"}],"curies":[{"name":"wp","href":"https:\/\/api.w.org\/{rel}","templated":true}]}}