{"id":3683,"date":"2024-09-26T17:01:38","date_gmt":"2024-09-26T14:01:38","guid":{"rendered":"https:\/\/globalhotel.com.tr\/urun\/35-ml-flasche-hotel-shampoo\/"},"modified":"2025-04-16T01:18:11","modified_gmt":"2025-04-15T22:18:11","slug":"35-ml-flasche-hotel-shampoo","status":"publish","type":"product","link":"https:\/\/globalhotel.com.tr\/de\/urun\/35-ml-flasche-hotel-shampoo\/","title":{"rendered":"35 ML-Flasche Hotel-Shampoo"},"content":{"rendered":"<h2><strong>35 ML-Flasche Hotel-Shampoo<\/strong><\/h2>\n<p data-start=\"141\" data-end=\"421\">Otel misafirlerinin ihtiya\u00e7lar\u0131n\u0131 kar\u015f\u0131lamak i\u00e7in \u00f6zenle tasarlanm\u0131\u015f <strong><a href=\"https:\/\/globalhotel.com.tr\/de\/\">35 ML \u015fi\u015fe otel \u015fampuan\u0131<\/a><\/strong>, konforu ve hijyeni \u00f6n planda tutarak otel odalar\u0131nda kullan\u0131labilecek ideal bir \u00fcr\u00fcnd\u00fcr. Hem pratik hem de zarif tasar\u0131m\u0131yla, otel odalar\u0131ndaki banyo deneyimini bir \u00fcst seviyeye ta\u015f\u0131r. <\/p>\n<p data-start=\"423\" data-end=\"737\">\u015eampuan\u0131n 35 ML&#8217;lik \u015fi\u015fesi, misafirler i\u00e7in kullan\u0131m kolayl\u0131\u011f\u0131 sa\u011flar. K\u00fc\u00e7\u00fck ve ta\u015f\u0131mas\u0131 kolay olmas\u0131 sayesinde, otel odas\u0131nda pratik bir \u015fekilde kullan\u0131labilir, ayn\u0131 zamanda misafirlerin seyahatte de yanlar\u0131na alabilece\u011fi kompakt bir se\u00e7enek sunar. Bu da \u00f6zellikle i\u015f seyahati yapanlar i\u00e7in b\u00fcy\u00fck bir avantajd\u0131r.  <\/p>\n<p data-start=\"739\" data-end=\"1101\">Otel \u015fampuan\u0131, cilt dostu form\u00fcl\u00fcyle sa\u00e7lar\u0131 nazik\u00e7e temizler, yumu\u015fat\u0131r ve nemlendirir. \u0130\u00e7eri\u011findeki \u00f6zel bile\u015fenler, sa\u00e7\u0131 kurutmadan bak\u0131m yapar ve sa\u00e7\u0131n do\u011fal yap\u0131s\u0131n\u0131 korur. Hafif ve ho\u015f kokusu, misafirlerinizin banyo deneyimini taze ve ferah bir hale getirir. Uzun s\u00fcreli etkisi sayesinde, sadece temizlik de\u011fil, ayn\u0131 zamanda konfor ve l\u00fcks hissi de verir.   <\/p>\n<p data-start=\"1103\" data-end=\"1448\">Sadece oteller i\u00e7in de\u011fil, tatil k\u00f6yleri, spa merkezleri, misafirhaneler ve di\u011fer konaklama tesisleri i\u00e7in de m\u00fckemmel bir tercihtir. Estetik olarak da \u015f\u0131k bir sunum sunan \u015fi\u015fe tasar\u0131m\u0131, otelinizin zarif ve profesyonel imaj\u0131n\u0131 peki\u015ftirir. Hem misafirlerinize hem de i\u015fletmenize de\u011fer katacak bu otel \u015fampuan\u0131, hijyen ve kaliteyi bir arada sunar.  <\/p>\n","protected":false},"excerpt":{"rendered":"<p>Hotelshampoos geh\u00f6ren zu den Produkten, die die G\u00e4ste in ihrem Hotel am h\u00e4ufigsten benutzen. Aus diesem Grund erh\u00f6hen hochwertige und wohlriechende Shampoos die Zufriedenheit der G\u00e4ste und machen Ihr Hotel beliebt. Kontaktieren Sie uns f\u00fcr den Kauf  <\/p>\n<article class=\"article-icon-entry \">\n<div class=\"iconlist_content_wrap\">\n<div class=\"iconlist_content \">\n<ul>\n<li><strong><span class=\"fontstyle0\">SHAMPOO<\/span><\/strong><\/li>\n<li><strong style=\"color: var(--rz-text-color); font-family: var(--rz-font-family-primary);\"><span class=\"fontstyle0\">DUSCHGEL<\/span><\/strong><\/li>\n<li><strong style=\"color: var(--rz-text-color); font-family: var(--rz-font-family-primary);\"><span class=\"fontstyle0\">K\u00d6RPERLOTION<\/span><\/strong><\/li>\n<li><strong style=\"color: var(--rz-text-color); font-family: var(--rz-font-family-primary);\"><span class=\"fontstyle0\">HAARCREME<\/span><\/strong><\/li>\n<\/ul>\n<p><strong>Breite: <\/strong>80<br \/>\n<strong style=\"color: var(--rz-text-color); font-family: var(--rz-font-family-primary);\">H\u00f6he:<\/strong><span style=\"color: var(--rz-text-color); font-family: var(--rz-font-family-primary);\"> 30<\/span><\/p>\n<p>Unser Unternehmen ist ein auf Hotelshampoos spezialisierter Hersteller. Unsere hochwertigen und hygienischen Shampoos zeichnen sich durch einen angenehmen Geruch und ein besonderes Verpackungsdesign aus. Auf Wunsch drucken wir auch das Logo Ihres Unternehmens auf die Verpackung unserer Shampoos. So k\u00f6nnen Sie den Bekanntheitsgrad Ihres Unternehmens steigern und Ihre G\u00e4ste zufrieden stellen.   <\/p>\n<p>Sie k\u00f6nnen sich mit uns in Verbindung setzen, um detaillierte Informationen \u00fcber die von uns hergestellten Hotelshampoos zu erhalten, die den Erwartungen und der Zufriedenheit Ihrer G\u00e4ste entsprechen, und um ein Preisangebot einzuholen. Unser Unternehmen, das gro\u00dfen Wert auf die Zufriedenheit seiner Kunden legt, ist bestrebt, die besten Qualit\u00e4tsprodukte zu den g\u00fcnstigsten Preisen anzubieten. <\/p>\n<p>&nbsp;<\/p>\n<\/div>\n<\/div>\n<\/article>\n","protected":false},"featured_media":3684,"comment_status":"open","ping_status":"closed","template":"","meta":{"inline_featured_image":false},"product_brand":[],"product_cat":[157,164],"product_tag":[],"class_list":{"0":"post-3683","1":"product","2":"type-product","3":"status-publish","4":"has-post-thumbnail","6":"product_cat-blumenstraus-zubehor","7":"product_cat-hotel-shampoos","8":"tm-has-options","10":"first","11":"instock","12":"shipping-taxable","13":"product-type-simple"},"_links":{"self":[{"href":"https:\/\/globalhotel.com.tr\/de\/wp-json\/wp\/v2\/product\/3683","targetHints":{"allow":["GET"]}}],"collection":[{"href":"https:\/\/globalhotel.com.tr\/de\/wp-json\/wp\/v2\/product"}],"about":[{"href":"https:\/\/globalhotel.com.tr\/de\/wp-json\/wp\/v2\/types\/product"}],"replies":[{"embeddable":true,"href":"https:\/\/globalhotel.com.tr\/de\/wp-json\/wp\/v2\/comments?post=3683"}],"wp:featuredmedia":[{"embeddable":true,"href":"https:\/\/globalhotel.com.tr\/de\/wp-json\/wp\/v2\/media\/3684"}],"wp:attachment":[{"href":"https:\/\/globalhotel.com.tr\/de\/wp-json\/wp\/v2\/media?parent=3683"}],"wp:term":[{"taxonomy":"product_brand","embeddable":true,"href":"https:\/\/globalhotel.com.tr\/de\/wp-json\/wp\/v2\/product_brand?post=3683"},{"taxonomy":"product_cat","embeddable":true,"href":"https:\/\/globalhotel.com.tr\/de\/wp-json\/wp\/v2\/product_cat?post=3683"},{"taxonomy":"product_tag","embeddable":true,"href":"https:\/\/globalhotel.com.tr\/de\/wp-json\/wp\/v2\/product_tag?post=3683"}],"curies":[{"name":"wp","href":"https:\/\/api.w.org\/{rel}","templated":true}]}}