{"id":3673,"date":"2024-09-26T16:58:48","date_gmt":"2024-09-26T13:58:48","guid":{"rendered":"https:\/\/globalhotel.com.tr\/urun\/bedruckte-transparente-flowpack-seife\/"},"modified":"2025-04-15T19:29:49","modified_gmt":"2025-04-15T16:29:49","slug":"bedruckte-transparente-flowpack-seife","status":"publish","type":"product","link":"https:\/\/globalhotel.com.tr\/de\/urun\/bedruckte-transparente-flowpack-seife\/","title":{"rendered":"Bedruckte transparente Flowpack-Seife"},"content":{"rendered":"<h2 class=\"product-title product_title entry-title\"><strong>Bedruckte transparente Flowpack-Seife<\/strong><\/h2>\n<p>&nbsp;<\/p>\n<p>Konaklama sekt\u00f6r\u00fcnde hijyen ve m\u00fc\u015fteri memnuniyeti en \u00f6nemli unsurlar aras\u0131nda yer al\u0131r. Oteller, tatil k\u00f6yleri, spa merkezleri ve benzeri i\u015fletmelerde misafirlerin hijyen ihtiya\u00e7lar\u0131n\u0131 kar\u015f\u0131lamak amac\u0131yla kullan\u0131lan <a href=\"https:\/\/globalhotel.com.tr\/de\/\"><strong>bask\u0131l\u0131 \u015feffaf flowpack sabun<\/strong><\/a>, modern ambalaj tasar\u0131m\u0131 ve etkili temizlik \u00f6zelli\u011fi ile dikkat \u00e7eker. <\/p>\n<p>Bu sabunlar, \u00f6zel \u015feffaf flowpack ambalaj\u0131 sayesinde hijyenik ve estetik bir sunum sa\u011flar. \u00dcr\u00fcn, i\u015fletmenizin kimli\u011fini \u00f6n plana \u00e7\u0131karacak \u015fekilde \u00f6zelle\u015ftirilebilir bask\u0131 se\u00e7eneklerine sahiptir. \u00dczerine i\u015fletme logosu, slogan\u0131 veya marka bilgileri eklenerek misafirleriniz \u00fczerinde kal\u0131c\u0131 bir izlenim yaratabilirsiniz. \u015eeffaf ambalaj\u0131n sundu\u011fu g\u00f6rsellik, hem modern hem de \u015f\u0131k bir g\u00f6r\u00fcn\u00fcm sunar ve misafirlerin hijyen \u00fcr\u00fcnlerinize olan g\u00fcvenini art\u0131r\u0131r.   <\/p>\n<h2><strong>Y\u00fcksek Kaliteli Form\u00fcl ile Etkili Temizlik<\/strong><\/h2>\n<p>Bask\u0131l\u0131 \u015feffaf flowpack sabun, cilt dostu i\u00e7erikleri sayesinde her cilt tipine uygundur. Yo\u011fun k\u00f6p\u00fcrme \u00f6zelli\u011fi ile etkili temizlik sunarken, ho\u015f kokusu sayesinde ferah bir his b\u0131rak\u0131r. Sabunun form\u00fclasyonu cildi kurutmadan nazik\u00e7e temizler ve g\u00fcnl\u00fck kullan\u0131ma uygundur. Ayr\u0131ca, do\u011fada \u00e7\u00f6z\u00fcnebilir form\u00fcl se\u00e7enekleri ile \u00e7evre dostu bir alternatif sunar.   <\/p>\n<p><strong>Estetik ve Pratik Ambalaj Tasar\u0131m\u0131<\/strong><br \/>\nFlowpack ambalaj, \u00fcr\u00fcn\u00fcn d\u0131\u015f etkenlerden korunmas\u0131n\u0131 sa\u011flar ve sabunun hijyenik ko\u015fullarda kullan\u0131lmas\u0131n\u0131 m\u00fcmk\u00fcn k\u0131lar. \u015eeffaf tasar\u0131m\u0131 ile sabunun rengi ve dokusu g\u00f6zle g\u00f6r\u00fclebilir, bu da kullan\u0131c\u0131lar i\u00e7in g\u00fcven art\u0131r\u0131c\u0131 bir fakt\u00f6rd\u00fcr. Ambalaj\u0131n kompakt yap\u0131s\u0131, depolama ve ta\u015f\u0131ma kolayl\u0131\u011f\u0131 sa\u011flar.  <\/p>\n<p>Sabun \u00e7e\u015fitlerimiz ve \u00fcr\u00fcn kodlar a\u015fa\u011f\u0131daki gibidir.<\/p>\n<ul>\n<li><strong>MML 0084<\/strong>: Kekikli Sabun<\/li>\n<li><strong>MML 0084<\/strong>: Lavanta Sabun<\/li>\n<li><strong>MML 0132<\/strong>: Kekli Sabun<\/li>\n<\/ul>\n<ul>\n<li><strong>MML 0133<\/strong>: Turun\u00e7gil Sabun<\/li>\n<li><strong>MML 0134<\/strong>: Argan Sabun<\/li>\n<li><strong>MML 0135<\/strong>: Zeytinya\u011fl\u0131 Sabun<\/li>\n<\/ul>\n<p>&nbsp;<\/p>\n","protected":false},"excerpt":{"rendered":"<p><strong>Bedruckte transparente Flowpack-Seife<\/strong> ist ein hygienisches und praktisches K\u00f6rperpflegeprodukt, das speziell f\u00fcr Hotels und Beherbergungsbetriebe entwickelt wurde. Ihre transparente Verpackung spiegelt Qualit\u00e4t wider, indem sie den Inhalt zeigt, w\u00e4hrend ihr angenehmer Duft und ihre hautfreundliche Formel f\u00fcr eine erfrischende Reinigung sorgen. Ihr kompaktes Einwegdesign erm\u00f6glicht den G\u00e4sten eine bequeme Anwendung. Das bedruckte Design spiegelt die Eleganz und Eleganz Ihres Hotels wider und pr\u00e4sentiert Ihre Marke bei den G\u00e4sten.    <strong>Wir entwerfen speziell f\u00fcr Sie mit Ihrem Hotellogo und spiegeln Ihre Marke auf die eleganteste Weise wider.<\/strong><\/p>\n<ul>\n<li><strong>PL Bedruckte transparente Flowback-Seife: <\/strong>15 Gr.<\/li>\n<li><strong>PL Bedruckte transparente Flowback-Seife: <\/strong>20 Gr.<\/li>\n<li><strong>PL Bedruckte transparente Flowback-Seife:<\/strong> 25 Gr.<\/li>\n<li><strong>PL Bedruckte transparente Flowback-Seife:<\/strong> 30 Gr.<\/li>\n<\/ul>\n<p>Unser Unternehmen stellt hochwertige Hotelseifen nach europ\u00e4ischen Standards her. Die Hotelseifen, die wir herstellen, um die Erwartungen Ihrer G\u00e4ste zu erf\u00fcllen und ihre Zufriedenheit zu gew\u00e4hrleisten, zeichnen sich durch ihre hautfreundliche und hygienische Struktur aus. <\/p>\n<p>Wenden Sie sich an uns, um die Hygienestandards in Ihrem Hotel zu verbessern und die Zufriedenheit Ihrer G\u00e4ste zu steigern. F\u00fcr detaillierte Informationen \u00fcber Preisangebote und unsere Produkte k\u00f6nnen Sie uns anrufen oder uns \u00fcber unsere Kommunikationskan\u00e4le kontaktieren. <\/p>\n","protected":false},"featured_media":3674,"comment_status":"open","ping_status":"closed","template":"","meta":{"inline_featured_image":false},"product_brand":[],"product_cat":[157,163],"product_tag":[],"class_list":{"0":"post-3673","1":"product","2":"type-product","3":"status-publish","4":"has-post-thumbnail","6":"product_cat-blumenstraus-zubehor","7":"product_cat-hotel-seife","8":"tm-has-options","10":"first","11":"instock","12":"shipping-taxable","13":"product-type-simple"},"_links":{"self":[{"href":"https:\/\/globalhotel.com.tr\/de\/wp-json\/wp\/v2\/product\/3673","targetHints":{"allow":["GET"]}}],"collection":[{"href":"https:\/\/globalhotel.com.tr\/de\/wp-json\/wp\/v2\/product"}],"about":[{"href":"https:\/\/globalhotel.com.tr\/de\/wp-json\/wp\/v2\/types\/product"}],"replies":[{"embeddable":true,"href":"https:\/\/globalhotel.com.tr\/de\/wp-json\/wp\/v2\/comments?post=3673"}],"wp:featuredmedia":[{"embeddable":true,"href":"https:\/\/globalhotel.com.tr\/de\/wp-json\/wp\/v2\/media\/3674"}],"wp:attachment":[{"href":"https:\/\/globalhotel.com.tr\/de\/wp-json\/wp\/v2\/media?parent=3673"}],"wp:term":[{"taxonomy":"product_brand","embeddable":true,"href":"https:\/\/globalhotel.com.tr\/de\/wp-json\/wp\/v2\/product_brand?post=3673"},{"taxonomy":"product_cat","embeddable":true,"href":"https:\/\/globalhotel.com.tr\/de\/wp-json\/wp\/v2\/product_cat?post=3673"},{"taxonomy":"product_tag","embeddable":true,"href":"https:\/\/globalhotel.com.tr\/de\/wp-json\/wp\/v2\/product_tag?post=3673"}],"curies":[{"name":"wp","href":"https:\/\/api.w.org\/{rel}","templated":true}]}}