{"id":3665,"date":"2024-09-26T16:58:48","date_gmt":"2024-09-26T13:58:48","guid":{"rendered":"https:\/\/globalhotel.com.tr\/urun\/gezackte-hotelseife\/"},"modified":"2025-08-25T11:15:58","modified_gmt":"2025-08-25T08:15:58","slug":"gezackte-hotelseife","status":"publish","type":"product","link":"https:\/\/globalhotel.com.tr\/de\/urun\/gezackte-hotelseife\/","title":{"rendered":"Gezackte Hotelseife"},"content":{"rendered":"<h2 class=\"product-title product_title entry-title\"><strong>Gezackte Hotelseife<\/strong><\/h2>\n<p><a href=\"https:\/\/globalhotel.com.tr\/de\/\"><strong>T\u0131rt\u0131kl\u0131 Otel Sabunu<\/strong><\/a>, konforlu bir temizlik deneyimi sunmak amac\u0131yla \u00f6zel olarak tasarlanm\u0131\u015f, y\u00fcksek kaliteli bir \u00fcr\u00fcnd\u00fcr. Otel, pansiyon, spa merkezi veya di\u011fer konaklama sekt\u00f6rlerinde kullan\u0131lmak \u00fczere m\u00fckemmel bir tercihtir. Sabunun kendine has t\u0131rt\u0131kl\u0131 yap\u0131s\u0131, her kullan\u0131mda hem \u015f\u0131kl\u0131k hem de pratiklik sa\u011flar. Konuklar\u0131n\u0131z\u0131n beklentilerini en iyi \u015fekilde kar\u015f\u0131lamak i\u00e7in \u00f6zenle \u00fcretilmi\u015ftir ve konaklama i\u015fletmeleri i\u00e7in ideal temizlik ve hijyen arac\u0131d\u0131r.   <\/p>\n<p><strong>Zarif Tasar\u0131m ve Fonksiyonellik<\/strong><\/p>\n<p>Sabunun t\u0131rt\u0131kl\u0131 y\u00fczeyi, kullan\u0131m s\u0131ras\u0131nda m\u00fckemmel bir tutu\u015f sa\u011flar ve ellerde kaymay\u0131 engeller. Ayr\u0131ca, sabunun tasar\u0131m\u0131, otel odalar\u0131ndaki estetik anlay\u0131\u015fa uyum sa\u011flar. B\u00fct\u00fcnl\u00fck ve zarafetin birle\u015fimi, kullan\u0131c\u0131lar\u0131n sabunu rahat\u00e7a tutmas\u0131na olanak tan\u0131r, b\u00f6ylece temizlik s\u0131ras\u0131nda kolayl\u0131kla kullan\u0131labilir. Sabunun y\u00fczeyi, y\u00fcksek kaliteli malzemelerle \u00fcretilmi\u015f olup, el ile temas edildi\u011finde yumu\u015fakl\u0131k ve p\u00fcr\u00fczs\u00fczl\u00fck hissi verir.   <\/p>\n<p><strong>Cilt Dostu \u0130\u00e7erik<\/strong><\/p>\n<p>T\u0131rt\u0131kl\u0131 Otel Sabunu, cilt dostu bile\u015fenler ile \u00fcretilmi\u015ftir. \u00d6zel form\u00fcl\u00fc sayesinde, her cilt tipine uygun olup, tahri\u015fe neden olmaz. Yumu\u015fak form\u00fcl\u00fc, sabunun kullan\u0131m\u0131n\u0131n ard\u0131ndan ciltte ho\u015f bir nemlendirici etki b\u0131rak\u0131r. Bu \u00f6zellik, sabunun konuklar\u0131n ihtiya\u00e7lar\u0131n\u0131 kar\u015f\u0131lamak i\u00e7in ideal olmas\u0131n\u0131 sa\u011flar. Ayr\u0131ca, sabunun ho\u015f kokusu, her kullan\u0131mda taze ve ferah bir his yarat\u0131r.    <\/p>\n<p><strong>Hijyenik ve Ekonomik \u00c7\u00f6z\u00fcm<\/strong><\/p>\n<p>Otel i\u015fletmeleri i\u00e7in hijyenin ne kadar \u00f6nemli oldu\u011funu biliyoruz. T\u0131rt\u0131kl\u0131 Otel Sabunu, antibakteriyel \u00f6zelliklere sahip olup, hijyen standartlar\u0131na uygun \u015fekilde \u00fcretilmi\u015ftir. Bu sayede, hem konuklar\u0131n\u0131z\u0131n sa\u011fl\u0131\u011f\u0131n\u0131 korur hem de i\u015fletmeniz i\u00e7in g\u00fcvenli bir temizlik sa\u011flar. Ayr\u0131ca, uzun s\u00fcreli kullan\u0131m imkan\u0131 sunar ve ekonomiktir. K\u00fc\u00e7\u00fck paketlerde sunulan bu sabun, ayn\u0131 zamanda kullan\u0131m a\u00e7\u0131s\u0131ndan olduk\u00e7a pratik ve verimlidir.    <\/p>\n<p>Sabun \u00e7e\u015fitlerimiz ve \u00fcr\u00fcn kodlar a\u015fa\u011f\u0131daki gibidir.<\/p>\n<ul>\n<li><strong>MML 0084<\/strong>: Kekikli Sabun<\/li>\n<li><strong>MML 0084<\/strong>: Lavanta Sabun<\/li>\n<li><strong>MML 0132<\/strong>: Kekli Sabun<\/li>\n<\/ul>\n<ul>\n<li><strong>MML 0133<\/strong>: Turun\u00e7gil Sabun<\/li>\n<li><strong>MML 0134<\/strong>: Argan Sabun<\/li>\n<li><strong>MML 0135<\/strong>: Zeytinya\u011fl\u0131 Sabun<\/li>\n<\/ul>\n<p>&nbsp;<\/p>\n","protected":false},"excerpt":{"rendered":"<p><strong>Gezackte Hotelseife<\/strong> ist ein stilvolles, hygienisches und funktionelles Produkt f\u00fcr die K\u00f6rperpflege in Hotels und Beherbergungsbetrieben. Die geriffelte Oberfl\u00e4che sorgt f\u00fcr eine einfache Anwendung, da die Seife besser in der Hand liegt. Sie bietet eine sanfte Reinigung mit ihrer hautfreundlichen Formel und sorgt mit ihrem angenehmen Duft f\u00fcr ein erfrischendes Erlebnis. Ihr haltbares und kompaktes Design gew\u00e4hrleistet eine lange Nutzungsdauer der Seife. Die geriffelte Hotelseife sorgt f\u00fcr eine hygienische und elegante Pr\u00e4sentation in Hotelzimmern und erh\u00f6ht den Komfort der G\u00e4ste.     <strong>Wir entwerfen speziell f\u00fcr Sie mit Ihrem Hotellogo und spiegeln Ihre Marke auf die eleganteste Weise wider.<\/strong><\/p>\n<ul>\n<li><strong>PL Gezackte Seife: <\/strong>15 Gr.<\/li>\n<li><strong>PL Gezackte Seife: <\/strong> 20 Gr.<\/li>\n<\/ul>\n<p>Unser Unternehmen stellt hochwertige Hotelseifen nach europ\u00e4ischen Standards her. Die Hotelseifen, die wir herstellen, um die Erwartungen Ihrer G\u00e4ste zu erf\u00fcllen und ihre Zufriedenheit zu gew\u00e4hrleisten, zeichnen sich durch ihre hautfreundliche und hygienische Struktur aus. <\/p>\n<p>Wenden Sie sich an uns, um die Hygienestandards in Ihrem Hotel zu verbessern und die Zufriedenheit Ihrer G\u00e4ste zu steigern. F\u00fcr detaillierte Informationen \u00fcber Preisangebote und unsere Produkte k\u00f6nnen Sie uns anrufen oder uns \u00fcber unsere Kommunikationskan\u00e4le kontaktieren. <\/p>\n","protected":false},"featured_media":3666,"comment_status":"open","ping_status":"closed","template":"","meta":{"inline_featured_image":false},"product_brand":[],"product_cat":[157,163],"product_tag":[],"class_list":{"0":"post-3665","1":"product","2":"type-product","3":"status-publish","4":"has-post-thumbnail","6":"product_cat-blumenstraus-zubehor","7":"product_cat-hotel-seife","8":"tm-has-options","10":"first","11":"instock","12":"shipping-taxable","13":"product-type-simple"},"_links":{"self":[{"href":"https:\/\/globalhotel.com.tr\/de\/wp-json\/wp\/v2\/product\/3665","targetHints":{"allow":["GET"]}}],"collection":[{"href":"https:\/\/globalhotel.com.tr\/de\/wp-json\/wp\/v2\/product"}],"about":[{"href":"https:\/\/globalhotel.com.tr\/de\/wp-json\/wp\/v2\/types\/product"}],"replies":[{"embeddable":true,"href":"https:\/\/globalhotel.com.tr\/de\/wp-json\/wp\/v2\/comments?post=3665"}],"wp:featuredmedia":[{"embeddable":true,"href":"https:\/\/globalhotel.com.tr\/de\/wp-json\/wp\/v2\/media\/3666"}],"wp:attachment":[{"href":"https:\/\/globalhotel.com.tr\/de\/wp-json\/wp\/v2\/media?parent=3665"}],"wp:term":[{"taxonomy":"product_brand","embeddable":true,"href":"https:\/\/globalhotel.com.tr\/de\/wp-json\/wp\/v2\/product_brand?post=3665"},{"taxonomy":"product_cat","embeddable":true,"href":"https:\/\/globalhotel.com.tr\/de\/wp-json\/wp\/v2\/product_cat?post=3665"},{"taxonomy":"product_tag","embeddable":true,"href":"https:\/\/globalhotel.com.tr\/de\/wp-json\/wp\/v2\/product_tag?post=3665"}],"curies":[{"name":"wp","href":"https:\/\/api.w.org\/{rel}","templated":true}]}}