{"id":3625,"date":"2024-09-26T17:03:03","date_gmt":"2024-09-26T14:03:03","guid":{"rendered":"https:\/\/globalhotel.com.tr\/urun\/75-ml-flasche-001\/"},"modified":"2024-09-26T17:03:03","modified_gmt":"2024-09-26T14:03:03","slug":"75-ml-flasche-001","status":"publish","type":"product","link":"https:\/\/globalhotel.com.tr\/de\/urun\/75-ml-flasche-001\/","title":{"rendered":"75 ML Flasche &#8211; 001"},"content":{"rendered":"<h2 class=\"product-title product_title entry-title\"><strong>75 ML Flasche<\/strong><\/h2>\n<p>Otel i\u015fletmecili\u011finde estetik ve fonksiyonellik bir arada olmal\u0131d\u0131r. M\u00fc\u015fterilerinizin konforunu \u00f6n planda tutarken ayn\u0131 zamanda \u015f\u0131kl\u0131\u011f\u0131 da g\u00f6z \u00f6n\u00fcnde bulundurman\u0131z, her detayda kaliteyi yakalamak i\u00e7in \u00f6nemlidir. Bu noktada,<a href=\"https:\/\/globalhotel.com.tr\/de\/\"><strong> 75 ml \u015fi\u015fe<\/strong><\/a>, hem estetik hem de pratik kullan\u0131m sunarak otel odalar\u0131n\u0131zda \u015f\u0131kl\u0131\u011f\u0131 art\u0131racak bir \u00fcr\u00fcn olarak \u00f6ne \u00e7\u0131kmaktad\u0131r.  <\/p>\n<p><strong>\u015e\u0131k Tasar\u0131m ve Y\u00fcksek Kalite<\/strong> Saten \u015fi\u015fe, \u015f\u0131kl\u0131\u011f\u0131 ve zarif tasar\u0131m\u0131 ile otel odalar\u0131n\u0131za modern bir dokunu\u015f ekler. Y\u00fcksek kaliteli saten malzeme ile \u00fcretilen bu \u015fi\u015fe, hem g\u00f6rsel olarak dikkat \u00e7eker hem de sa\u011flam yap\u0131s\u0131yla uzun \u00f6m\u00fcrl\u00fcd\u00fcr. \u0130nce detaylarla i\u015flenmi\u015f d\u0131\u015f y\u00fczeyi, otel odalar\u0131ndaki zarafeti tamamlarken, \u015fi\u015fenin hafifli\u011fi ve ergonomik yap\u0131s\u0131 kullan\u0131m\u0131 kolayla\u015ft\u0131r\u0131r.  <\/p>\n<p><strong>Pratik ve Kullan\u0131\u015fl\u0131<\/strong> 75 ml hacmindeki bu \u015fi\u015fe, konuklar\u0131n\u0131z i\u00e7in m\u00fckemmel bir kullan\u0131m sunar. \u015ei\u015fenin ideal boyutu, \u00f6zellikle \u015fampuan, du\u015f jeli, v\u00fccut losyonu gibi ki\u015fisel bak\u0131m \u00fcr\u00fcnlerini depolamak i\u00e7in uygundur. Ayn\u0131 zamanda ta\u015f\u0131nmas\u0131 son derece pratik olup, konuklar\u0131n ihtiya\u00e7lar\u0131na h\u0131zl\u0131ca ula\u015fmalar\u0131n\u0131 sa\u011flar. Bu \u00fcr\u00fcn, sadece otel odalar\u0131nda de\u011fil, spa merkezlerinde, saunada veya havuz ba\u015flar\u0131nda da rahatl\u0131kla kullan\u0131labilir.   <\/p>\n<p><strong>Hijyenik ve Dayan\u0131kl\u0131<\/strong> Otel malzemelerinde hijyenin \u00f6nemi b\u00fcy\u00fckt\u00fcr. 75 ml saten \u015fi\u015fe, s\u0131zd\u0131rmaz \u00f6zellikleri sayesinde \u00fcr\u00fcnlerin g\u00fcvenli bir \u015fekilde muhafaza edilmesini sa\u011flar. \u015ei\u015fenin a\u011fz\u0131, kolayca a\u00e7\u0131l\u0131p kapanabilen bir mekanizma ile donat\u0131lm\u0131\u015ft\u0131r ve i\u00e7eri\u011fin g\u00fcvenli bir \u015fekilde korunmas\u0131n\u0131 sa\u011flar. Ayn\u0131 zamanda \u015fi\u015fe, uzun s\u00fcreli kullan\u0131mda dayan\u0131kl\u0131d\u0131r, \u00e7izilmelere kar\u015f\u0131 diren\u00e7lidir ve y\u0131llar boyu kullan\u0131labilir.   <\/p>\n","protected":false},"excerpt":{"rendered":"<p><span style=\"color: #000000;\"><strong>75 ML Flasche<\/strong> Es handelt sich um eine stilvolle, praktische und funktionelle Verpackungsl\u00f6sung f\u00fcr Hotels und Unternehmen. Sie bietet eine hygienische und sichere Aufbewahrung von Shampoo, Duschgel, Lotion, Creme und anderen Fl\u00fcssigkeiten. Ihr mittelgro\u00dfes Design bietet den Vorteil der einfachen Handhabung und Tragbarkeit, spart Platz und bietet gleichzeitig ein stilvolles Aussehen. Die aus hochwertigem Kunststoff oder Glas gefertigte Flasche ist mit ihrer haltbaren und auslaufsicheren Struktur f\u00fcr eine lange Nutzung geeignet. Das ergonomische Design sorgt f\u00fcr kontrolliertes Auslaufen und verhindert Verschwendung. Die 75-Milliliter-Flasche ist ein \u00e4sthetisches Detail in den Badezimmern von Hotels oder Wellnesseinrichtungen und erh\u00f6ht deren Eleganz. Diese Flasche, die mit Ihrem Firmenlogo oder speziellen Designs personalisiert werden kann, st\u00e4rkt das professionelle und hochwertige Image Ihrer Marke und bietet Ihren G\u00e4sten ein ausgezeichnetes Erlebnis.      <\/span><\/p>\n<p><span style=\"color: #000000;\">Wir haben eine gro\u00dfe Auswahl an leeren Flaschen in verschiedenen Gr\u00f6\u00dfen und Designs f\u00fcr Kosmetikflaschen. Sie k\u00f6nnen uns f\u00fcr Informationen \u00fcber unsere Gro\u00df- und Einzelhandelsverk\u00e4ufe und f\u00fcr die besten Preise kontaktieren. <\/span><\/p>\n","protected":false},"featured_media":3626,"comment_status":"open","ping_status":"closed","template":"","meta":{"inline_featured_image":false},"product_brand":[],"product_cat":[157,162],"product_tag":[],"class_list":{"0":"post-3625","1":"product","2":"type-product","3":"status-publish","4":"has-post-thumbnail","6":"product_cat-blumenstraus-zubehor","7":"product_cat-kosmetikflaschen","8":"tm-has-options","10":"first","11":"instock","12":"shipping-taxable","13":"product-type-simple"},"_links":{"self":[{"href":"https:\/\/globalhotel.com.tr\/de\/wp-json\/wp\/v2\/product\/3625","targetHints":{"allow":["GET"]}}],"collection":[{"href":"https:\/\/globalhotel.com.tr\/de\/wp-json\/wp\/v2\/product"}],"about":[{"href":"https:\/\/globalhotel.com.tr\/de\/wp-json\/wp\/v2\/types\/product"}],"replies":[{"embeddable":true,"href":"https:\/\/globalhotel.com.tr\/de\/wp-json\/wp\/v2\/comments?post=3625"}],"wp:featuredmedia":[{"embeddable":true,"href":"https:\/\/globalhotel.com.tr\/de\/wp-json\/wp\/v2\/media\/3626"}],"wp:attachment":[{"href":"https:\/\/globalhotel.com.tr\/de\/wp-json\/wp\/v2\/media?parent=3625"}],"wp:term":[{"taxonomy":"product_brand","embeddable":true,"href":"https:\/\/globalhotel.com.tr\/de\/wp-json\/wp\/v2\/product_brand?post=3625"},{"taxonomy":"product_cat","embeddable":true,"href":"https:\/\/globalhotel.com.tr\/de\/wp-json\/wp\/v2\/product_cat?post=3625"},{"taxonomy":"product_tag","embeddable":true,"href":"https:\/\/globalhotel.com.tr\/de\/wp-json\/wp\/v2\/product_tag?post=3625"}],"curies":[{"name":"wp","href":"https:\/\/api.w.org\/{rel}","templated":true}]}}