{"id":3603,"date":"2024-09-26T17:02:43","date_gmt":"2024-09-26T14:02:43","guid":{"rendered":"https:\/\/globalhotel.com.tr\/urun\/breite-abdeckung\/"},"modified":"2024-09-26T17:02:43","modified_gmt":"2024-09-26T14:02:43","slug":"breite-abdeckung","status":"publish","type":"product","link":"https:\/\/globalhotel.com.tr\/de\/urun\/breite-abdeckung\/","title":{"rendered":"Breite Abdeckung"},"content":{"rendered":"","protected":false},"excerpt":{"rendered":"<p><span style=\"color: #000000;\"><strong>Breite Abdeckung<\/strong>, Es handelt sich um eine haltbare und praktische Verpackungskomponente, die f\u00fcr Hotels und Unternehmen entwickelt wurde. Er erm\u00f6glicht eine einfache und kontrollierte Verteilung von dickfl\u00fcssigen Produkten wie Shampoo, Duschgel, Lotion und Creme. Er kann in hoher Qualit\u00e4t hergestellt werden, bietet mit seinem breiten Deckel und der auslaufsicheren Struktur eine hygienische Verwendung und kann lange gelagert werden. Dank seines ergonomischen Designs bietet er ein benutzerfreundliches Erlebnis, da er sich bequem \u00f6ffnen und schlie\u00dfen l\u00e4sst.   <\/span><\/p>\n<p><span style=\"color: #000000;\">Sie k\u00f6nnen sich mit uns in Verbindung setzen, um detaillierte Informationen \u00fcber unser Angebot an Kosmetikflaschenverschl\u00fcssen zu erhalten und unsere Preisliste zu erfahren. Alle unsere Produkte sind von hoher Qualit\u00e4t und erschwinglich. <\/span><\/p>\n","protected":false},"featured_media":3604,"comment_status":"open","ping_status":"closed","template":"","meta":{"inline_featured_image":false},"product_brand":[],"product_cat":[157,161],"product_tag":[],"class_list":{"0":"post-3603","1":"product","2":"type-product","3":"status-publish","4":"has-post-thumbnail","6":"product_cat-blumenstraus-zubehor","7":"product_cat-kosmetischer-flaschendeckel","8":"tm-has-options","10":"first","11":"instock","12":"shipping-taxable","13":"product-type-simple"},"_links":{"self":[{"href":"https:\/\/globalhotel.com.tr\/de\/wp-json\/wp\/v2\/product\/3603","targetHints":{"allow":["GET"]}}],"collection":[{"href":"https:\/\/globalhotel.com.tr\/de\/wp-json\/wp\/v2\/product"}],"about":[{"href":"https:\/\/globalhotel.com.tr\/de\/wp-json\/wp\/v2\/types\/product"}],"replies":[{"embeddable":true,"href":"https:\/\/globalhotel.com.tr\/de\/wp-json\/wp\/v2\/comments?post=3603"}],"wp:featuredmedia":[{"embeddable":true,"href":"https:\/\/globalhotel.com.tr\/de\/wp-json\/wp\/v2\/media\/3604"}],"wp:attachment":[{"href":"https:\/\/globalhotel.com.tr\/de\/wp-json\/wp\/v2\/media?parent=3603"}],"wp:term":[{"taxonomy":"product_brand","embeddable":true,"href":"https:\/\/globalhotel.com.tr\/de\/wp-json\/wp\/v2\/product_brand?post=3603"},{"taxonomy":"product_cat","embeddable":true,"href":"https:\/\/globalhotel.com.tr\/de\/wp-json\/wp\/v2\/product_cat?post=3603"},{"taxonomy":"product_tag","embeddable":true,"href":"https:\/\/globalhotel.com.tr\/de\/wp-json\/wp\/v2\/product_tag?post=3603"}],"curies":[{"name":"wp","href":"https:\/\/api.w.org\/{rel}","templated":true}]}}