{"id":3601,"date":"2024-09-26T17:02:43","date_gmt":"2024-09-26T14:02:43","guid":{"rendered":"https:\/\/globalhotel.com.tr\/urun\/standard-abdeckung\/"},"modified":"2024-09-26T17:02:43","modified_gmt":"2024-09-26T14:02:43","slug":"standard-abdeckung","status":"publish","type":"product","link":"https:\/\/globalhotel.com.tr\/de\/urun\/standard-abdeckung\/","title":{"rendered":"Standard-Abdeckung"},"content":{"rendered":"","protected":false},"excerpt":{"rendered":"<p><span style=\"color: #000000;\"><strong>Standard-Abdeckung<\/strong>, ist eine praktische und haltbare Verpackungsl\u00f6sung f\u00fcr Hotels und Unternehmen. Sie bietet eine hygienische und sichere Aufbewahrung von Seife, Shampoo, Duschgel oder anderen Fl\u00fcssigkeiten. Der mit diesen Optionen hergestellte Deckel verl\u00e4ngert die Haltbarkeitsintervalle Ihrer Produkte dank seiner einfachen Handhabung und auslaufsicheren Struktur mit seinem praktischen \u00d6ffnungs- und Schlie\u00dfbereich. Mit seinem minimalistischen und stilvollen Design passt er sich an alle Arten von Verpackungen an und tr\u00e4gt dazu bei, Ihr Markenimage zu st\u00e4rken. Der Standarddeckel bietet eine funktionelle L\u00f6sung in Hotel- und G\u00e4stebereichen und sorgt f\u00fcr ein angenehmes Erlebnis f\u00fcr Ihre G\u00e4ste.    <\/span><\/p>\n<p><span style=\"color: #000000;\">Sie k\u00f6nnen sich mit uns in Verbindung setzen, um detaillierte Informationen \u00fcber unser Angebot an Kosmetikflaschenverschl\u00fcssen zu erhalten und unsere Preisliste zu erfahren. Alle unsere Produkte sind von hoher Qualit\u00e4t und erschwinglich. <\/span><\/p>\n","protected":false},"featured_media":3602,"comment_status":"open","ping_status":"closed","template":"","meta":{"inline_featured_image":false},"product_brand":[],"product_cat":[157,161],"product_tag":[],"class_list":{"0":"post-3601","1":"product","2":"type-product","3":"status-publish","4":"has-post-thumbnail","6":"product_cat-blumenstraus-zubehor","7":"product_cat-kosmetischer-flaschendeckel","8":"tm-has-options","10":"first","11":"instock","12":"shipping-taxable","13":"product-type-simple"},"_links":{"self":[{"href":"https:\/\/globalhotel.com.tr\/de\/wp-json\/wp\/v2\/product\/3601","targetHints":{"allow":["GET"]}}],"collection":[{"href":"https:\/\/globalhotel.com.tr\/de\/wp-json\/wp\/v2\/product"}],"about":[{"href":"https:\/\/globalhotel.com.tr\/de\/wp-json\/wp\/v2\/types\/product"}],"replies":[{"embeddable":true,"href":"https:\/\/globalhotel.com.tr\/de\/wp-json\/wp\/v2\/comments?post=3601"}],"wp:featuredmedia":[{"embeddable":true,"href":"https:\/\/globalhotel.com.tr\/de\/wp-json\/wp\/v2\/media\/3602"}],"wp:attachment":[{"href":"https:\/\/globalhotel.com.tr\/de\/wp-json\/wp\/v2\/media?parent=3601"}],"wp:term":[{"taxonomy":"product_brand","embeddable":true,"href":"https:\/\/globalhotel.com.tr\/de\/wp-json\/wp\/v2\/product_brand?post=3601"},{"taxonomy":"product_cat","embeddable":true,"href":"https:\/\/globalhotel.com.tr\/de\/wp-json\/wp\/v2\/product_cat?post=3601"},{"taxonomy":"product_tag","embeddable":true,"href":"https:\/\/globalhotel.com.tr\/de\/wp-json\/wp\/v2\/product_tag?post=3601"}],"curies":[{"name":"wp","href":"https:\/\/api.w.org\/{rel}","templated":true}]}}