{"id":3599,"date":"2024-09-26T17:02:43","date_gmt":"2024-09-26T14:02:43","guid":{"rendered":"https:\/\/globalhotel.com.tr\/urun\/flip-top-deckel\/"},"modified":"2024-09-26T17:02:43","modified_gmt":"2024-09-26T14:02:43","slug":"flip-top-deckel","status":"publish","type":"product","link":"https:\/\/globalhotel.com.tr\/de\/urun\/flip-top-deckel\/","title":{"rendered":"Flip-Top-Deckel"},"content":{"rendered":"","protected":false},"excerpt":{"rendered":"<div class=\"flex max-w-full flex-col flex-grow\">\n<div class=\"min-h-8 text-message flex w-full flex-col items-end gap-2 whitespace-normal break-words text-start [.text-message+&amp;]:mt-5\" dir=\"auto\" data-message-author-role=\"assistant\" data-message-id=\"5d33dfdc-d582-48c0-a845-819eec491046\" data-message-model-slug=\"gpt-4o\">\n<div class=\"flex w-full flex-col gap-1 empty:hidden first:pt-[3px]\">\n<div class=\"markdown prose w-full break-words dark:prose-invert dark\">\n<p><span style=\"color: #000000;\"><strong>Flip-Top-Deckel<\/strong>, Es ist ein stilvolles, praktisches und n\u00fctzliches Produkt, das f\u00fcr Hotels und Unternehmen repr\u00e4sentativ ist. Es bietet eine hygienische, hygienische und kontrollierte Verwendung von Fl\u00fcssigkeiten wie Shampoo, Duschgel, Lotion. Er hat eine benutzerfreundliche Aufbewahrung mit leicht zu \u00f6ffnenden und zu schlie\u00dfenden Optionen. Der robust hergestellte Flip-Top-Deckel bietet dank seiner auslaufsicheren Struktur eine saubere und geordnete Nutzung und bewahrt Ihre Produkte. Dieser Deckel, der entsprechend Ihrem Unternehmen gestaltet werden kann, schafft ein professionelles Detail, das Ihr Markenimage st\u00e4rkt.    <\/span><\/p>\n<p><span style=\"color: #000000;\">Sie k\u00f6nnen sich mit uns in Verbindung setzen, um detaillierte Informationen \u00fcber unser Angebot an Kosmetikflaschenverschl\u00fcssen zu erhalten und unsere Preisliste zu erfahren. Alle unsere Produkte sind von hoher Qualit\u00e4t und erschwinglich. <\/span><\/p>\n<\/div>\n<\/div>\n<\/div>\n<\/div>\n<div class=\"mb-2 flex gap-3 empty:hidden -ml-2\">\n<div class=\"items-center justify-start rounded-xl p-1 flex\">\n<div class=\"flex items-center\">\n<div class=\"flex items-center pb-0\"><\/div>\n<\/div>\n<\/div>\n<\/div>\n","protected":false},"featured_media":3600,"comment_status":"open","ping_status":"closed","template":"","meta":{"inline_featured_image":false},"product_brand":[],"product_cat":[157,161],"product_tag":[],"class_list":{"0":"post-3599","1":"product","2":"type-product","3":"status-publish","4":"has-post-thumbnail","6":"product_cat-blumenstraus-zubehor","7":"product_cat-kosmetischer-flaschendeckel","8":"tm-has-options","10":"first","11":"instock","12":"shipping-taxable","13":"product-type-simple"},"_links":{"self":[{"href":"https:\/\/globalhotel.com.tr\/de\/wp-json\/wp\/v2\/product\/3599","targetHints":{"allow":["GET"]}}],"collection":[{"href":"https:\/\/globalhotel.com.tr\/de\/wp-json\/wp\/v2\/product"}],"about":[{"href":"https:\/\/globalhotel.com.tr\/de\/wp-json\/wp\/v2\/types\/product"}],"replies":[{"embeddable":true,"href":"https:\/\/globalhotel.com.tr\/de\/wp-json\/wp\/v2\/comments?post=3599"}],"wp:featuredmedia":[{"embeddable":true,"href":"https:\/\/globalhotel.com.tr\/de\/wp-json\/wp\/v2\/media\/3600"}],"wp:attachment":[{"href":"https:\/\/globalhotel.com.tr\/de\/wp-json\/wp\/v2\/media?parent=3599"}],"wp:term":[{"taxonomy":"product_brand","embeddable":true,"href":"https:\/\/globalhotel.com.tr\/de\/wp-json\/wp\/v2\/product_brand?post=3599"},{"taxonomy":"product_cat","embeddable":true,"href":"https:\/\/globalhotel.com.tr\/de\/wp-json\/wp\/v2\/product_cat?post=3599"},{"taxonomy":"product_tag","embeddable":true,"href":"https:\/\/globalhotel.com.tr\/de\/wp-json\/wp\/v2\/product_tag?post=3599"}],"curies":[{"name":"wp","href":"https:\/\/api.w.org\/{rel}","templated":true}]}}