{"id":3597,"date":"2024-09-26T17:02:43","date_gmt":"2024-09-26T14:02:43","guid":{"rendered":"https:\/\/globalhotel.com.tr\/urun\/breiter-flip-top-deckel\/"},"modified":"2024-09-26T17:02:43","modified_gmt":"2024-09-26T14:02:43","slug":"breiter-flip-top-deckel","status":"publish","type":"product","link":"https:\/\/globalhotel.com.tr\/de\/urun\/breiter-flip-top-deckel\/","title":{"rendered":"Breiter Flip-Top-Deckel"},"content":{"rendered":"","protected":false},"excerpt":{"rendered":"<p><span style=\"color: #000000;\"><strong>Breiter Flip-Top-Deckel<\/strong>, ist ein stilvoller, praktischer und n\u00fctzlicher Produktvertreter f\u00fcr Hotels und Unternehmen. Es bietet hygienische, hygienische und kontrollierte Verwendung von Fl\u00fcssigkeiten wie Shampoo, Duschgel, Lotion. Er hat eine benutzerfreundliche Aufbewahrung mit leicht zu \u00f6ffnenden und zu schlie\u00dfenden Optionen. Der robust hergestellte Flip-Top-Deckel bietet dank seiner auslaufsicheren Struktur eine saubere und geordnete Nutzung, w\u00e4hrend Ihre Produkte gesch\u00fctzt werden. Dieser Deckel, der entsprechend Ihrem Unternehmen gestaltet werden kann, schafft ein professionelles Detail, das Ihr Markenimage st\u00e4rkt.    <\/span><\/p>\n<p><span style=\"color: #000000;\">Sie k\u00f6nnen sich mit uns in Verbindung setzen, um detaillierte Informationen \u00fcber unser Angebot an Kosmetikflaschenverschl\u00fcssen zu erhalten und unsere Preisliste zu erfahren. Alle unsere Produkte sind von hoher Qualit\u00e4t und erschwinglich. <\/span><\/p>\n","protected":false},"featured_media":3598,"comment_status":"open","ping_status":"closed","template":"","meta":{"inline_featured_image":false},"product_brand":[],"product_cat":[157,161],"product_tag":[],"class_list":{"0":"post-3597","1":"product","2":"type-product","3":"status-publish","4":"has-post-thumbnail","6":"product_cat-blumenstraus-zubehor","7":"product_cat-kosmetischer-flaschendeckel","8":"tm-has-options","10":"first","11":"instock","12":"shipping-taxable","13":"product-type-simple"},"_links":{"self":[{"href":"https:\/\/globalhotel.com.tr\/de\/wp-json\/wp\/v2\/product\/3597","targetHints":{"allow":["GET"]}}],"collection":[{"href":"https:\/\/globalhotel.com.tr\/de\/wp-json\/wp\/v2\/product"}],"about":[{"href":"https:\/\/globalhotel.com.tr\/de\/wp-json\/wp\/v2\/types\/product"}],"replies":[{"embeddable":true,"href":"https:\/\/globalhotel.com.tr\/de\/wp-json\/wp\/v2\/comments?post=3597"}],"wp:featuredmedia":[{"embeddable":true,"href":"https:\/\/globalhotel.com.tr\/de\/wp-json\/wp\/v2\/media\/3598"}],"wp:attachment":[{"href":"https:\/\/globalhotel.com.tr\/de\/wp-json\/wp\/v2\/media?parent=3597"}],"wp:term":[{"taxonomy":"product_brand","embeddable":true,"href":"https:\/\/globalhotel.com.tr\/de\/wp-json\/wp\/v2\/product_brand?post=3597"},{"taxonomy":"product_cat","embeddable":true,"href":"https:\/\/globalhotel.com.tr\/de\/wp-json\/wp\/v2\/product_cat?post=3597"},{"taxonomy":"product_tag","embeddable":true,"href":"https:\/\/globalhotel.com.tr\/de\/wp-json\/wp\/v2\/product_tag?post=3597"}],"curies":[{"name":"wp","href":"https:\/\/api.w.org\/{rel}","templated":true}]}}