{"id":3588,"date":"2024-09-26T17:01:59","date_gmt":"2024-09-26T14:01:59","guid":{"rendered":"https:\/\/globalhotel.com.tr\/urun\/bkl-006-bedruckter-schwarzer-schuhabstreifer\/"},"modified":"2025-04-16T01:28:33","modified_gmt":"2025-04-15T22:28:33","slug":"bkl-006-bedruckter-schwarzer-schuhabstreifer","status":"publish","type":"product","link":"https:\/\/globalhotel.com.tr\/de\/urun\/bkl-006-bedruckter-schwarzer-schuhabstreifer\/","title":{"rendered":"BKL-006 Bedruckter schwarzer Schuhabstreifer"},"content":{"rendered":"<p>&nbsp;<\/p>\n<div id=\"254C497F_ED5F_539E_BF08_9192F9A99B64\">\n<div class=\"flex-shrink-0 flex flex-col relative items-end\">\n<div>\n<div class=\"pt-0\">\n<div class=\"gizmo-bot-avatar flex h-8 w-8 items-center justify-center overflow-hidden rounded-full\">\n<div class=\"relative p-1 rounded-sm flex items-center justify-center bg-token-main-surface-primary text-token-text-primary h-8 w-8\"><\/div>\n<\/div>\n<\/div>\n<\/div>\n<\/div>\n<div class=\"group\/conversation-turn relative flex w-full min-w-0 flex-col agent-turn\">\n<div class=\"flex-col gap-1 md:gap-3\">\n<div class=\"flex max-w-full flex-col flex-grow\">\n<div class=\"min-h-8 text-message flex w-full flex-col items-end gap-2 whitespace-normal break-words text-start [.text-message+&amp;]:mt-5\" dir=\"auto\" data-message-author-role=\"assistant\" data-message-id=\"efd72265-1e2d-4254-b365-5a4208039bd7\" data-message-model-slug=\"gpt-4o-mini\">\n<div class=\"flex w-full flex-col gap-1 empty:hidden first:pt-[3px]\">\n<div class=\"markdown prose w-full break-words dark:prose-invert light\">\n<h2><strong>Bask\u0131l\u0131 Siyah Ayakkab\u0131 \u00c7ekece\u011fi <\/strong><\/h2>\n<p>Otel ve konaklama sekt\u00f6r\u00fcnde misafirlerin memnuniyetini \u00f6n planda tutmak, her ayr\u0131nt\u0131y\u0131 dikkatle d\u00fc\u015f\u00fcnmeyi gerektirir. Bu ba\u011flamda, otel odalar\u0131na yerle\u015ftirilen her \u00fcr\u00fcn\u00fcn \u015f\u0131kl\u0131\u011f\u0131 kadar fonksiyonelli\u011fi de b\u00fcy\u00fck \u00f6nem ta\u015f\u0131r. Bask\u0131l\u0131 siyah ayakkab\u0131 \u00e7ekece\u011fi, otellerin gereksinimlerine tam anlam\u0131yla cevap veren, zarif ve kullan\u0131\u015fl\u0131 bir \u00fcr\u00fcnd\u00fcr. Hem otel odalar\u0131na hem de otel giri\u015flerine yerle\u015ftirilebilecek bu \u015f\u0131k aksesuar, misafirlerin rahatl\u0131kla ayakkab\u0131lar\u0131n\u0131 giymelerine yard\u0131mc\u0131 olurken, ayn\u0131 zamanda mekan\u0131n d\u00fczenine katk\u0131da bulunur.   <\/p>\n<p><strong><a href=\"https:\/\/globalhotel.com.tr\/de\/\">Bask\u0131l\u0131 siyah ayakkab\u0131 \u00e7ekece\u011fi<\/a><\/strong>, \u00f6zellikle uzun yolculuklardan sonra otel odas\u0131na yerle\u015fen misafirler i\u00e7in b\u00fcy\u00fck kolayl\u0131k sa\u011flar. Ayakkab\u0131lar\u0131 \u00e7\u0131karmak veya giymek bazen zahmetli olabilir, ancak bu \u00f6zel tasar\u0131m \u00fcr\u00fcn, her ad\u0131mda rahatl\u0131k ve pratiklik sunar. Siyah rengi, her t\u00fcrl\u00fc otel dekorasyonuyla uyumlu olup, modern ve zarif bir g\u00f6r\u00fcn\u00fcm yarat\u0131r. Ayn\u0131 zamanda dayan\u0131kl\u0131 ve uzun \u00f6m\u00fcrl\u00fc malzemelerden \u00fcretilmi\u015ftir, bu da onu hem otel i\u015fletmeleri i\u00e7in ekonomik hem de \u00e7evre dostu bir se\u00e7enek haline getirir.   <\/p>\n<p>\u00dcr\u00fcn \u00fczerinde yer alan bask\u0131, markan\u0131z\u0131 tan\u0131tman\u0131n ve otelinizin \u015f\u0131kl\u0131\u011f\u0131n\u0131 yans\u0131tman\u0131n harika bir yoludur. Logo veya otel ad\u0131 gibi bask\u0131larla \u00f6zelle\u015ftirilebilen ayakkab\u0131 \u00e7ekece\u011fi, misafirlerinize \u00f6zel bir deneyim sunman\u0131za olanak tan\u0131r. Misafirleriniz, otelinizde ge\u00e7irdi\u011fi s\u00fcre boyunca bu k\u00fc\u00e7\u00fck ama dikkat \u00e7ekici ayr\u0131nt\u0131y\u0131 takdir eder. Ayn\u0131 zamanda, bask\u0131l\u0131 tasar\u0131m, otel odas\u0131na yerle\u015ftirilen her \u00fcr\u00fcnde ayn\u0131 \u015f\u0131kl\u0131\u011f\u0131 ve d\u00fczeni sa\u011flamak ad\u0131na tutarl\u0131l\u0131k olu\u015fturur.   <\/p>\n<p>Bu ayakkab\u0131 \u00e7ekece\u011fi, kullan\u0131m kolayl\u0131\u011f\u0131n\u0131n yan\u0131 s\u0131ra pratikli\u011fi de beraberinde getirir. Misafirler, ayakkab\u0131lar\u0131n\u0131 rahat\u00e7a giymek i\u00e7in ihtiyac\u0131 olan deste\u011fi bulur. \u00dcr\u00fcn, her ya\u015f grubundan misafir i\u00e7in uygun bir tasar\u0131ma sahip olup, kullan\u0131m\u0131 olduk\u00e7a basittir. Ayakkab\u0131lar\u0131n zarar g\u00f6rmesini engelleyen yap\u0131s\u0131 ve kaymaz alt y\u00fczeyi, misafirlerin g\u00fcvenli bir \u015fekilde ayakkab\u0131s\u0131n\u0131 giyebilmesini sa\u011flar.   <\/p>\n<\/div>\n<\/div>\n<\/div>\n<\/div>\n<\/div>\n<\/div>\n<\/div>\n","protected":false},"excerpt":{"rendered":"<p><strong>BKL-006 Bedruckter schwarzer Schuhabstreifer<\/strong>, Er ist ein stilvolles und n\u00fctzliches Produkt f\u00fcr die Arbeit in Hotels und Unternehmen. Mit dauerhaften Methoden hergestellt, erm\u00f6glicht dieser Anziehschuh ein einfaches Anziehen der Schuhe und erh\u00f6ht den Komfort Ihrer G\u00e4ste. Dieses Produkt, das mit Ihrem Firmenlogo oder speziellen Aufdrucken personalisiert werden kann, strukturiert Ihr Markenimage, w\u00e4hrend die Ver\u00e4nderung im Hotel mit einem eleganten Touch erfolgt. Mit seinem \u00e4sthetischen und funktionalen Design sorgt es f\u00fcr eine langfristige Nutzung und hinterl\u00e4sst bei Ihren G\u00e4sten einen professionellen Eindruck. Wir gestalten ihn speziell f\u00fcr Sie mit Ihrem Hotellogo und spiegeln Ihre Marke auf die eleganteste Weise wider.    <\/p>\n<ul>\n<li><strong>Gr\u00f6\u00dfe:<\/strong> 140 x 40 mm<\/li>\n<li><strong>Gewicht:<\/strong> 6 gr<\/li>\n<li><strong>St\u00fcck im Paket:<\/strong> 100<\/li>\n<li><strong>Gr\u00f6\u00dfe der Parzelle:<\/strong> 340 x 270 x 240 mm<\/li>\n<li><strong>Lautst\u00e4rke:<\/strong> 0.022 m<sup>3<\/sup><\/li>\n<\/ul>\n<div id=\"254C497F_ED5F_539E_BF08_9192F9A99B64\"><\/div>\n","protected":false},"featured_media":3589,"comment_status":"open","ping_status":"closed","template":"","meta":{"inline_featured_image":false},"product_brand":[],"product_cat":[159,157],"product_tag":[],"class_list":{"0":"post-3588","1":"product","2":"type-product","3":"status-publish","4":"has-post-thumbnail","6":"product_cat-blumenstrauss-im-zimmer","7":"product_cat-blumenstraus-zubehor","8":"tm-has-options","10":"first","11":"instock","12":"shipping-taxable","13":"product-type-simple"},"_links":{"self":[{"href":"https:\/\/globalhotel.com.tr\/de\/wp-json\/wp\/v2\/product\/3588","targetHints":{"allow":["GET"]}}],"collection":[{"href":"https:\/\/globalhotel.com.tr\/de\/wp-json\/wp\/v2\/product"}],"about":[{"href":"https:\/\/globalhotel.com.tr\/de\/wp-json\/wp\/v2\/types\/product"}],"replies":[{"embeddable":true,"href":"https:\/\/globalhotel.com.tr\/de\/wp-json\/wp\/v2\/comments?post=3588"}],"wp:featuredmedia":[{"embeddable":true,"href":"https:\/\/globalhotel.com.tr\/de\/wp-json\/wp\/v2\/media\/3589"}],"wp:attachment":[{"href":"https:\/\/globalhotel.com.tr\/de\/wp-json\/wp\/v2\/media?parent=3588"}],"wp:term":[{"taxonomy":"product_brand","embeddable":true,"href":"https:\/\/globalhotel.com.tr\/de\/wp-json\/wp\/v2\/product_brand?post=3588"},{"taxonomy":"product_cat","embeddable":true,"href":"https:\/\/globalhotel.com.tr\/de\/wp-json\/wp\/v2\/product_cat?post=3588"},{"taxonomy":"product_tag","embeddable":true,"href":"https:\/\/globalhotel.com.tr\/de\/wp-json\/wp\/v2\/product_tag?post=3588"}],"curies":[{"name":"wp","href":"https:\/\/api.w.org\/{rel}","templated":true}]}}