{"id":3586,"date":"2024-09-26T17:01:59","date_gmt":"2024-09-26T14:01:59","guid":{"rendered":"https:\/\/globalhotel.com.tr\/urun\/bkl-004-bedruckter-holzerner-schuhanzieher\/"},"modified":"2025-05-28T13:10:51","modified_gmt":"2025-05-28T10:10:51","slug":"bkl-004-bedruckter-holzerner-schuhanzieher","status":"publish","type":"product","link":"https:\/\/globalhotel.com.tr\/de\/urun\/bkl-004-bedruckter-holzerner-schuhanzieher\/","title":{"rendered":"BKL-004 Bedruckter h\u00f6lzerner Schuhanzieher"},"content":{"rendered":"<p>&nbsp;<\/p>\n<div id=\"254C497F_ED5F_539E_BF08_9192F9A99B64\">\n<h2><strong>Bask\u0131l\u0131 Ah\u015fap Ayakkab\u0131 \u00c7ekece\u011fi<\/strong><\/h2>\n<p>Otel malzemeleri kategorisinde yer alan <a href=\"https:\/\/globalhotel.com.tr\/de\/\">Bask\u0131l\u0131 Ah\u015fap Ayakkab\u0131 \u00c7ekece\u011fi<\/a>, pratik kullan\u0131m\u0131n\u0131n yan\u0131 s\u0131ra estetik tasar\u0131m\u0131yla da dikkat \u00e7eker. \u00d6zellikle otel odalar\u0131nda konuklar i\u00e7in b\u00fcy\u00fck kolayl\u0131k sa\u011flayan bu \u00fcr\u00fcn, \u015f\u0131kl\u0131\u011f\u0131 ve fonksiyonelli\u011fi bir araya getiriyor. Hem misafirlerinizin hem de personelinizin kullan\u0131m\u0131na uygun olan bu ayakkab\u0131 \u00e7ekece\u011fi, hem i\u015flevsel hem de estetik a\u00e7\u0131dan otelinizin dekorasyonuna katk\u0131 sa\u011flar.  <\/p>\n<h3><strong>\u015e\u0131kl\u0131k ve Dayan\u0131kl\u0131l\u0131k<\/strong><\/h3>\n<p><a href=\"https:\/\/globalhotel.com.tr\/urun\/baskili-ahsap-ayakkabi-cekecegi\/\"><strong>Bask\u0131l\u0131 Ah\u015fap Ayakkab\u0131 \u00c7ekece\u011fi<\/strong><\/a>, kaliteli ah\u015fap malzemeden \u00fcretilmi\u015ftir. Ah\u015fap, do\u011fal yap\u0131s\u0131 sayesinde uzun \u00f6m\u00fcrl\u00fc olup, sa\u011flaml\u0131\u011f\u0131yla g\u00fcnl\u00fck kullan\u0131ma son derece uygundur. \u00dczerinde yer alan \u00f6zel bask\u0131 ise, otelinizin konseptine uyum sa\u011flayacak \u015fekilde \u00f6zelle\u015ftirilebilir. \u0130ster sade bir tasar\u0131m, ister otelinize \u00f6zel logo veya simge bask\u0131lar\u0131yla ki\u015fiselle\u015ftirilmi\u015f bir se\u00e7enek tercih edebilirsiniz. Bu sayede, misafirlerinize hem kaliteli bir \u00fcr\u00fcn sunar hem de otelinizin marka kimli\u011fini peki\u015ftirebilirsiniz.    <\/p>\n<h3><strong>Ergonomik Tasar\u0131m<\/strong><\/h3>\n<p>Bask\u0131l\u0131 Ah\u015fap Ayakkab\u0131 \u00c7ekece\u011fi, kullan\u0131m\u0131 kolay bir tasar\u0131ma sahiptir. Ayakkab\u0131 giyip \u00e7\u0131kar\u0131rken b\u00fck\u00fclme veya zorluk ya\u015faman\u0131n \u00f6n\u00fcne ge\u00e7er. Ergonomik yap\u0131s\u0131 sayesinde, ayakkab\u0131lar\u0131n\u0131z\u0131 zahmetsizce \u00e7\u0131karabilir, kirlenmesini \u00f6nleyebilirsiniz. Ayn\u0131 zamanda konuklar\u0131n\u0131z\u0131n ki\u015fisel hijyenine de katk\u0131 sa\u011flayarak, ayakkab\u0131lar\u0131n\u0131 do\u011frudan yere koymaktan ka\u00e7\u0131nmalar\u0131n\u0131 sa\u011flar. Bu \u00fcr\u00fcn, otel odalar\u0131nda kullan\u0131m i\u00e7in idealdir; ancak otel lobisinde veya di\u011fer ortak alanlarda da \u015f\u0131k bir dekoratif \u00f6\u011fe olarak yer alabilir.    <\/p>\n<h3><strong>Einfache Reinigung und Wartung<\/strong><\/h3>\n<p>Bask\u0131l\u0131 Ah\u015fap Ayakkab\u0131 \u00c7ekece\u011fi, kolayca temizlenebilir bir y\u00fczeye sahiptir. Ah\u015fap malzemenin bak\u0131m\u0131 olduk\u00e7a basittir. Nemli bir bezle silinmesi yeterlidir. Ayr\u0131ca, y\u0131llar ge\u00e7tik\u00e7e de renk ve desen solmas\u0131 gibi sorunlarla kar\u015f\u0131la\u015fmazs\u0131n\u0131z. Uzun \u00f6m\u00fcrl\u00fc yap\u0131s\u0131 sayesinde, bu ayakkab\u0131 \u00e7ekece\u011fi, otelinizin her odas\u0131nda uzun s\u00fcre kullan\u0131labilir.    <\/p>\n<\/div>\n<div id=\"254C497F_ED5F_539E_BF08_9192F9A99B64\"><\/div>\n<div id=\"254C497F_ED5F_539E_BF08_9192F9A99B64\"><\/div>\n<div id=\"254C497F_ED5F_539E_BF08_9192F9A99B64\"><\/div>\n","protected":false},"excerpt":{"rendered":"<p><strong>BKL-004 Bedruckter h\u00f6lzerner Schuhanzieher<\/strong>, Er ist aus hochwertigem Holz gefertigt und bietet eine dauerhafte und langlebige Nutzung. Dank seines stilvollen Designs und seiner speziellen Druckoptionen verleiht er Hotelzimmern sowohl einen funktionalen als auch einen \u00e4sthetischen Touch. Es ist ein ideales Erg\u00e4nzungsprodukt f\u00fcr den Komfort Ihrer G\u00e4ste. Wir gestalten ihn speziell f\u00fcr Sie mit Ihrem Hotellogo und spiegeln Ihre Marke auf die stilvollste Weise wider.   <\/p>\n<div id=\"254C497F_ED5F_539E_BF08_9192F9A99B64\">\n<ul>\n<li><strong>Gr\u00f6\u00dfe<\/strong> : 250 x 40 mm<\/li>\n<li><strong>Gewicht:<\/strong> 90 gr<\/li>\n<li><strong>St\u00fcckzahl im Paket:<\/strong> 300<\/li>\n<li><strong>Gr\u00f6\u00dfe der Parzelle: <\/strong>260 x 350 x 250 mm<\/li>\n<li><strong>Volumen: <\/strong>0,023 m<sup>3<\/sup><\/li>\n<\/ul>\n<\/div>\n<div id=\"254C497F_ED5F_539E_BF08_9192F9A99B64\"><\/div>\n","protected":false},"featured_media":3587,"comment_status":"open","ping_status":"closed","template":"","meta":{"inline_featured_image":false},"product_brand":[],"product_cat":[159,157],"product_tag":[],"class_list":{"0":"post-3586","1":"product","2":"type-product","3":"status-publish","4":"has-post-thumbnail","6":"product_cat-blumenstrauss-im-zimmer","7":"product_cat-blumenstraus-zubehor","8":"tm-has-options","10":"first","11":"instock","12":"shipping-taxable","13":"product-type-simple"},"_links":{"self":[{"href":"https:\/\/globalhotel.com.tr\/de\/wp-json\/wp\/v2\/product\/3586","targetHints":{"allow":["GET"]}}],"collection":[{"href":"https:\/\/globalhotel.com.tr\/de\/wp-json\/wp\/v2\/product"}],"about":[{"href":"https:\/\/globalhotel.com.tr\/de\/wp-json\/wp\/v2\/types\/product"}],"replies":[{"embeddable":true,"href":"https:\/\/globalhotel.com.tr\/de\/wp-json\/wp\/v2\/comments?post=3586"}],"wp:featuredmedia":[{"embeddable":true,"href":"https:\/\/globalhotel.com.tr\/de\/wp-json\/wp\/v2\/media\/3587"}],"wp:attachment":[{"href":"https:\/\/globalhotel.com.tr\/de\/wp-json\/wp\/v2\/media?parent=3586"}],"wp:term":[{"taxonomy":"product_brand","embeddable":true,"href":"https:\/\/globalhotel.com.tr\/de\/wp-json\/wp\/v2\/product_brand?post=3586"},{"taxonomy":"product_cat","embeddable":true,"href":"https:\/\/globalhotel.com.tr\/de\/wp-json\/wp\/v2\/product_cat?post=3586"},{"taxonomy":"product_tag","embeddable":true,"href":"https:\/\/globalhotel.com.tr\/de\/wp-json\/wp\/v2\/product_tag?post=3586"}],"curies":[{"name":"wp","href":"https:\/\/api.w.org\/{rel}","templated":true}]}}